{"id":939,"date":"2025-02-06T19:16:21","date_gmt":"2025-02-06T16:16:21","guid":{"rendered":"https:\/\/junobjects.com\/?post_type=product&#038;p=939"},"modified":"2026-04-06T15:48:25","modified_gmt":"2026-04-06T12:48:25","slug":"garden-bandana","status":"publish","type":"product","link":"https:\/\/junobjects.com\/tr\/urun\/garden-bandana\/","title":{"rendered":"Garden Bandana"},"content":{"rendered":"<p>Makinede so\u011fuk suda ya da elde y\u0131kanabilir.<br \/>\n\u00c7abuk kurur. \u00dct\u00fcleme i\u00e7in uygundur.<\/p>","protected":false},"excerpt":{"rendered":"<p>60&#215;60 cm<br \/>\nDesenler elle \u00e7izilmi\u015f ve dijital olarak bas\u0131lm\u0131\u015ft\u0131r.<br \/>\n100% Pamuk, yumu\u015fak kuma\u015f<\/p>","protected":false},"featured_media":940,"template":"","meta":[],"product_brand":[],"product_cat":[37],"product_tag":[88,95,43,100,101,98,102,103,42,99],"class_list":{"0":"post-939","1":"product","2":"type-product","3":"status-publish","4":"has-post-thumbnail","6":"product_cat-bandanas","7":"product_tag-abstract-design","8":"product_tag-aksesuar","9":"product_tag-bandana","10":"product_tag-cicekli-bandana","11":"product_tag-fashion-bandana","12":"product_tag-organic-cotton-bandana","13":"product_tag-pamuklu-bandana","14":"product_tag-pamuklu-sal","15":"product_tag-scarf","16":"product_tag-winter-scarf","18":"first","19":"instock","20":"featured","21":"shipping-taxable","22":"purchasable","23":"product-type-simple"},"yoast_head":"<!-- This site is optimized with the Yoast SEO plugin v25.2 - https:\/\/yoast.com\/wordpress\/plugins\/seo\/ -->\n<title>Garden Bandana &#8212; Jun Objects<\/title>\n<meta name=\"robots\" content=\"index, follow, max-snippet:-1, max-image-preview:large, max-video-preview:-1\" \/>\n<link rel=\"canonical\" href=\"https:\/\/junobjects.com\/tr\/urun\/garden-bandana\/\" \/>\n<meta property=\"og:locale\" content=\"tr_TR\" \/>\n<meta property=\"og:type\" content=\"article\" \/>\n<meta property=\"og:title\" content=\"Garden Bandana &#8212; Jun Objects\" \/>\n<meta property=\"og:description\" content=\"60x60 cm Patterns are hand-drawn and digitally printed. 100% Cotton, soft fabric\" \/>\n<meta property=\"og:url\" content=\"https:\/\/junobjects.com\/tr\/urun\/garden-bandana\/\" \/>\n<meta property=\"og:site_name\" content=\"Jun Objects\" \/>\n<meta property=\"article:modified_time\" content=\"2026-04-06T12:48:25+00:00\" \/>\n<meta property=\"og:image\" content=\"https:\/\/junobjects.com\/wp-content\/uploads\/2025\/02\/Gardden7.jpg\" \/>\n\t<meta property=\"og:image:width\" content=\"1250\" \/>\n\t<meta property=\"og:image:height\" content=\"1500\" \/>\n\t<meta property=\"og:image:type\" content=\"image\/jpeg\" \/>\n<meta name=\"twitter:card\" content=\"summary_large_image\" \/>\n<script type=\"application\/ld+json\" class=\"yoast-schema-graph\">{\"@context\":\"https:\/\/schema.org\",\"@graph\":[{\"@type\":[\"WebPage\",\"ItemPage\"],\"@id\":\"https:\/\/junobjects.com\/tr\/urun\/garden-bandana\/\",\"url\":\"https:\/\/junobjects.com\/tr\/urun\/garden-bandana\/\",\"name\":\"Garden Bandana &#8212; Jun Objects\",\"isPartOf\":{\"@id\":\"https:\/\/junobjects.com\/tr\/#website\"},\"primaryImageOfPage\":{\"@id\":\"https:\/\/junobjects.com\/tr\/urun\/garden-bandana\/#primaryimage\"},\"image\":{\"@id\":\"https:\/\/junobjects.com\/tr\/urun\/garden-bandana\/#primaryimage\"},\"thumbnailUrl\":\"https:\/\/junobjects.com\/wp-content\/uploads\/2025\/02\/Gardden7.jpg\",\"datePublished\":\"2025-02-06T16:16:21+00:00\",\"dateModified\":\"2026-04-06T12:48:25+00:00\",\"breadcrumb\":{\"@id\":\"https:\/\/junobjects.com\/tr\/urun\/garden-bandana\/#breadcrumb\"},\"inLanguage\":\"tr\",\"potentialAction\":[{\"@type\":\"ReadAction\",\"target\":[\"https:\/\/junobjects.com\/tr\/urun\/garden-bandana\/\"]}]},{\"@type\":\"ImageObject\",\"inLanguage\":\"tr\",\"@id\":\"https:\/\/junobjects.com\/tr\/urun\/garden-bandana\/#primaryimage\",\"url\":\"https:\/\/junobjects.com\/wp-content\/uploads\/2025\/02\/Gardden7.jpg\",\"contentUrl\":\"https:\/\/junobjects.com\/wp-content\/uploads\/2025\/02\/Gardden7.jpg\",\"width\":1250,\"height\":1500},{\"@type\":\"BreadcrumbList\",\"@id\":\"https:\/\/junobjects.com\/tr\/urun\/garden-bandana\/#breadcrumb\",\"itemListElement\":[{\"@type\":\"ListItem\",\"position\":1,\"name\":\"Home\",\"item\":\"https:\/\/junobjects.com\/\"},{\"@type\":\"ListItem\",\"position\":2,\"name\":\"Shop\",\"item\":\"https:\/\/junobjects.com\/\"},{\"@type\":\"ListItem\",\"position\":3,\"name\":\"Garden Bandana\"}]},{\"@type\":\"WebSite\",\"@id\":\"https:\/\/junobjects.com\/tr\/#website\",\"url\":\"https:\/\/junobjects.com\/tr\/\",\"name\":\"Jun Objects \u2014 Tufting, Rugs and Artworks\",\"description\":\"\",\"publisher\":{\"@id\":\"https:\/\/junobjects.com\/tr\/#organization\"},\"potentialAction\":[{\"@type\":\"SearchAction\",\"target\":{\"@type\":\"EntryPoint\",\"urlTemplate\":\"https:\/\/junobjects.com\/tr\/?s={search_term_string}\"},\"query-input\":{\"@type\":\"PropertyValueSpecification\",\"valueRequired\":true,\"valueName\":\"search_term_string\"}}],\"inLanguage\":\"tr\"},{\"@type\":\"Organization\",\"@id\":\"https:\/\/junobjects.com\/tr\/#organization\",\"name\":\"Jun Objects \u2014 Tufting, Rugs and Artworks\",\"url\":\"https:\/\/junobjects.com\/tr\/\",\"logo\":{\"@type\":\"ImageObject\",\"inLanguage\":\"tr\",\"@id\":\"https:\/\/junobjects.com\/tr\/#\/schema\/logo\/image\/\",\"url\":\"https:\/\/junobjects.com\/wp-content\/uploads\/2023\/08\/Juno-logo-4.jpg\",\"contentUrl\":\"https:\/\/junobjects.com\/wp-content\/uploads\/2023\/08\/Juno-logo-4.jpg\",\"width\":1080,\"height\":1080,\"caption\":\"Jun Objects \u2014 Tufting, Rugs and Artworks\"},\"image\":{\"@id\":\"https:\/\/junobjects.com\/tr\/#\/schema\/logo\/image\/\"},\"sameAs\":[\"https:\/\/www.instagram.com\/junobjects\/\"]}]}<\/script>\n<!-- \/ Yoast SEO plugin. -->","yoast_head_json":{"title":"Garden Bandana &#8212; Jun Objects","robots":{"index":"index","follow":"follow","max-snippet":"max-snippet:-1","max-image-preview":"max-image-preview:large","max-video-preview":"max-video-preview:-1"},"canonical":"https:\/\/junobjects.com\/tr\/urun\/garden-bandana\/","og_locale":"tr_TR","og_type":"article","og_title":"Garden Bandana &#8212; Jun Objects","og_description":"60x60 cm Patterns are hand-drawn and digitally printed. 100% Cotton, soft fabric","og_url":"https:\/\/junobjects.com\/tr\/urun\/garden-bandana\/","og_site_name":"Jun Objects","article_modified_time":"2026-04-06T12:48:25+00:00","og_image":[{"width":1250,"height":1500,"url":"https:\/\/junobjects.com\/wp-content\/uploads\/2025\/02\/Gardden7.jpg","type":"image\/jpeg"}],"twitter_card":"summary_large_image","schema":{"@context":"https:\/\/schema.org","@graph":[{"@type":["WebPage","ItemPage"],"@id":"https:\/\/junobjects.com\/tr\/urun\/garden-bandana\/","url":"https:\/\/junobjects.com\/tr\/urun\/garden-bandana\/","name":"Garden Bandana &#8212; Jun Objects","isPartOf":{"@id":"https:\/\/junobjects.com\/tr\/#website"},"primaryImageOfPage":{"@id":"https:\/\/junobjects.com\/tr\/urun\/garden-bandana\/#primaryimage"},"image":{"@id":"https:\/\/junobjects.com\/tr\/urun\/garden-bandana\/#primaryimage"},"thumbnailUrl":"https:\/\/junobjects.com\/wp-content\/uploads\/2025\/02\/Gardden7.jpg","datePublished":"2025-02-06T16:16:21+00:00","dateModified":"2026-04-06T12:48:25+00:00","breadcrumb":{"@id":"https:\/\/junobjects.com\/tr\/urun\/garden-bandana\/#breadcrumb"},"inLanguage":"tr","potentialAction":[{"@type":"ReadAction","target":["https:\/\/junobjects.com\/tr\/urun\/garden-bandana\/"]}]},{"@type":"ImageObject","inLanguage":"tr","@id":"https:\/\/junobjects.com\/tr\/urun\/garden-bandana\/#primaryimage","url":"https:\/\/junobjects.com\/wp-content\/uploads\/2025\/02\/Gardden7.jpg","contentUrl":"https:\/\/junobjects.com\/wp-content\/uploads\/2025\/02\/Gardden7.jpg","width":1250,"height":1500},{"@type":"BreadcrumbList","@id":"https:\/\/junobjects.com\/tr\/urun\/garden-bandana\/#breadcrumb","itemListElement":[{"@type":"ListItem","position":1,"name":"Home","item":"https:\/\/junobjects.com\/"},{"@type":"ListItem","position":2,"name":"Shop","item":"https:\/\/junobjects.com\/"},{"@type":"ListItem","position":3,"name":"Garden Bandana"}]},{"@type":"WebSite","@id":"https:\/\/junobjects.com\/tr\/#website","url":"https:\/\/junobjects.com\/tr\/","name":"Jun Objects \u2014 Tufting, Rugs and Artworks","description":"","publisher":{"@id":"https:\/\/junobjects.com\/tr\/#organization"},"potentialAction":[{"@type":"SearchAction","target":{"@type":"EntryPoint","urlTemplate":"https:\/\/junobjects.com\/tr\/?s={search_term_string}"},"query-input":{"@type":"PropertyValueSpecification","valueRequired":true,"valueName":"search_term_string"}}],"inLanguage":"tr"},{"@type":"Organization","@id":"https:\/\/junobjects.com\/tr\/#organization","name":"Jun Objects \u2014 Tufting, Rugs and Artworks","url":"https:\/\/junobjects.com\/tr\/","logo":{"@type":"ImageObject","inLanguage":"tr","@id":"https:\/\/junobjects.com\/tr\/#\/schema\/logo\/image\/","url":"https:\/\/junobjects.com\/wp-content\/uploads\/2023\/08\/Juno-logo-4.jpg","contentUrl":"https:\/\/junobjects.com\/wp-content\/uploads\/2023\/08\/Juno-logo-4.jpg","width":1080,"height":1080,"caption":"Jun Objects \u2014 Tufting, Rugs and Artworks"},"image":{"@id":"https:\/\/junobjects.com\/tr\/#\/schema\/logo\/image\/"},"sameAs":["https:\/\/www.instagram.com\/junobjects\/"]}]}},"_links":{"self":[{"href":"https:\/\/junobjects.com\/tr\/wp-json\/wp\/v2\/product\/939","targetHints":{"allow":["GET"]}}],"collection":[{"href":"https:\/\/junobjects.com\/tr\/wp-json\/wp\/v2\/product"}],"about":[{"href":"https:\/\/junobjects.com\/tr\/wp-json\/wp\/v2\/types\/product"}],"wp:featuredmedia":[{"embeddable":true,"href":"https:\/\/junobjects.com\/tr\/wp-json\/wp\/v2\/media\/940"}],"wp:attachment":[{"href":"https:\/\/junobjects.com\/tr\/wp-json\/wp\/v2\/media?parent=939"}],"wp:term":[{"taxonomy":"product_brand","embeddable":true,"href":"https:\/\/junobjects.com\/tr\/wp-json\/wp\/v2\/product_brand?post=939"},{"taxonomy":"product_cat","embeddable":true,"href":"https:\/\/junobjects.com\/tr\/wp-json\/wp\/v2\/product_cat?post=939"},{"taxonomy":"product_tag","embeddable":true,"href":"https:\/\/junobjects.com\/tr\/wp-json\/wp\/v2\/product_tag?post=939"}],"curies":[{"name":"wp","href":"https:\/\/api.w.org\/{rel}","templated":true}]}}