{"id":912,"date":"2025-02-06T16:10:59","date_gmt":"2025-02-06T13:10:59","guid":{"rendered":"https:\/\/junobjects.com\/?post_type=product&#038;p=912"},"modified":"2026-03-01T14:24:34","modified_gmt":"2026-03-01T11:24:34","slug":"petunia-handtufted-tapestry","status":"publish","type":"product","link":"https:\/\/junobjects.com\/tr\/urun\/petunia-handtufted-tapestry\/","title":{"rendered":"Petunia Handtufted Duvar Hal\u0131s\u0131"},"content":{"rendered":"<p class=\"_Shop_Small\">Makinede y\u0131kama \u00f6nerilmez.<br \/>\nEl yap\u0131m\u0131 \u00fcr\u00fcnd\u00fcr, dikkatli kullan\u0131lmas\u0131 \u00f6nerilir.<br \/>\nD\u00fc\u015f\u00fck Watt'ta s\u00fcp\u00fcr\u00fcn ve nemli bir bezle temizleyin.<br \/>\nSert kimyasallar kullanmay\u0131n\u0131z ve ipleri \u00e7eki\u015ftirmeyiniz.<\/p>","protected":false},"excerpt":{"rendered":"<p class=\"_Shop_Small\">El Yap\u0131m\u0131 - 1 Adet<br \/>\n100 Akrilik ve Y\u00fcn \u0130plikler<br \/>\nRenkler: 6 (Pembe, Krem, Kahverengi, Siyah, Koyu Ye\u015fil, Deniz Ye\u015fili)<br \/>\nUzunluk: 46 cm<br \/>\nGeni\u015flik: 45 cm<\/p>\n<p>Arkas\u0131ndaki \u00f6zel asma aksesuar\u0131 sayesinde, duvar hal\u0131s\u0131 olarak veya yer hal\u0131s\u0131 olarak kullanabilirsiniz.<\/p>","protected":false},"featured_media":904,"template":"","meta":[],"product_brand":[],"product_cat":[184,20],"product_tag":[59,68,63,65,75,74,58,30,31,57,60,61,29,66,69,67],"class_list":{"0":"post-912","1":"product","2":"type-product","3":"status-publish","4":"has-post-thumbnail","6":"product_cat-gift-guide","7":"product_cat-rugs","8":"product_tag-carpet","9":"product_tag-dekor","10":"product_tag-floor-mat","11":"product_tag-floor-rug","12":"product_tag-floral-rug","13":"product_tag-flower-rug","14":"product_tag-hali","15":"product_tag-handmade","16":"product_tag-handtufted","17":"product_tag-kilim","18":"product_tag-paspas","19":"product_tag-rug","20":"product_tag-rugs","21":"product_tag-tapestry","22":"product_tag-textile-wall-art","23":"product_tag-wall-art","24":"product_shipping_class-ship-rugs","26":"first","27":"instock","28":"shipping-taxable","29":"purchasable","30":"product-type-simple"},"yoast_head":"<!-- This site is optimized with the Yoast SEO plugin v25.2 - https:\/\/yoast.com\/wordpress\/plugins\/seo\/ -->\n<title>Petunia Handtufted Tapestry &#8212; Jun Objects<\/title>\n<meta name=\"robots\" content=\"index, follow, max-snippet:-1, max-image-preview:large, max-video-preview:-1\" \/>\n<link rel=\"canonical\" href=\"https:\/\/junobjects.com\/tr\/urun\/petunia-handtufted-tapestry\/\" \/>\n<meta property=\"og:locale\" content=\"tr_TR\" \/>\n<meta property=\"og:type\" content=\"article\" \/>\n<meta property=\"og:title\" content=\"Petunia Handtufted Tapestry &#8212; Jun Objects\" \/>\n<meta property=\"og:description\" content=\"Handmade - 1 Piece %100 Acrylic and %100 Wool Yarns Colors: 6 (Cotton Pink, Cream, Brown, Black, Dark Green, Sea Green) Length : 46 cm \/ 18 inch Width : 45 cm \/ 17,7 inch Equipped with a special hanging accessory on the back, making it easy to display as wall art or use as a floor rug.\" \/>\n<meta property=\"og:url\" content=\"https:\/\/junobjects.com\/tr\/urun\/petunia-handtufted-tapestry\/\" \/>\n<meta property=\"og:site_name\" content=\"Jun Objects\" \/>\n<meta property=\"article:modified_time\" content=\"2026-03-01T11:24:34+00:00\" \/>\n<meta property=\"og:image\" content=\"https:\/\/junobjects.com\/wp-content\/uploads\/2023\/08\/PETUNIA.jpg\" \/>\n\t<meta property=\"og:image:width\" content=\"1250\" \/>\n\t<meta property=\"og:image:height\" content=\"1500\" \/>\n\t<meta property=\"og:image:type\" content=\"image\/jpeg\" \/>\n<meta name=\"twitter:card\" content=\"summary_large_image\" \/>\n<script type=\"application\/ld+json\" class=\"yoast-schema-graph\">{\"@context\":\"https:\/\/schema.org\",\"@graph\":[{\"@type\":[\"WebPage\",\"ItemPage\"],\"@id\":\"https:\/\/junobjects.com\/tr\/urun\/petunia-handtufted-tapestry\/\",\"url\":\"https:\/\/junobjects.com\/tr\/urun\/petunia-handtufted-tapestry\/\",\"name\":\"Petunia Handtufted Tapestry &#8212; Jun Objects\",\"isPartOf\":{\"@id\":\"https:\/\/junobjects.com\/tr\/#website\"},\"primaryImageOfPage\":{\"@id\":\"https:\/\/junobjects.com\/tr\/urun\/petunia-handtufted-tapestry\/#primaryimage\"},\"image\":{\"@id\":\"https:\/\/junobjects.com\/tr\/urun\/petunia-handtufted-tapestry\/#primaryimage\"},\"thumbnailUrl\":\"https:\/\/junobjects.com\/wp-content\/uploads\/2023\/08\/PETUNIA.jpg\",\"datePublished\":\"2025-02-06T13:10:59+00:00\",\"dateModified\":\"2026-03-01T11:24:34+00:00\",\"breadcrumb\":{\"@id\":\"https:\/\/junobjects.com\/tr\/urun\/petunia-handtufted-tapestry\/#breadcrumb\"},\"inLanguage\":\"tr\",\"potentialAction\":[{\"@type\":\"ReadAction\",\"target\":[\"https:\/\/junobjects.com\/tr\/urun\/petunia-handtufted-tapestry\/\"]}]},{\"@type\":\"ImageObject\",\"inLanguage\":\"tr\",\"@id\":\"https:\/\/junobjects.com\/tr\/urun\/petunia-handtufted-tapestry\/#primaryimage\",\"url\":\"https:\/\/junobjects.com\/wp-content\/uploads\/2023\/08\/PETUNIA.jpg\",\"contentUrl\":\"https:\/\/junobjects.com\/wp-content\/uploads\/2023\/08\/PETUNIA.jpg\",\"width\":1250,\"height\":1500},{\"@type\":\"BreadcrumbList\",\"@id\":\"https:\/\/junobjects.com\/tr\/urun\/petunia-handtufted-tapestry\/#breadcrumb\",\"itemListElement\":[{\"@type\":\"ListItem\",\"position\":1,\"name\":\"Home\",\"item\":\"https:\/\/junobjects.com\/\"},{\"@type\":\"ListItem\",\"position\":2,\"name\":\"Shop\",\"item\":\"https:\/\/junobjects.com\/\"},{\"@type\":\"ListItem\",\"position\":3,\"name\":\"Petunia Handtufted Tapestry\"}]},{\"@type\":\"WebSite\",\"@id\":\"https:\/\/junobjects.com\/tr\/#website\",\"url\":\"https:\/\/junobjects.com\/tr\/\",\"name\":\"Jun Objects \u2014 Tufting, Rugs and Artworks\",\"description\":\"\",\"publisher\":{\"@id\":\"https:\/\/junobjects.com\/tr\/#organization\"},\"potentialAction\":[{\"@type\":\"SearchAction\",\"target\":{\"@type\":\"EntryPoint\",\"urlTemplate\":\"https:\/\/junobjects.com\/tr\/?s={search_term_string}\"},\"query-input\":{\"@type\":\"PropertyValueSpecification\",\"valueRequired\":true,\"valueName\":\"search_term_string\"}}],\"inLanguage\":\"tr\"},{\"@type\":\"Organization\",\"@id\":\"https:\/\/junobjects.com\/tr\/#organization\",\"name\":\"Jun Objects \u2014 Tufting, Rugs and Artworks\",\"url\":\"https:\/\/junobjects.com\/tr\/\",\"logo\":{\"@type\":\"ImageObject\",\"inLanguage\":\"tr\",\"@id\":\"https:\/\/junobjects.com\/tr\/#\/schema\/logo\/image\/\",\"url\":\"https:\/\/junobjects.com\/wp-content\/uploads\/2023\/08\/Juno-logo-4.jpg\",\"contentUrl\":\"https:\/\/junobjects.com\/wp-content\/uploads\/2023\/08\/Juno-logo-4.jpg\",\"width\":1080,\"height\":1080,\"caption\":\"Jun Objects \u2014 Tufting, Rugs and Artworks\"},\"image\":{\"@id\":\"https:\/\/junobjects.com\/tr\/#\/schema\/logo\/image\/\"},\"sameAs\":[\"https:\/\/www.instagram.com\/junobjects\/\"]}]}<\/script>\n<!-- \/ Yoast SEO plugin. -->","yoast_head_json":{"title":"Petunia Handtufted Tapestry &#8212; Jun Objects","robots":{"index":"index","follow":"follow","max-snippet":"max-snippet:-1","max-image-preview":"max-image-preview:large","max-video-preview":"max-video-preview:-1"},"canonical":"https:\/\/junobjects.com\/tr\/urun\/petunia-handtufted-tapestry\/","og_locale":"tr_TR","og_type":"article","og_title":"Petunia Handtufted Tapestry &#8212; Jun Objects","og_description":"Handmade - 1 Piece %100 Acrylic and %100 Wool Yarns Colors: 6 (Cotton Pink, Cream, Brown, Black, Dark Green, Sea Green) Length : 46 cm \/ 18 inch Width : 45 cm \/ 17,7 inch Equipped with a special hanging accessory on the back, making it easy to display as wall art or use as a floor rug.","og_url":"https:\/\/junobjects.com\/tr\/urun\/petunia-handtufted-tapestry\/","og_site_name":"Jun Objects","article_modified_time":"2026-03-01T11:24:34+00:00","og_image":[{"width":1250,"height":1500,"url":"https:\/\/junobjects.com\/wp-content\/uploads\/2023\/08\/PETUNIA.jpg","type":"image\/jpeg"}],"twitter_card":"summary_large_image","schema":{"@context":"https:\/\/schema.org","@graph":[{"@type":["WebPage","ItemPage"],"@id":"https:\/\/junobjects.com\/tr\/urun\/petunia-handtufted-tapestry\/","url":"https:\/\/junobjects.com\/tr\/urun\/petunia-handtufted-tapestry\/","name":"Petunia Handtufted Tapestry &#8212; Jun Objects","isPartOf":{"@id":"https:\/\/junobjects.com\/tr\/#website"},"primaryImageOfPage":{"@id":"https:\/\/junobjects.com\/tr\/urun\/petunia-handtufted-tapestry\/#primaryimage"},"image":{"@id":"https:\/\/junobjects.com\/tr\/urun\/petunia-handtufted-tapestry\/#primaryimage"},"thumbnailUrl":"https:\/\/junobjects.com\/wp-content\/uploads\/2023\/08\/PETUNIA.jpg","datePublished":"2025-02-06T13:10:59+00:00","dateModified":"2026-03-01T11:24:34+00:00","breadcrumb":{"@id":"https:\/\/junobjects.com\/tr\/urun\/petunia-handtufted-tapestry\/#breadcrumb"},"inLanguage":"tr","potentialAction":[{"@type":"ReadAction","target":["https:\/\/junobjects.com\/tr\/urun\/petunia-handtufted-tapestry\/"]}]},{"@type":"ImageObject","inLanguage":"tr","@id":"https:\/\/junobjects.com\/tr\/urun\/petunia-handtufted-tapestry\/#primaryimage","url":"https:\/\/junobjects.com\/wp-content\/uploads\/2023\/08\/PETUNIA.jpg","contentUrl":"https:\/\/junobjects.com\/wp-content\/uploads\/2023\/08\/PETUNIA.jpg","width":1250,"height":1500},{"@type":"BreadcrumbList","@id":"https:\/\/junobjects.com\/tr\/urun\/petunia-handtufted-tapestry\/#breadcrumb","itemListElement":[{"@type":"ListItem","position":1,"name":"Home","item":"https:\/\/junobjects.com\/"},{"@type":"ListItem","position":2,"name":"Shop","item":"https:\/\/junobjects.com\/"},{"@type":"ListItem","position":3,"name":"Petunia Handtufted Tapestry"}]},{"@type":"WebSite","@id":"https:\/\/junobjects.com\/tr\/#website","url":"https:\/\/junobjects.com\/tr\/","name":"Jun Objects \u2014 Tufting, Rugs and Artworks","description":"","publisher":{"@id":"https:\/\/junobjects.com\/tr\/#organization"},"potentialAction":[{"@type":"SearchAction","target":{"@type":"EntryPoint","urlTemplate":"https:\/\/junobjects.com\/tr\/?s={search_term_string}"},"query-input":{"@type":"PropertyValueSpecification","valueRequired":true,"valueName":"search_term_string"}}],"inLanguage":"tr"},{"@type":"Organization","@id":"https:\/\/junobjects.com\/tr\/#organization","name":"Jun Objects \u2014 Tufting, Rugs and Artworks","url":"https:\/\/junobjects.com\/tr\/","logo":{"@type":"ImageObject","inLanguage":"tr","@id":"https:\/\/junobjects.com\/tr\/#\/schema\/logo\/image\/","url":"https:\/\/junobjects.com\/wp-content\/uploads\/2023\/08\/Juno-logo-4.jpg","contentUrl":"https:\/\/junobjects.com\/wp-content\/uploads\/2023\/08\/Juno-logo-4.jpg","width":1080,"height":1080,"caption":"Jun Objects \u2014 Tufting, Rugs and Artworks"},"image":{"@id":"https:\/\/junobjects.com\/tr\/#\/schema\/logo\/image\/"},"sameAs":["https:\/\/www.instagram.com\/junobjects\/"]}]}},"_links":{"self":[{"href":"https:\/\/junobjects.com\/tr\/wp-json\/wp\/v2\/product\/912","targetHints":{"allow":["GET"]}}],"collection":[{"href":"https:\/\/junobjects.com\/tr\/wp-json\/wp\/v2\/product"}],"about":[{"href":"https:\/\/junobjects.com\/tr\/wp-json\/wp\/v2\/types\/product"}],"wp:featuredmedia":[{"embeddable":true,"href":"https:\/\/junobjects.com\/tr\/wp-json\/wp\/v2\/media\/904"}],"wp:attachment":[{"href":"https:\/\/junobjects.com\/tr\/wp-json\/wp\/v2\/media?parent=912"}],"wp:term":[{"taxonomy":"product_brand","embeddable":true,"href":"https:\/\/junobjects.com\/tr\/wp-json\/wp\/v2\/product_brand?post=912"},{"taxonomy":"product_cat","embeddable":true,"href":"https:\/\/junobjects.com\/tr\/wp-json\/wp\/v2\/product_cat?post=912"},{"taxonomy":"product_tag","embeddable":true,"href":"https:\/\/junobjects.com\/tr\/wp-json\/wp\/v2\/product_tag?post=912"}],"curies":[{"name":"wp","href":"https:\/\/api.w.org\/{rel}","templated":true}]}}