{"id":777,"date":"2024-06-09T15:44:16","date_gmt":"2024-06-09T12:44:16","guid":{"rendered":"https:\/\/junobjects.com\/product\/mandarin-pareo-sal-copy\/"},"modified":"2026-04-06T15:48:42","modified_gmt":"2026-04-06T12:48:42","slug":"mandarin-scarf-pareo","status":"publish","type":"product","link":"https:\/\/junobjects.com\/tr\/urun\/mandarin-scarf-pareo\/","title":{"rendered":"Mandarin Bandana (Large)"},"content":{"rendered":"<p class=\"_Shop_Small\">Makinede so\u011fuk suda ya da elde y\u0131kanabilir.<br \/>\n\u00c7abuk kurur. \u00dct\u00fcleme i\u00e7in uygundur.<\/p>","protected":false},"excerpt":{"rendered":"<p class=\"_Shop_Small\">140x140 cm<br \/>\nDesenler elle \u00e7izilmi\u015f ve dijital olarak bas\u0131lm\u0131\u015ft\u0131r.<br \/>\n100% Pamuk, yumu\u015fak kuma\u015f<\/p>","protected":false},"featured_media":956,"template":"","meta":[],"product_brand":[],"product_cat":[37,184],"product_tag":[45,95,43,97,93,94,92,96,53,52,42,44,91,54],"class_list":{"0":"post-777","1":"product","2":"type-product","3":"status-publish","4":"has-post-thumbnail","6":"product_cat-bandanas","7":"product_cat-gift-guide","8":"product_tag-accessory","9":"product_tag-aksesuar","10":"product_tag-bandana","11":"product_tag-cicekli-sal","12":"product_tag-cotton-bandana","13":"product_tag-cotton-pareo","14":"product_tag-cotton-scarf","15":"product_tag-floral-pareo","16":"product_tag-pareo","17":"product_tag-sal","18":"product_tag-scarf","19":"product_tag-silk","20":"product_tag-tekstil","21":"product_tag-yaz","23":"first","24":"instock","25":"featured","26":"shipping-taxable","27":"purchasable","28":"product-type-simple"},"yoast_head":"<!-- This site is optimized with the Yoast SEO plugin v25.2 - https:\/\/yoast.com\/wordpress\/plugins\/seo\/ -->\n<title>Mandarin Bandana (Large) &#8212; Jun Objects<\/title>\n<meta name=\"robots\" content=\"index, follow, max-snippet:-1, max-image-preview:large, max-video-preview:-1\" \/>\n<link rel=\"canonical\" href=\"https:\/\/junobjects.com\/tr\/urun\/mandarin-scarf-pareo\/\" \/>\n<meta property=\"og:locale\" content=\"tr_TR\" \/>\n<meta property=\"og:type\" content=\"article\" \/>\n<meta property=\"og:title\" content=\"Mandarin Bandana (Large) &#8212; Jun Objects\" \/>\n<meta property=\"og:description\" content=\"140x140 cm Patterns are hand-drawn and digitally printed. 100% Cotton, soft fabric.\" \/>\n<meta property=\"og:url\" content=\"https:\/\/junobjects.com\/tr\/urun\/mandarin-scarf-pareo\/\" \/>\n<meta property=\"og:site_name\" content=\"Jun Objects\" \/>\n<meta property=\"article:modified_time\" content=\"2026-04-06T12:48:42+00:00\" \/>\n<meta property=\"og:image\" content=\"https:\/\/junobjects.com\/wp-content\/uploads\/2024\/06\/web-images-fular-25.jpg\" \/>\n\t<meta property=\"og:image:width\" content=\"1250\" \/>\n\t<meta property=\"og:image:height\" content=\"1500\" \/>\n\t<meta property=\"og:image:type\" content=\"image\/jpeg\" \/>\n<meta name=\"twitter:card\" content=\"summary_large_image\" \/>\n<script type=\"application\/ld+json\" class=\"yoast-schema-graph\">{\"@context\":\"https:\/\/schema.org\",\"@graph\":[{\"@type\":[\"WebPage\",\"ItemPage\"],\"@id\":\"https:\/\/junobjects.com\/tr\/urun\/mandarin-scarf-pareo\/\",\"url\":\"https:\/\/junobjects.com\/tr\/urun\/mandarin-scarf-pareo\/\",\"name\":\"Mandarin Bandana (Large) &#8212; Jun Objects\",\"isPartOf\":{\"@id\":\"https:\/\/junobjects.com\/tr\/#website\"},\"primaryImageOfPage\":{\"@id\":\"https:\/\/junobjects.com\/tr\/urun\/mandarin-scarf-pareo\/#primaryimage\"},\"image\":{\"@id\":\"https:\/\/junobjects.com\/tr\/urun\/mandarin-scarf-pareo\/#primaryimage\"},\"thumbnailUrl\":\"https:\/\/junobjects.com\/wp-content\/uploads\/2024\/06\/web-images-fular-25.jpg\",\"datePublished\":\"2024-06-09T12:44:16+00:00\",\"dateModified\":\"2026-04-06T12:48:42+00:00\",\"breadcrumb\":{\"@id\":\"https:\/\/junobjects.com\/tr\/urun\/mandarin-scarf-pareo\/#breadcrumb\"},\"inLanguage\":\"tr\",\"potentialAction\":[{\"@type\":\"ReadAction\",\"target\":[\"https:\/\/junobjects.com\/tr\/urun\/mandarin-scarf-pareo\/\"]}]},{\"@type\":\"ImageObject\",\"inLanguage\":\"tr\",\"@id\":\"https:\/\/junobjects.com\/tr\/urun\/mandarin-scarf-pareo\/#primaryimage\",\"url\":\"https:\/\/junobjects.com\/wp-content\/uploads\/2024\/06\/web-images-fular-25.jpg\",\"contentUrl\":\"https:\/\/junobjects.com\/wp-content\/uploads\/2024\/06\/web-images-fular-25.jpg\",\"width\":1250,\"height\":1500},{\"@type\":\"BreadcrumbList\",\"@id\":\"https:\/\/junobjects.com\/tr\/urun\/mandarin-scarf-pareo\/#breadcrumb\",\"itemListElement\":[{\"@type\":\"ListItem\",\"position\":1,\"name\":\"Home\",\"item\":\"https:\/\/junobjects.com\/\"},{\"@type\":\"ListItem\",\"position\":2,\"name\":\"Shop\",\"item\":\"https:\/\/junobjects.com\/\"},{\"@type\":\"ListItem\",\"position\":3,\"name\":\"Mandarin Bandana (Large)\"}]},{\"@type\":\"WebSite\",\"@id\":\"https:\/\/junobjects.com\/tr\/#website\",\"url\":\"https:\/\/junobjects.com\/tr\/\",\"name\":\"Jun Objects \u2014 Tufting, Rugs and Artworks\",\"description\":\"\",\"publisher\":{\"@id\":\"https:\/\/junobjects.com\/tr\/#organization\"},\"potentialAction\":[{\"@type\":\"SearchAction\",\"target\":{\"@type\":\"EntryPoint\",\"urlTemplate\":\"https:\/\/junobjects.com\/tr\/?s={search_term_string}\"},\"query-input\":{\"@type\":\"PropertyValueSpecification\",\"valueRequired\":true,\"valueName\":\"search_term_string\"}}],\"inLanguage\":\"tr\"},{\"@type\":\"Organization\",\"@id\":\"https:\/\/junobjects.com\/tr\/#organization\",\"name\":\"Jun Objects \u2014 Tufting, Rugs and Artworks\",\"url\":\"https:\/\/junobjects.com\/tr\/\",\"logo\":{\"@type\":\"ImageObject\",\"inLanguage\":\"tr\",\"@id\":\"https:\/\/junobjects.com\/tr\/#\/schema\/logo\/image\/\",\"url\":\"https:\/\/junobjects.com\/wp-content\/uploads\/2023\/08\/Juno-logo-4.jpg\",\"contentUrl\":\"https:\/\/junobjects.com\/wp-content\/uploads\/2023\/08\/Juno-logo-4.jpg\",\"width\":1080,\"height\":1080,\"caption\":\"Jun Objects \u2014 Tufting, Rugs and Artworks\"},\"image\":{\"@id\":\"https:\/\/junobjects.com\/tr\/#\/schema\/logo\/image\/\"},\"sameAs\":[\"https:\/\/www.instagram.com\/junobjects\/\"]}]}<\/script>\n<!-- \/ Yoast SEO plugin. -->","yoast_head_json":{"title":"Mandarin Bandana (Large) &#8212; Jun Objects","robots":{"index":"index","follow":"follow","max-snippet":"max-snippet:-1","max-image-preview":"max-image-preview:large","max-video-preview":"max-video-preview:-1"},"canonical":"https:\/\/junobjects.com\/tr\/urun\/mandarin-scarf-pareo\/","og_locale":"tr_TR","og_type":"article","og_title":"Mandarin Bandana (Large) &#8212; Jun Objects","og_description":"140x140 cm Patterns are hand-drawn and digitally printed. 100% Cotton, soft fabric.","og_url":"https:\/\/junobjects.com\/tr\/urun\/mandarin-scarf-pareo\/","og_site_name":"Jun Objects","article_modified_time":"2026-04-06T12:48:42+00:00","og_image":[{"width":1250,"height":1500,"url":"https:\/\/junobjects.com\/wp-content\/uploads\/2024\/06\/web-images-fular-25.jpg","type":"image\/jpeg"}],"twitter_card":"summary_large_image","schema":{"@context":"https:\/\/schema.org","@graph":[{"@type":["WebPage","ItemPage"],"@id":"https:\/\/junobjects.com\/tr\/urun\/mandarin-scarf-pareo\/","url":"https:\/\/junobjects.com\/tr\/urun\/mandarin-scarf-pareo\/","name":"Mandarin Bandana (Large) &#8212; Jun Objects","isPartOf":{"@id":"https:\/\/junobjects.com\/tr\/#website"},"primaryImageOfPage":{"@id":"https:\/\/junobjects.com\/tr\/urun\/mandarin-scarf-pareo\/#primaryimage"},"image":{"@id":"https:\/\/junobjects.com\/tr\/urun\/mandarin-scarf-pareo\/#primaryimage"},"thumbnailUrl":"https:\/\/junobjects.com\/wp-content\/uploads\/2024\/06\/web-images-fular-25.jpg","datePublished":"2024-06-09T12:44:16+00:00","dateModified":"2026-04-06T12:48:42+00:00","breadcrumb":{"@id":"https:\/\/junobjects.com\/tr\/urun\/mandarin-scarf-pareo\/#breadcrumb"},"inLanguage":"tr","potentialAction":[{"@type":"ReadAction","target":["https:\/\/junobjects.com\/tr\/urun\/mandarin-scarf-pareo\/"]}]},{"@type":"ImageObject","inLanguage":"tr","@id":"https:\/\/junobjects.com\/tr\/urun\/mandarin-scarf-pareo\/#primaryimage","url":"https:\/\/junobjects.com\/wp-content\/uploads\/2024\/06\/web-images-fular-25.jpg","contentUrl":"https:\/\/junobjects.com\/wp-content\/uploads\/2024\/06\/web-images-fular-25.jpg","width":1250,"height":1500},{"@type":"BreadcrumbList","@id":"https:\/\/junobjects.com\/tr\/urun\/mandarin-scarf-pareo\/#breadcrumb","itemListElement":[{"@type":"ListItem","position":1,"name":"Home","item":"https:\/\/junobjects.com\/"},{"@type":"ListItem","position":2,"name":"Shop","item":"https:\/\/junobjects.com\/"},{"@type":"ListItem","position":3,"name":"Mandarin Bandana (Large)"}]},{"@type":"WebSite","@id":"https:\/\/junobjects.com\/tr\/#website","url":"https:\/\/junobjects.com\/tr\/","name":"Jun Objects \u2014 Tufting, Rugs and Artworks","description":"","publisher":{"@id":"https:\/\/junobjects.com\/tr\/#organization"},"potentialAction":[{"@type":"SearchAction","target":{"@type":"EntryPoint","urlTemplate":"https:\/\/junobjects.com\/tr\/?s={search_term_string}"},"query-input":{"@type":"PropertyValueSpecification","valueRequired":true,"valueName":"search_term_string"}}],"inLanguage":"tr"},{"@type":"Organization","@id":"https:\/\/junobjects.com\/tr\/#organization","name":"Jun Objects \u2014 Tufting, Rugs and Artworks","url":"https:\/\/junobjects.com\/tr\/","logo":{"@type":"ImageObject","inLanguage":"tr","@id":"https:\/\/junobjects.com\/tr\/#\/schema\/logo\/image\/","url":"https:\/\/junobjects.com\/wp-content\/uploads\/2023\/08\/Juno-logo-4.jpg","contentUrl":"https:\/\/junobjects.com\/wp-content\/uploads\/2023\/08\/Juno-logo-4.jpg","width":1080,"height":1080,"caption":"Jun Objects \u2014 Tufting, Rugs and Artworks"},"image":{"@id":"https:\/\/junobjects.com\/tr\/#\/schema\/logo\/image\/"},"sameAs":["https:\/\/www.instagram.com\/junobjects\/"]}]}},"_links":{"self":[{"href":"https:\/\/junobjects.com\/tr\/wp-json\/wp\/v2\/product\/777","targetHints":{"allow":["GET"]}}],"collection":[{"href":"https:\/\/junobjects.com\/tr\/wp-json\/wp\/v2\/product"}],"about":[{"href":"https:\/\/junobjects.com\/tr\/wp-json\/wp\/v2\/types\/product"}],"wp:featuredmedia":[{"embeddable":true,"href":"https:\/\/junobjects.com\/tr\/wp-json\/wp\/v2\/media\/956"}],"wp:attachment":[{"href":"https:\/\/junobjects.com\/tr\/wp-json\/wp\/v2\/media?parent=777"}],"wp:term":[{"taxonomy":"product_brand","embeddable":true,"href":"https:\/\/junobjects.com\/tr\/wp-json\/wp\/v2\/product_brand?post=777"},{"taxonomy":"product_cat","embeddable":true,"href":"https:\/\/junobjects.com\/tr\/wp-json\/wp\/v2\/product_cat?post=777"},{"taxonomy":"product_tag","embeddable":true,"href":"https:\/\/junobjects.com\/tr\/wp-json\/wp\/v2\/product_tag?post=777"}],"curies":[{"name":"wp","href":"https:\/\/api.w.org\/{rel}","templated":true}]}}