{"id":616,"date":"2023-11-15T17:48:45","date_gmt":"2023-11-15T17:48:45","guid":{"rendered":"https:\/\/junobjects.com\/product\/madness-painting-copy\/"},"modified":"2026-04-25T01:01:21","modified_gmt":"2026-04-24T22:01:21","slug":"daisy-painting","status":"publish","type":"product","link":"https:\/\/junobjects.com\/tr\/urun\/daisy-painting\/","title":{"rendered":"Daisy Original Painting"},"content":{"rendered":"<p class=\"_Shop_Small\">Tablolar balonlu naylon ile paketlenerek \u0130stanbul, T\u00fcrkiye'den g\u00f6nderilmektedir.<br \/>\nAl\u0131c\u0131, g\u00fcmr\u00fck \u00fccretleri ve di\u011fer yerel vergilerden sorumludur.<\/p>","protected":false},"excerpt":{"rendered":"<p class=\"_Shop_Small\">Tuval \u00fczeri akrilik boyama<br \/>\nSanat\u00e7\u0131 taraf\u0131ndan imzalanm\u0131\u015f<br \/>\n15x15 cm<\/p>","protected":false},"featured_media":617,"template":"","meta":[],"product_brand":[],"product_cat":[22,185],"product_tag":[81,78,82,79,85,76,84,83,77,80,67,86],"class_list":{"0":"post-616","1":"product","2":"type-product","3":"status-publish","4":"has-post-thumbnail","6":"product_cat-artworks","7":"product_cat-outlet","8":"product_tag-akrilik","9":"product_tag-akrilik-boyama","10":"product_tag-canvas","11":"product_tag-cerceve","12":"product_tag-drawing","13":"product_tag-floral-art","14":"product_tag-flower-illustration","15":"product_tag-oil-painting","16":"product_tag-painting","17":"product_tag-sanat","18":"product_tag-wall-art","19":"product_tag-wall-decor","20":"product_shipping_class-ship-small-painting","22":"first","23":"outofstock","24":"sale","25":"shipping-taxable","26":"purchasable","27":"product-type-simple"},"yoast_head":"<!-- This site is optimized with the Yoast SEO plugin v27.4 - https:\/\/yoast.com\/product\/yoast-seo-wordpress\/ -->\n<title>Daisy Original Painting &#8212; Jun Objects<\/title>\n<meta name=\"robots\" content=\"index, follow, max-snippet:-1, max-image-preview:large, max-video-preview:-1\" \/>\n<link rel=\"canonical\" href=\"https:\/\/junobjects.com\/tr\/urun\/daisy-painting\/\" \/>\n<meta property=\"og:locale\" content=\"tr_TR\" \/>\n<meta property=\"og:type\" content=\"article\" \/>\n<meta property=\"og:title\" content=\"Daisy Original Painting &#8212; Jun Objects\" \/>\n<meta property=\"og:description\" content=\"Acrylic painting on canvas Signed by artist Size: 15 cm x 15 cm\" \/>\n<meta property=\"og:url\" content=\"https:\/\/junobjects.com\/tr\/urun\/daisy-painting\/\" \/>\n<meta property=\"og:site_name\" content=\"Jun Objects\" \/>\n<meta property=\"article:modified_time\" content=\"2026-04-24T22:01:21+00:00\" \/>\n<meta property=\"og:image\" content=\"https:\/\/junobjects.com\/wp-content\/uploads\/2023\/11\/daisy.jpg\" \/>\n\t<meta property=\"og:image:width\" content=\"1250\" \/>\n\t<meta property=\"og:image:height\" content=\"1500\" \/>\n\t<meta property=\"og:image:type\" content=\"image\/jpeg\" \/>\n<meta name=\"twitter:card\" content=\"summary_large_image\" \/>\n<script type=\"application\/ld+json\" class=\"yoast-schema-graph\">{\"@context\":\"https:\\\/\\\/schema.org\",\"@graph\":[{\"@type\":[\"WebPage\",\"ItemPage\"],\"@id\":\"https:\\\/\\\/junobjects.com\\\/tr\\\/urun\\\/daisy-painting\\\/\",\"url\":\"https:\\\/\\\/junobjects.com\\\/tr\\\/urun\\\/daisy-painting\\\/\",\"name\":\"Daisy Original Painting &#8212; Jun Objects\",\"isPartOf\":{\"@id\":\"https:\\\/\\\/junobjects.com\\\/tr\\\/#website\"},\"primaryImageOfPage\":{\"@id\":\"https:\\\/\\\/junobjects.com\\\/tr\\\/urun\\\/daisy-painting\\\/#primaryimage\"},\"image\":{\"@id\":\"https:\\\/\\\/junobjects.com\\\/tr\\\/urun\\\/daisy-painting\\\/#primaryimage\"},\"thumbnailUrl\":\"https:\\\/\\\/junobjects.com\\\/wp-content\\\/uploads\\\/2023\\\/11\\\/daisy.jpg\",\"datePublished\":\"2023-11-15T17:48:45+00:00\",\"dateModified\":\"2026-04-24T22:01:21+00:00\",\"breadcrumb\":{\"@id\":\"https:\\\/\\\/junobjects.com\\\/tr\\\/urun\\\/daisy-painting\\\/#breadcrumb\"},\"inLanguage\":\"tr\",\"potentialAction\":[{\"@type\":\"ReadAction\",\"target\":[\"https:\\\/\\\/junobjects.com\\\/tr\\\/urun\\\/daisy-painting\\\/\"]}]},{\"@type\":\"ImageObject\",\"inLanguage\":\"tr\",\"@id\":\"https:\\\/\\\/junobjects.com\\\/tr\\\/urun\\\/daisy-painting\\\/#primaryimage\",\"url\":\"https:\\\/\\\/junobjects.com\\\/wp-content\\\/uploads\\\/2023\\\/11\\\/daisy.jpg\",\"contentUrl\":\"https:\\\/\\\/junobjects.com\\\/wp-content\\\/uploads\\\/2023\\\/11\\\/daisy.jpg\",\"width\":1250,\"height\":1500},{\"@type\":\"BreadcrumbList\",\"@id\":\"https:\\\/\\\/junobjects.com\\\/tr\\\/urun\\\/daisy-painting\\\/#breadcrumb\",\"itemListElement\":[{\"@type\":\"ListItem\",\"position\":1,\"name\":\"Home\",\"item\":\"https:\\\/\\\/junobjects.com\\\/\"},{\"@type\":\"ListItem\",\"position\":2,\"name\":\"Shop\",\"item\":\"https:\\\/\\\/junobjects.com\\\/\"},{\"@type\":\"ListItem\",\"position\":3,\"name\":\"Daisy Original Painting\"}]},{\"@type\":\"WebSite\",\"@id\":\"https:\\\/\\\/junobjects.com\\\/tr\\\/#website\",\"url\":\"https:\\\/\\\/junobjects.com\\\/tr\\\/\",\"name\":\"Jun Objects \u2014 Tufting, Rugs and Artworks\",\"description\":\"\",\"publisher\":{\"@id\":\"https:\\\/\\\/junobjects.com\\\/tr\\\/#organization\"},\"potentialAction\":[{\"@type\":\"SearchAction\",\"target\":{\"@type\":\"EntryPoint\",\"urlTemplate\":\"https:\\\/\\\/junobjects.com\\\/tr\\\/?s={search_term_string}\"},\"query-input\":{\"@type\":\"PropertyValueSpecification\",\"valueRequired\":true,\"valueName\":\"search_term_string\"}}],\"inLanguage\":\"tr\"},{\"@type\":\"Organization\",\"@id\":\"https:\\\/\\\/junobjects.com\\\/tr\\\/#organization\",\"name\":\"Jun Objects \u2014 Tufting, Rugs and Artworks\",\"url\":\"https:\\\/\\\/junobjects.com\\\/tr\\\/\",\"logo\":{\"@type\":\"ImageObject\",\"inLanguage\":\"tr\",\"@id\":\"https:\\\/\\\/junobjects.com\\\/tr\\\/#\\\/schema\\\/logo\\\/image\\\/\",\"url\":\"https:\\\/\\\/junobjects.com\\\/wp-content\\\/uploads\\\/2023\\\/08\\\/Juno-logo-4.jpg\",\"contentUrl\":\"https:\\\/\\\/junobjects.com\\\/wp-content\\\/uploads\\\/2023\\\/08\\\/Juno-logo-4.jpg\",\"width\":1080,\"height\":1080,\"caption\":\"Jun Objects \u2014 Tufting, Rugs and Artworks\"},\"image\":{\"@id\":\"https:\\\/\\\/junobjects.com\\\/tr\\\/#\\\/schema\\\/logo\\\/image\\\/\"},\"sameAs\":[\"https:\\\/\\\/www.instagram.com\\\/junobjects\\\/\"]}]}<\/script>\n<!-- \/ Yoast SEO plugin. -->","yoast_head_json":{"title":"Daisy Original Painting &#8212; Jun Objects","robots":{"index":"index","follow":"follow","max-snippet":"max-snippet:-1","max-image-preview":"max-image-preview:large","max-video-preview":"max-video-preview:-1"},"canonical":"https:\/\/junobjects.com\/tr\/urun\/daisy-painting\/","og_locale":"tr_TR","og_type":"article","og_title":"Daisy Original Painting &#8212; Jun Objects","og_description":"Acrylic painting on canvas Signed by artist Size: 15 cm x 15 cm","og_url":"https:\/\/junobjects.com\/tr\/urun\/daisy-painting\/","og_site_name":"Jun Objects","article_modified_time":"2026-04-24T22:01:21+00:00","og_image":[{"width":1250,"height":1500,"url":"https:\/\/junobjects.com\/wp-content\/uploads\/2023\/11\/daisy.jpg","type":"image\/jpeg"}],"twitter_card":"summary_large_image","schema":{"@context":"https:\/\/schema.org","@graph":[{"@type":["WebPage","ItemPage"],"@id":"https:\/\/junobjects.com\/tr\/urun\/daisy-painting\/","url":"https:\/\/junobjects.com\/tr\/urun\/daisy-painting\/","name":"Daisy Original Painting &#8212; Jun Objects","isPartOf":{"@id":"https:\/\/junobjects.com\/tr\/#website"},"primaryImageOfPage":{"@id":"https:\/\/junobjects.com\/tr\/urun\/daisy-painting\/#primaryimage"},"image":{"@id":"https:\/\/junobjects.com\/tr\/urun\/daisy-painting\/#primaryimage"},"thumbnailUrl":"https:\/\/junobjects.com\/wp-content\/uploads\/2023\/11\/daisy.jpg","datePublished":"2023-11-15T17:48:45+00:00","dateModified":"2026-04-24T22:01:21+00:00","breadcrumb":{"@id":"https:\/\/junobjects.com\/tr\/urun\/daisy-painting\/#breadcrumb"},"inLanguage":"tr","potentialAction":[{"@type":"ReadAction","target":["https:\/\/junobjects.com\/tr\/urun\/daisy-painting\/"]}]},{"@type":"ImageObject","inLanguage":"tr","@id":"https:\/\/junobjects.com\/tr\/urun\/daisy-painting\/#primaryimage","url":"https:\/\/junobjects.com\/wp-content\/uploads\/2023\/11\/daisy.jpg","contentUrl":"https:\/\/junobjects.com\/wp-content\/uploads\/2023\/11\/daisy.jpg","width":1250,"height":1500},{"@type":"BreadcrumbList","@id":"https:\/\/junobjects.com\/tr\/urun\/daisy-painting\/#breadcrumb","itemListElement":[{"@type":"ListItem","position":1,"name":"Home","item":"https:\/\/junobjects.com\/"},{"@type":"ListItem","position":2,"name":"Shop","item":"https:\/\/junobjects.com\/"},{"@type":"ListItem","position":3,"name":"Daisy Original Painting"}]},{"@type":"WebSite","@id":"https:\/\/junobjects.com\/tr\/#website","url":"https:\/\/junobjects.com\/tr\/","name":"Jun Objects \u2014 Tufting, Rugs and Artworks","description":"","publisher":{"@id":"https:\/\/junobjects.com\/tr\/#organization"},"potentialAction":[{"@type":"SearchAction","target":{"@type":"EntryPoint","urlTemplate":"https:\/\/junobjects.com\/tr\/?s={search_term_string}"},"query-input":{"@type":"PropertyValueSpecification","valueRequired":true,"valueName":"search_term_string"}}],"inLanguage":"tr"},{"@type":"Organization","@id":"https:\/\/junobjects.com\/tr\/#organization","name":"Jun Objects \u2014 Tufting, Rugs and Artworks","url":"https:\/\/junobjects.com\/tr\/","logo":{"@type":"ImageObject","inLanguage":"tr","@id":"https:\/\/junobjects.com\/tr\/#\/schema\/logo\/image\/","url":"https:\/\/junobjects.com\/wp-content\/uploads\/2023\/08\/Juno-logo-4.jpg","contentUrl":"https:\/\/junobjects.com\/wp-content\/uploads\/2023\/08\/Juno-logo-4.jpg","width":1080,"height":1080,"caption":"Jun Objects \u2014 Tufting, Rugs and Artworks"},"image":{"@id":"https:\/\/junobjects.com\/tr\/#\/schema\/logo\/image\/"},"sameAs":["https:\/\/www.instagram.com\/junobjects\/"]}]}},"_links":{"self":[{"href":"https:\/\/junobjects.com\/tr\/wp-json\/wp\/v2\/product\/616","targetHints":{"allow":["GET"]}}],"collection":[{"href":"https:\/\/junobjects.com\/tr\/wp-json\/wp\/v2\/product"}],"about":[{"href":"https:\/\/junobjects.com\/tr\/wp-json\/wp\/v2\/types\/product"}],"wp:featuredmedia":[{"embeddable":true,"href":"https:\/\/junobjects.com\/tr\/wp-json\/wp\/v2\/media\/617"}],"wp:attachment":[{"href":"https:\/\/junobjects.com\/tr\/wp-json\/wp\/v2\/media?parent=616"}],"wp:term":[{"taxonomy":"product_brand","embeddable":true,"href":"https:\/\/junobjects.com\/tr\/wp-json\/wp\/v2\/product_brand?post=616"},{"taxonomy":"product_cat","embeddable":true,"href":"https:\/\/junobjects.com\/tr\/wp-json\/wp\/v2\/product_cat?post=616"},{"taxonomy":"product_tag","embeddable":true,"href":"https:\/\/junobjects.com\/tr\/wp-json\/wp\/v2\/product_tag?post=616"}],"curies":[{"name":"wp","href":"https:\/\/api.w.org\/{rel}","templated":true}]}}