{"id":329,"date":"2023-08-24T11:52:17","date_gmt":"2023-08-24T10:52:17","guid":{"rendered":"https:\/\/junobjects.com\/product\/labyrinth-handtufted-rug-copy\/"},"modified":"2026-03-01T14:24:57","modified_gmt":"2026-03-01T11:24:57","slug":"milkshake-handtufted-rug","status":"publish","type":"product","link":"https:\/\/junobjects.com\/tr\/urun\/milkshake-handtufted-rug\/","title":{"rendered":"Milkshake Handtufted Hal\u0131"},"content":{"rendered":"<p class=\"_Shop_Small\">Makinede y\u0131kanmas\u0131 tavsiye edilmez. El yap\u0131m\u0131 \u00fcr\u00fcnd\u00fcr, dikkatli kullan\u0131lmas\u0131 \u00f6nerilir.<br \/>\nD\u00fc\u015f\u00fck Watt'ta s\u00fcp\u00fcr\u00fcn ve nemli bir bezle temizleyin.<br \/>\nSert kimyasallar kullanmay\u0131n\u0131z ve ipleri \u00e7eki\u015ftirmeyiniz.<\/p>","protected":false},"excerpt":{"rendered":"<p class=\"_Shop_Small\">El Yap\u0131m\u0131 - 1 Adet<br \/>\n100 Akrilik ve Y\u00fcn \u0130plikler<br \/>\n4 Renk (Pembe, K\u0131rm\u0131z\u0131, Green, Beyaz)<br \/>\nUzunluk: 120 cm \/ 47 in\u00e7<br \/>\nGeni\u015flik: 90 cm \/ 35 in\u00e7<\/p>","protected":false},"featured_media":330,"template":"","meta":[],"product_brand":[],"product_cat":[20],"product_tag":[63,58,30,31,57,60,61,29,64],"class_list":{"0":"post-329","1":"product","2":"type-product","3":"status-publish","4":"has-post-thumbnail","6":"product_cat-rugs","7":"product_tag-floor-mat","8":"product_tag-hali","9":"product_tag-handmade","10":"product_tag-handtufted","11":"product_tag-kilim","12":"product_tag-paspas","13":"product_tag-rug","14":"product_tag-rugs","15":"product_tag-tufting","16":"product_shipping_class-ship-rugs","18":"first","19":"instock","20":"shipping-taxable","21":"purchasable","22":"product-type-simple"},"yoast_head":"<!-- This site is optimized with the Yoast SEO plugin v25.2 - https:\/\/yoast.com\/wordpress\/plugins\/seo\/ -->\n<title>Milkshake Handtufted Rug &#8212; Jun Objects<\/title>\n<meta name=\"robots\" content=\"index, follow, max-snippet:-1, max-image-preview:large, max-video-preview:-1\" \/>\n<link rel=\"canonical\" href=\"https:\/\/junobjects.com\/tr\/urun\/milkshake-handtufted-rug\/\" \/>\n<meta property=\"og:locale\" content=\"tr_TR\" \/>\n<meta property=\"og:type\" content=\"article\" \/>\n<meta property=\"og:title\" content=\"Milkshake Handtufted Rug &#8212; Jun Objects\" \/>\n<meta property=\"og:description\" content=\"Handmade - 1 Piece %100 Acrylic and %100 Wool Yarns 4 Colors (Pink, Red, Green, White) Length : 120 cm \/ 47 inch Width : 90 cm \/ 35 inch\" \/>\n<meta property=\"og:url\" content=\"https:\/\/junobjects.com\/tr\/urun\/milkshake-handtufted-rug\/\" \/>\n<meta property=\"og:site_name\" content=\"Jun Objects\" \/>\n<meta property=\"article:modified_time\" content=\"2026-03-01T11:24:57+00:00\" \/>\n<meta property=\"og:image\" content=\"https:\/\/junobjects.com\/wp-content\/uploads\/2023\/08\/milkshake.jpg\" \/>\n\t<meta property=\"og:image:width\" content=\"1250\" \/>\n\t<meta property=\"og:image:height\" content=\"1500\" \/>\n\t<meta property=\"og:image:type\" content=\"image\/jpeg\" \/>\n<meta name=\"twitter:card\" content=\"summary_large_image\" \/>\n<script type=\"application\/ld+json\" class=\"yoast-schema-graph\">{\"@context\":\"https:\/\/schema.org\",\"@graph\":[{\"@type\":[\"WebPage\",\"ItemPage\"],\"@id\":\"https:\/\/junobjects.com\/tr\/urun\/milkshake-handtufted-rug\/\",\"url\":\"https:\/\/junobjects.com\/tr\/urun\/milkshake-handtufted-rug\/\",\"name\":\"Milkshake Handtufted Rug &#8212; Jun Objects\",\"isPartOf\":{\"@id\":\"https:\/\/junobjects.com\/tr\/#website\"},\"primaryImageOfPage\":{\"@id\":\"https:\/\/junobjects.com\/tr\/urun\/milkshake-handtufted-rug\/#primaryimage\"},\"image\":{\"@id\":\"https:\/\/junobjects.com\/tr\/urun\/milkshake-handtufted-rug\/#primaryimage\"},\"thumbnailUrl\":\"https:\/\/junobjects.com\/wp-content\/uploads\/2023\/08\/milkshake.jpg\",\"datePublished\":\"2023-08-24T10:52:17+00:00\",\"dateModified\":\"2026-03-01T11:24:57+00:00\",\"breadcrumb\":{\"@id\":\"https:\/\/junobjects.com\/tr\/urun\/milkshake-handtufted-rug\/#breadcrumb\"},\"inLanguage\":\"tr\",\"potentialAction\":[{\"@type\":\"ReadAction\",\"target\":[\"https:\/\/junobjects.com\/tr\/urun\/milkshake-handtufted-rug\/\"]}]},{\"@type\":\"ImageObject\",\"inLanguage\":\"tr\",\"@id\":\"https:\/\/junobjects.com\/tr\/urun\/milkshake-handtufted-rug\/#primaryimage\",\"url\":\"https:\/\/junobjects.com\/wp-content\/uploads\/2023\/08\/milkshake.jpg\",\"contentUrl\":\"https:\/\/junobjects.com\/wp-content\/uploads\/2023\/08\/milkshake.jpg\",\"width\":1250,\"height\":1500},{\"@type\":\"BreadcrumbList\",\"@id\":\"https:\/\/junobjects.com\/tr\/urun\/milkshake-handtufted-rug\/#breadcrumb\",\"itemListElement\":[{\"@type\":\"ListItem\",\"position\":1,\"name\":\"Home\",\"item\":\"https:\/\/junobjects.com\/\"},{\"@type\":\"ListItem\",\"position\":2,\"name\":\"Shop\",\"item\":\"https:\/\/junobjects.com\/\"},{\"@type\":\"ListItem\",\"position\":3,\"name\":\"Milkshake Handtufted Rug\"}]},{\"@type\":\"WebSite\",\"@id\":\"https:\/\/junobjects.com\/tr\/#website\",\"url\":\"https:\/\/junobjects.com\/tr\/\",\"name\":\"Jun Objects \u2014 Tufting, Rugs and Artworks\",\"description\":\"\",\"publisher\":{\"@id\":\"https:\/\/junobjects.com\/tr\/#organization\"},\"potentialAction\":[{\"@type\":\"SearchAction\",\"target\":{\"@type\":\"EntryPoint\",\"urlTemplate\":\"https:\/\/junobjects.com\/tr\/?s={search_term_string}\"},\"query-input\":{\"@type\":\"PropertyValueSpecification\",\"valueRequired\":true,\"valueName\":\"search_term_string\"}}],\"inLanguage\":\"tr\"},{\"@type\":\"Organization\",\"@id\":\"https:\/\/junobjects.com\/tr\/#organization\",\"name\":\"Jun Objects \u2014 Tufting, Rugs and Artworks\",\"url\":\"https:\/\/junobjects.com\/tr\/\",\"logo\":{\"@type\":\"ImageObject\",\"inLanguage\":\"tr\",\"@id\":\"https:\/\/junobjects.com\/tr\/#\/schema\/logo\/image\/\",\"url\":\"https:\/\/junobjects.com\/wp-content\/uploads\/2023\/08\/Juno-logo-4.jpg\",\"contentUrl\":\"https:\/\/junobjects.com\/wp-content\/uploads\/2023\/08\/Juno-logo-4.jpg\",\"width\":1080,\"height\":1080,\"caption\":\"Jun Objects \u2014 Tufting, Rugs and Artworks\"},\"image\":{\"@id\":\"https:\/\/junobjects.com\/tr\/#\/schema\/logo\/image\/\"},\"sameAs\":[\"https:\/\/www.instagram.com\/junobjects\/\"]}]}<\/script>\n<!-- \/ Yoast SEO plugin. -->","yoast_head_json":{"title":"Milkshake Handtufted Rug &#8212; Jun Objects","robots":{"index":"index","follow":"follow","max-snippet":"max-snippet:-1","max-image-preview":"max-image-preview:large","max-video-preview":"max-video-preview:-1"},"canonical":"https:\/\/junobjects.com\/tr\/urun\/milkshake-handtufted-rug\/","og_locale":"tr_TR","og_type":"article","og_title":"Milkshake Handtufted Rug &#8212; Jun Objects","og_description":"Handmade - 1 Piece %100 Acrylic and %100 Wool Yarns 4 Colors (Pink, Red, Green, White) Length : 120 cm \/ 47 inch Width : 90 cm \/ 35 inch","og_url":"https:\/\/junobjects.com\/tr\/urun\/milkshake-handtufted-rug\/","og_site_name":"Jun Objects","article_modified_time":"2026-03-01T11:24:57+00:00","og_image":[{"width":1250,"height":1500,"url":"https:\/\/junobjects.com\/wp-content\/uploads\/2023\/08\/milkshake.jpg","type":"image\/jpeg"}],"twitter_card":"summary_large_image","schema":{"@context":"https:\/\/schema.org","@graph":[{"@type":["WebPage","ItemPage"],"@id":"https:\/\/junobjects.com\/tr\/urun\/milkshake-handtufted-rug\/","url":"https:\/\/junobjects.com\/tr\/urun\/milkshake-handtufted-rug\/","name":"Milkshake Handtufted Rug &#8212; Jun Objects","isPartOf":{"@id":"https:\/\/junobjects.com\/tr\/#website"},"primaryImageOfPage":{"@id":"https:\/\/junobjects.com\/tr\/urun\/milkshake-handtufted-rug\/#primaryimage"},"image":{"@id":"https:\/\/junobjects.com\/tr\/urun\/milkshake-handtufted-rug\/#primaryimage"},"thumbnailUrl":"https:\/\/junobjects.com\/wp-content\/uploads\/2023\/08\/milkshake.jpg","datePublished":"2023-08-24T10:52:17+00:00","dateModified":"2026-03-01T11:24:57+00:00","breadcrumb":{"@id":"https:\/\/junobjects.com\/tr\/urun\/milkshake-handtufted-rug\/#breadcrumb"},"inLanguage":"tr","potentialAction":[{"@type":"ReadAction","target":["https:\/\/junobjects.com\/tr\/urun\/milkshake-handtufted-rug\/"]}]},{"@type":"ImageObject","inLanguage":"tr","@id":"https:\/\/junobjects.com\/tr\/urun\/milkshake-handtufted-rug\/#primaryimage","url":"https:\/\/junobjects.com\/wp-content\/uploads\/2023\/08\/milkshake.jpg","contentUrl":"https:\/\/junobjects.com\/wp-content\/uploads\/2023\/08\/milkshake.jpg","width":1250,"height":1500},{"@type":"BreadcrumbList","@id":"https:\/\/junobjects.com\/tr\/urun\/milkshake-handtufted-rug\/#breadcrumb","itemListElement":[{"@type":"ListItem","position":1,"name":"Home","item":"https:\/\/junobjects.com\/"},{"@type":"ListItem","position":2,"name":"Shop","item":"https:\/\/junobjects.com\/"},{"@type":"ListItem","position":3,"name":"Milkshake Handtufted Rug"}]},{"@type":"WebSite","@id":"https:\/\/junobjects.com\/tr\/#website","url":"https:\/\/junobjects.com\/tr\/","name":"Jun Objects \u2014 Tufting, Rugs and Artworks","description":"","publisher":{"@id":"https:\/\/junobjects.com\/tr\/#organization"},"potentialAction":[{"@type":"SearchAction","target":{"@type":"EntryPoint","urlTemplate":"https:\/\/junobjects.com\/tr\/?s={search_term_string}"},"query-input":{"@type":"PropertyValueSpecification","valueRequired":true,"valueName":"search_term_string"}}],"inLanguage":"tr"},{"@type":"Organization","@id":"https:\/\/junobjects.com\/tr\/#organization","name":"Jun Objects \u2014 Tufting, Rugs and Artworks","url":"https:\/\/junobjects.com\/tr\/","logo":{"@type":"ImageObject","inLanguage":"tr","@id":"https:\/\/junobjects.com\/tr\/#\/schema\/logo\/image\/","url":"https:\/\/junobjects.com\/wp-content\/uploads\/2023\/08\/Juno-logo-4.jpg","contentUrl":"https:\/\/junobjects.com\/wp-content\/uploads\/2023\/08\/Juno-logo-4.jpg","width":1080,"height":1080,"caption":"Jun Objects \u2014 Tufting, Rugs and Artworks"},"image":{"@id":"https:\/\/junobjects.com\/tr\/#\/schema\/logo\/image\/"},"sameAs":["https:\/\/www.instagram.com\/junobjects\/"]}]}},"_links":{"self":[{"href":"https:\/\/junobjects.com\/tr\/wp-json\/wp\/v2\/product\/329","targetHints":{"allow":["GET"]}}],"collection":[{"href":"https:\/\/junobjects.com\/tr\/wp-json\/wp\/v2\/product"}],"about":[{"href":"https:\/\/junobjects.com\/tr\/wp-json\/wp\/v2\/types\/product"}],"wp:featuredmedia":[{"embeddable":true,"href":"https:\/\/junobjects.com\/tr\/wp-json\/wp\/v2\/media\/330"}],"wp:attachment":[{"href":"https:\/\/junobjects.com\/tr\/wp-json\/wp\/v2\/media?parent=329"}],"wp:term":[{"taxonomy":"product_brand","embeddable":true,"href":"https:\/\/junobjects.com\/tr\/wp-json\/wp\/v2\/product_brand?post=329"},{"taxonomy":"product_cat","embeddable":true,"href":"https:\/\/junobjects.com\/tr\/wp-json\/wp\/v2\/product_cat?post=329"},{"taxonomy":"product_tag","embeddable":true,"href":"https:\/\/junobjects.com\/tr\/wp-json\/wp\/v2\/product_tag?post=329"}],"curies":[{"name":"wp","href":"https:\/\/api.w.org\/{rel}","templated":true}]}}