{"id":264,"date":"2023-08-22T21:50:27","date_gmt":"2023-08-22T20:50:27","guid":{"rendered":"https:\/\/junobjects.com\/product\/chimney-wooden-totem-sculpture-copy\/"},"modified":"2026-04-11T01:14:27","modified_gmt":"2026-04-10T22:14:27","slug":"a-weird-tree-wooden-totem-sculpture","status":"publish","type":"product","link":"https:\/\/junobjects.com\/tr\/urun\/a-weird-tree-wooden-totem-sculpture\/","title":{"rendered":"A Weird Tree Ah\u015fap Totem"},"content":{"rendered":"<p class=\"_Shop_Small\">Kuru bir yerde saklay\u0131n. Temizlemek i\u00e7in nemli bir bez kullan\u0131n.<br \/>\nTotemler do\u011fal malzemeden el yap\u0131m\u0131d\u0131r ve her biri benzersizdir.<br \/>\nRenk tonlar\u0131 foto\u011fraflardan biraz farkl\u0131 olabilir.<br \/>\nDo\u011fal ah\u015fap lekeleri veya \u00e7izgileri mevcut olabilir ve bunlar kusur de\u011fildir.<\/p>","protected":false},"excerpt":{"rendered":"<p class=\"_Shop_Small\">El boyamas\u0131  - 1 Adet<br \/>\n\u00c7ift tarafl\u0131 y\u00fczey<br \/>\nKavak a\u011fac\u0131 \u00fczeri akrilik boyama<br \/>\n2 renk (Siyah, Ye\u015fil)<br \/>\nY\u00fckseklik: 26 cm \/ 10 in\u00e7 (taban dahil)<br \/>\nGeni\u015flik: 24 cm \/ 9 inch<br \/>\nDerinlik: 5,5 cm \/ 2 in\u00e7<\/p>","protected":false},"featured_media":265,"template":"","meta":[],"product_brand":[],"product_cat":[21],"product_tag":[120,117,33,116,34,32,36,35,119,118],"class_list":{"0":"post-264","1":"product","2":"type-product","3":"status-publish","4":"has-post-thumbnail","6":"product_cat-objects","7":"product_tag-ahsap-dekor","8":"product_tag-ahsap-oyuncak","9":"product_tag-decor","10":"product_tag-heykel","11":"product_tag-sculpture","12":"product_tag-totem","13":"product_tag-toy","14":"product_tag-wooden","15":"product_tag-wooden-decor","16":"product_tag-wooden-toy","17":"product_shipping_class-ship-small-painting","19":"first","20":"instock","21":"shipping-taxable","22":"purchasable","23":"product-type-simple"},"yoast_head":"<!-- This site is optimized with the Yoast SEO plugin v25.2 - https:\/\/yoast.com\/wordpress\/plugins\/seo\/ -->\n<title>A Weird Tree Wooden Totem &#8212; Jun Objects<\/title>\n<meta name=\"robots\" content=\"index, follow, max-snippet:-1, max-image-preview:large, max-video-preview:-1\" \/>\n<link rel=\"canonical\" href=\"https:\/\/junobjects.com\/tr\/urun\/a-weird-tree-wooden-totem-sculpture\/\" \/>\n<meta property=\"og:locale\" content=\"tr_TR\" \/>\n<meta property=\"og:type\" content=\"article\" \/>\n<meta property=\"og:title\" content=\"A Weird Tree Wooden Totem &#8212; Jun Objects\" \/>\n<meta property=\"og:description\" content=\"Hand painted and hand finished - 1 Piece Double-sided design Acrylic paint on Poplar Wood 2 Colors (Black, Green) Height : 26 cm \/ 10 inch (including base) Width : 24 cm \/ 9 inch Depth: 5,5 cm \/ 2 inch\" \/>\n<meta property=\"og:url\" content=\"https:\/\/junobjects.com\/tr\/urun\/a-weird-tree-wooden-totem-sculpture\/\" \/>\n<meta property=\"og:site_name\" content=\"Jun Objects\" \/>\n<meta property=\"article:modified_time\" content=\"2026-04-10T22:14:27+00:00\" \/>\n<meta property=\"og:image\" content=\"https:\/\/junobjects.com\/wp-content\/uploads\/2023\/08\/weirdtree.jpg\" \/>\n\t<meta property=\"og:image:width\" content=\"1250\" \/>\n\t<meta property=\"og:image:height\" content=\"1500\" \/>\n\t<meta property=\"og:image:type\" content=\"image\/jpeg\" \/>\n<meta name=\"twitter:card\" content=\"summary_large_image\" \/>\n<script type=\"application\/ld+json\" class=\"yoast-schema-graph\">{\"@context\":\"https:\/\/schema.org\",\"@graph\":[{\"@type\":[\"WebPage\",\"ItemPage\"],\"@id\":\"https:\/\/junobjects.com\/tr\/urun\/a-weird-tree-wooden-totem-sculpture\/\",\"url\":\"https:\/\/junobjects.com\/tr\/urun\/a-weird-tree-wooden-totem-sculpture\/\",\"name\":\"A Weird Tree Wooden Totem &#8212; Jun Objects\",\"isPartOf\":{\"@id\":\"https:\/\/junobjects.com\/tr\/#website\"},\"primaryImageOfPage\":{\"@id\":\"https:\/\/junobjects.com\/tr\/urun\/a-weird-tree-wooden-totem-sculpture\/#primaryimage\"},\"image\":{\"@id\":\"https:\/\/junobjects.com\/tr\/urun\/a-weird-tree-wooden-totem-sculpture\/#primaryimage\"},\"thumbnailUrl\":\"https:\/\/junobjects.com\/wp-content\/uploads\/2023\/08\/weirdtree.jpg\",\"datePublished\":\"2023-08-22T20:50:27+00:00\",\"dateModified\":\"2026-04-10T22:14:27+00:00\",\"breadcrumb\":{\"@id\":\"https:\/\/junobjects.com\/tr\/urun\/a-weird-tree-wooden-totem-sculpture\/#breadcrumb\"},\"inLanguage\":\"tr\",\"potentialAction\":[{\"@type\":\"ReadAction\",\"target\":[\"https:\/\/junobjects.com\/tr\/urun\/a-weird-tree-wooden-totem-sculpture\/\"]}]},{\"@type\":\"ImageObject\",\"inLanguage\":\"tr\",\"@id\":\"https:\/\/junobjects.com\/tr\/urun\/a-weird-tree-wooden-totem-sculpture\/#primaryimage\",\"url\":\"https:\/\/junobjects.com\/wp-content\/uploads\/2023\/08\/weirdtree.jpg\",\"contentUrl\":\"https:\/\/junobjects.com\/wp-content\/uploads\/2023\/08\/weirdtree.jpg\",\"width\":1250,\"height\":1500},{\"@type\":\"BreadcrumbList\",\"@id\":\"https:\/\/junobjects.com\/tr\/urun\/a-weird-tree-wooden-totem-sculpture\/#breadcrumb\",\"itemListElement\":[{\"@type\":\"ListItem\",\"position\":1,\"name\":\"Home\",\"item\":\"https:\/\/junobjects.com\/\"},{\"@type\":\"ListItem\",\"position\":2,\"name\":\"Shop\",\"item\":\"https:\/\/junobjects.com\/\"},{\"@type\":\"ListItem\",\"position\":3,\"name\":\"A Weird Tree Wooden Totem\"}]},{\"@type\":\"WebSite\",\"@id\":\"https:\/\/junobjects.com\/tr\/#website\",\"url\":\"https:\/\/junobjects.com\/tr\/\",\"name\":\"Jun Objects \u2014 Tufting, Rugs and Artworks\",\"description\":\"\",\"publisher\":{\"@id\":\"https:\/\/junobjects.com\/tr\/#organization\"},\"potentialAction\":[{\"@type\":\"SearchAction\",\"target\":{\"@type\":\"EntryPoint\",\"urlTemplate\":\"https:\/\/junobjects.com\/tr\/?s={search_term_string}\"},\"query-input\":{\"@type\":\"PropertyValueSpecification\",\"valueRequired\":true,\"valueName\":\"search_term_string\"}}],\"inLanguage\":\"tr\"},{\"@type\":\"Organization\",\"@id\":\"https:\/\/junobjects.com\/tr\/#organization\",\"name\":\"Jun Objects \u2014 Tufting, Rugs and Artworks\",\"url\":\"https:\/\/junobjects.com\/tr\/\",\"logo\":{\"@type\":\"ImageObject\",\"inLanguage\":\"tr\",\"@id\":\"https:\/\/junobjects.com\/tr\/#\/schema\/logo\/image\/\",\"url\":\"https:\/\/junobjects.com\/wp-content\/uploads\/2023\/08\/Juno-logo-4.jpg\",\"contentUrl\":\"https:\/\/junobjects.com\/wp-content\/uploads\/2023\/08\/Juno-logo-4.jpg\",\"width\":1080,\"height\":1080,\"caption\":\"Jun Objects \u2014 Tufting, Rugs and Artworks\"},\"image\":{\"@id\":\"https:\/\/junobjects.com\/tr\/#\/schema\/logo\/image\/\"},\"sameAs\":[\"https:\/\/www.instagram.com\/junobjects\/\"]}]}<\/script>\n<!-- \/ Yoast SEO plugin. -->","yoast_head_json":{"title":"A Weird Tree Wooden Totem &#8212; Jun Objects","robots":{"index":"index","follow":"follow","max-snippet":"max-snippet:-1","max-image-preview":"max-image-preview:large","max-video-preview":"max-video-preview:-1"},"canonical":"https:\/\/junobjects.com\/tr\/urun\/a-weird-tree-wooden-totem-sculpture\/","og_locale":"tr_TR","og_type":"article","og_title":"A Weird Tree Wooden Totem &#8212; Jun Objects","og_description":"Hand painted and hand finished - 1 Piece Double-sided design Acrylic paint on Poplar Wood 2 Colors (Black, Green) Height : 26 cm \/ 10 inch (including base) Width : 24 cm \/ 9 inch Depth: 5,5 cm \/ 2 inch","og_url":"https:\/\/junobjects.com\/tr\/urun\/a-weird-tree-wooden-totem-sculpture\/","og_site_name":"Jun Objects","article_modified_time":"2026-04-10T22:14:27+00:00","og_image":[{"width":1250,"height":1500,"url":"https:\/\/junobjects.com\/wp-content\/uploads\/2023\/08\/weirdtree.jpg","type":"image\/jpeg"}],"twitter_card":"summary_large_image","schema":{"@context":"https:\/\/schema.org","@graph":[{"@type":["WebPage","ItemPage"],"@id":"https:\/\/junobjects.com\/tr\/urun\/a-weird-tree-wooden-totem-sculpture\/","url":"https:\/\/junobjects.com\/tr\/urun\/a-weird-tree-wooden-totem-sculpture\/","name":"A Weird Tree Wooden Totem &#8212; Jun Objects","isPartOf":{"@id":"https:\/\/junobjects.com\/tr\/#website"},"primaryImageOfPage":{"@id":"https:\/\/junobjects.com\/tr\/urun\/a-weird-tree-wooden-totem-sculpture\/#primaryimage"},"image":{"@id":"https:\/\/junobjects.com\/tr\/urun\/a-weird-tree-wooden-totem-sculpture\/#primaryimage"},"thumbnailUrl":"https:\/\/junobjects.com\/wp-content\/uploads\/2023\/08\/weirdtree.jpg","datePublished":"2023-08-22T20:50:27+00:00","dateModified":"2026-04-10T22:14:27+00:00","breadcrumb":{"@id":"https:\/\/junobjects.com\/tr\/urun\/a-weird-tree-wooden-totem-sculpture\/#breadcrumb"},"inLanguage":"tr","potentialAction":[{"@type":"ReadAction","target":["https:\/\/junobjects.com\/tr\/urun\/a-weird-tree-wooden-totem-sculpture\/"]}]},{"@type":"ImageObject","inLanguage":"tr","@id":"https:\/\/junobjects.com\/tr\/urun\/a-weird-tree-wooden-totem-sculpture\/#primaryimage","url":"https:\/\/junobjects.com\/wp-content\/uploads\/2023\/08\/weirdtree.jpg","contentUrl":"https:\/\/junobjects.com\/wp-content\/uploads\/2023\/08\/weirdtree.jpg","width":1250,"height":1500},{"@type":"BreadcrumbList","@id":"https:\/\/junobjects.com\/tr\/urun\/a-weird-tree-wooden-totem-sculpture\/#breadcrumb","itemListElement":[{"@type":"ListItem","position":1,"name":"Home","item":"https:\/\/junobjects.com\/"},{"@type":"ListItem","position":2,"name":"Shop","item":"https:\/\/junobjects.com\/"},{"@type":"ListItem","position":3,"name":"A Weird Tree Wooden Totem"}]},{"@type":"WebSite","@id":"https:\/\/junobjects.com\/tr\/#website","url":"https:\/\/junobjects.com\/tr\/","name":"Jun Objects \u2014 Tufting, Rugs and Artworks","description":"","publisher":{"@id":"https:\/\/junobjects.com\/tr\/#organization"},"potentialAction":[{"@type":"SearchAction","target":{"@type":"EntryPoint","urlTemplate":"https:\/\/junobjects.com\/tr\/?s={search_term_string}"},"query-input":{"@type":"PropertyValueSpecification","valueRequired":true,"valueName":"search_term_string"}}],"inLanguage":"tr"},{"@type":"Organization","@id":"https:\/\/junobjects.com\/tr\/#organization","name":"Jun Objects \u2014 Tufting, Rugs and Artworks","url":"https:\/\/junobjects.com\/tr\/","logo":{"@type":"ImageObject","inLanguage":"tr","@id":"https:\/\/junobjects.com\/tr\/#\/schema\/logo\/image\/","url":"https:\/\/junobjects.com\/wp-content\/uploads\/2023\/08\/Juno-logo-4.jpg","contentUrl":"https:\/\/junobjects.com\/wp-content\/uploads\/2023\/08\/Juno-logo-4.jpg","width":1080,"height":1080,"caption":"Jun Objects \u2014 Tufting, Rugs and Artworks"},"image":{"@id":"https:\/\/junobjects.com\/tr\/#\/schema\/logo\/image\/"},"sameAs":["https:\/\/www.instagram.com\/junobjects\/"]}]}},"_links":{"self":[{"href":"https:\/\/junobjects.com\/tr\/wp-json\/wp\/v2\/product\/264","targetHints":{"allow":["GET"]}}],"collection":[{"href":"https:\/\/junobjects.com\/tr\/wp-json\/wp\/v2\/product"}],"about":[{"href":"https:\/\/junobjects.com\/tr\/wp-json\/wp\/v2\/types\/product"}],"wp:featuredmedia":[{"embeddable":true,"href":"https:\/\/junobjects.com\/tr\/wp-json\/wp\/v2\/media\/265"}],"wp:attachment":[{"href":"https:\/\/junobjects.com\/tr\/wp-json\/wp\/v2\/media?parent=264"}],"wp:term":[{"taxonomy":"product_brand","embeddable":true,"href":"https:\/\/junobjects.com\/tr\/wp-json\/wp\/v2\/product_brand?post=264"},{"taxonomy":"product_cat","embeddable":true,"href":"https:\/\/junobjects.com\/tr\/wp-json\/wp\/v2\/product_cat?post=264"},{"taxonomy":"product_tag","embeddable":true,"href":"https:\/\/junobjects.com\/tr\/wp-json\/wp\/v2\/product_tag?post=264"}],"curies":[{"name":"wp","href":"https:\/\/api.w.org\/{rel}","templated":true}]}}