{"id":2064,"date":"2026-03-25T21:07:29","date_gmt":"2026-03-25T18:07:29","guid":{"rendered":"https:\/\/junobjects.com\/?post_type=product&#038;p=2064"},"modified":"2026-04-11T01:10:29","modified_gmt":"2026-04-10T22:10:29","slug":"gummy-coaster","status":"publish","type":"product","link":"https:\/\/junobjects.com\/tr\/urun\/gummy-coaster\/","title":{"rendered":"\"Gummy\" Bardak Altl\u0131\u011f\u0131"},"content":{"rendered":"<p class=\"_Shop_Small\">T\u00fcm seramik \u00fcr\u00fcnleri el i\u015f\u00e7ili\u011fi ile \u00fcretilmekte ve boyanmaktad\u0131r.<br \/>\n\u00dcr\u00fcnler el yap\u0131m\u0131 oldu\u011fu i\u00e7in k\u00fc\u00e7\u00fck kusurlar olabilir.<br \/>\nBu, her bir par\u00e7ay\u0131 benzersiz k\u0131lar ve onlara karakter kazand\u0131r\u0131r.<br \/>\nRenk tonlar\u0131 foto\u011fraflardan biraz farkl\u0131 olabilir.<\/p>","protected":false},"excerpt":{"rendered":"<p class=\"_Shop_Small\">El boyamas\u0131<br \/>\n1 Par\u00e7a<br \/>\n10 cm<br \/>\nTaban\u0131, kaymay\u0131 \u00f6nlemek ve y\u00fczeyleri \u00e7izilmelere kar\u015f\u0131 korumak i\u00e7in do\u011fal mantar ile kaplanm\u0131\u015ft\u0131r.<\/p>","protected":false},"featured_media":2030,"template":"","meta":[],"product_brand":[],"product_cat":[21],"product_tag":[169,163,167,164,165,170,168,166,162,160,172,171,161],"class_list":{"0":"post-2064","1":"product","2":"type-product","3":"status-publish","4":"has-post-thumbnail","6":"product_cat-objects","7":"product_tag-cicek-desenli-urun","8":"product_tag-cicekli-bardak-altligi","9":"product_tag-dekoratif-altlik","10":"product_tag-desenli-seramik","11":"product_tag-el-yapimi-seramik","12":"product_tag-hediye-fikirleri","13":"product_tag-modern-cicek-deseni","14":"product_tag-modern-ev-dekorasyonu","15":"product_tag-renkli-bardak-altligi","16":"product_tag-seramik-bardak-altligi","17":"product_tag-tasarim-obje","18":"product_tag-yazlik-masa-dekoru","19":"product_tag-yuvarlak-bardak-altligi","20":"product_shipping_class-ship-bandana","22":"first","23":"instock","24":"shipping-taxable","25":"purchasable","26":"product-type-simple"},"yoast_head":"<!-- This site is optimized with the Yoast SEO plugin v25.2 - https:\/\/yoast.com\/wordpress\/plugins\/seo\/ -->\n<title>&quot;Gummy&quot; Coaster &#8212; Jun Objects<\/title>\n<meta name=\"robots\" content=\"index, follow, max-snippet:-1, max-image-preview:large, max-video-preview:-1\" \/>\n<link rel=\"canonical\" href=\"https:\/\/junobjects.com\/tr\/urun\/gummy-coaster\/\" \/>\n<meta property=\"og:locale\" content=\"tr_TR\" \/>\n<meta property=\"og:type\" content=\"article\" \/>\n<meta property=\"og:title\" content=\"&quot;Gummy&quot; Coaster &#8212; Jun Objects\" \/>\n<meta property=\"og:description\" content=\"Hand painted 1 pieces Diameter: 10 cm The bottom is lined with natural cork to prevent slipping and protect surfaces from scratches.\" \/>\n<meta property=\"og:url\" content=\"https:\/\/junobjects.com\/tr\/urun\/gummy-coaster\/\" \/>\n<meta property=\"og:site_name\" content=\"Jun Objects\" \/>\n<meta property=\"article:modified_time\" content=\"2026-04-10T22:10:29+00:00\" \/>\n<meta property=\"og:image\" content=\"https:\/\/junobjects.com\/wp-content\/uploads\/2026\/03\/WEB33.jpg\" \/>\n\t<meta property=\"og:image:width\" content=\"1250\" \/>\n\t<meta property=\"og:image:height\" content=\"1500\" \/>\n\t<meta property=\"og:image:type\" content=\"image\/jpeg\" \/>\n<meta name=\"twitter:card\" content=\"summary_large_image\" \/>\n<script type=\"application\/ld+json\" class=\"yoast-schema-graph\">{\"@context\":\"https:\/\/schema.org\",\"@graph\":[{\"@type\":[\"WebPage\",\"ItemPage\"],\"@id\":\"https:\/\/junobjects.com\/tr\/urun\/gummy-coaster\/\",\"url\":\"https:\/\/junobjects.com\/tr\/urun\/gummy-coaster\/\",\"name\":\"\\\"Gummy\\\" Coaster &#8212; Jun Objects\",\"isPartOf\":{\"@id\":\"https:\/\/junobjects.com\/tr\/#website\"},\"primaryImageOfPage\":{\"@id\":\"https:\/\/junobjects.com\/tr\/urun\/gummy-coaster\/#primaryimage\"},\"image\":{\"@id\":\"https:\/\/junobjects.com\/tr\/urun\/gummy-coaster\/#primaryimage\"},\"thumbnailUrl\":\"https:\/\/junobjects.com\/wp-content\/uploads\/2026\/03\/WEB33.jpg\",\"datePublished\":\"2026-03-25T18:07:29+00:00\",\"dateModified\":\"2026-04-10T22:10:29+00:00\",\"breadcrumb\":{\"@id\":\"https:\/\/junobjects.com\/tr\/urun\/gummy-coaster\/#breadcrumb\"},\"inLanguage\":\"tr\",\"potentialAction\":[{\"@type\":\"ReadAction\",\"target\":[\"https:\/\/junobjects.com\/tr\/urun\/gummy-coaster\/\"]}]},{\"@type\":\"ImageObject\",\"inLanguage\":\"tr\",\"@id\":\"https:\/\/junobjects.com\/tr\/urun\/gummy-coaster\/#primaryimage\",\"url\":\"https:\/\/junobjects.com\/wp-content\/uploads\/2026\/03\/WEB33.jpg\",\"contentUrl\":\"https:\/\/junobjects.com\/wp-content\/uploads\/2026\/03\/WEB33.jpg\",\"width\":1250,\"height\":1500},{\"@type\":\"BreadcrumbList\",\"@id\":\"https:\/\/junobjects.com\/tr\/urun\/gummy-coaster\/#breadcrumb\",\"itemListElement\":[{\"@type\":\"ListItem\",\"position\":1,\"name\":\"Home\",\"item\":\"https:\/\/junobjects.com\/\"},{\"@type\":\"ListItem\",\"position\":2,\"name\":\"Shop\",\"item\":\"https:\/\/junobjects.com\/\"},{\"@type\":\"ListItem\",\"position\":3,\"name\":\"&#8220;Gummy&#8221; Coaster\"}]},{\"@type\":\"WebSite\",\"@id\":\"https:\/\/junobjects.com\/tr\/#website\",\"url\":\"https:\/\/junobjects.com\/tr\/\",\"name\":\"Jun Objects \u2014 Tufting, Rugs and Artworks\",\"description\":\"\",\"publisher\":{\"@id\":\"https:\/\/junobjects.com\/tr\/#organization\"},\"potentialAction\":[{\"@type\":\"SearchAction\",\"target\":{\"@type\":\"EntryPoint\",\"urlTemplate\":\"https:\/\/junobjects.com\/tr\/?s={search_term_string}\"},\"query-input\":{\"@type\":\"PropertyValueSpecification\",\"valueRequired\":true,\"valueName\":\"search_term_string\"}}],\"inLanguage\":\"tr\"},{\"@type\":\"Organization\",\"@id\":\"https:\/\/junobjects.com\/tr\/#organization\",\"name\":\"Jun Objects \u2014 Tufting, Rugs and Artworks\",\"url\":\"https:\/\/junobjects.com\/tr\/\",\"logo\":{\"@type\":\"ImageObject\",\"inLanguage\":\"tr\",\"@id\":\"https:\/\/junobjects.com\/tr\/#\/schema\/logo\/image\/\",\"url\":\"https:\/\/junobjects.com\/wp-content\/uploads\/2023\/08\/Juno-logo-4.jpg\",\"contentUrl\":\"https:\/\/junobjects.com\/wp-content\/uploads\/2023\/08\/Juno-logo-4.jpg\",\"width\":1080,\"height\":1080,\"caption\":\"Jun Objects \u2014 Tufting, Rugs and Artworks\"},\"image\":{\"@id\":\"https:\/\/junobjects.com\/tr\/#\/schema\/logo\/image\/\"},\"sameAs\":[\"https:\/\/www.instagram.com\/junobjects\/\"]}]}<\/script>\n<!-- \/ Yoast SEO plugin. -->","yoast_head_json":{"title":"\"Gummy\" Coaster &#8212; Jun Objects","robots":{"index":"index","follow":"follow","max-snippet":"max-snippet:-1","max-image-preview":"max-image-preview:large","max-video-preview":"max-video-preview:-1"},"canonical":"https:\/\/junobjects.com\/tr\/urun\/gummy-coaster\/","og_locale":"tr_TR","og_type":"article","og_title":"\"Gummy\" Coaster &#8212; Jun Objects","og_description":"Hand painted 1 pieces Diameter: 10 cm The bottom is lined with natural cork to prevent slipping and protect surfaces from scratches.","og_url":"https:\/\/junobjects.com\/tr\/urun\/gummy-coaster\/","og_site_name":"Jun Objects","article_modified_time":"2026-04-10T22:10:29+00:00","og_image":[{"width":1250,"height":1500,"url":"https:\/\/junobjects.com\/wp-content\/uploads\/2026\/03\/WEB33.jpg","type":"image\/jpeg"}],"twitter_card":"summary_large_image","schema":{"@context":"https:\/\/schema.org","@graph":[{"@type":["WebPage","ItemPage"],"@id":"https:\/\/junobjects.com\/tr\/urun\/gummy-coaster\/","url":"https:\/\/junobjects.com\/tr\/urun\/gummy-coaster\/","name":"\"Gummy\" Coaster &#8212; Jun Objects","isPartOf":{"@id":"https:\/\/junobjects.com\/tr\/#website"},"primaryImageOfPage":{"@id":"https:\/\/junobjects.com\/tr\/urun\/gummy-coaster\/#primaryimage"},"image":{"@id":"https:\/\/junobjects.com\/tr\/urun\/gummy-coaster\/#primaryimage"},"thumbnailUrl":"https:\/\/junobjects.com\/wp-content\/uploads\/2026\/03\/WEB33.jpg","datePublished":"2026-03-25T18:07:29+00:00","dateModified":"2026-04-10T22:10:29+00:00","breadcrumb":{"@id":"https:\/\/junobjects.com\/tr\/urun\/gummy-coaster\/#breadcrumb"},"inLanguage":"tr","potentialAction":[{"@type":"ReadAction","target":["https:\/\/junobjects.com\/tr\/urun\/gummy-coaster\/"]}]},{"@type":"ImageObject","inLanguage":"tr","@id":"https:\/\/junobjects.com\/tr\/urun\/gummy-coaster\/#primaryimage","url":"https:\/\/junobjects.com\/wp-content\/uploads\/2026\/03\/WEB33.jpg","contentUrl":"https:\/\/junobjects.com\/wp-content\/uploads\/2026\/03\/WEB33.jpg","width":1250,"height":1500},{"@type":"BreadcrumbList","@id":"https:\/\/junobjects.com\/tr\/urun\/gummy-coaster\/#breadcrumb","itemListElement":[{"@type":"ListItem","position":1,"name":"Home","item":"https:\/\/junobjects.com\/"},{"@type":"ListItem","position":2,"name":"Shop","item":"https:\/\/junobjects.com\/"},{"@type":"ListItem","position":3,"name":"&#8220;Gummy&#8221; Coaster"}]},{"@type":"WebSite","@id":"https:\/\/junobjects.com\/tr\/#website","url":"https:\/\/junobjects.com\/tr\/","name":"Jun Objects \u2014 Tufting, Rugs and Artworks","description":"","publisher":{"@id":"https:\/\/junobjects.com\/tr\/#organization"},"potentialAction":[{"@type":"SearchAction","target":{"@type":"EntryPoint","urlTemplate":"https:\/\/junobjects.com\/tr\/?s={search_term_string}"},"query-input":{"@type":"PropertyValueSpecification","valueRequired":true,"valueName":"search_term_string"}}],"inLanguage":"tr"},{"@type":"Organization","@id":"https:\/\/junobjects.com\/tr\/#organization","name":"Jun Objects \u2014 Tufting, Rugs and Artworks","url":"https:\/\/junobjects.com\/tr\/","logo":{"@type":"ImageObject","inLanguage":"tr","@id":"https:\/\/junobjects.com\/tr\/#\/schema\/logo\/image\/","url":"https:\/\/junobjects.com\/wp-content\/uploads\/2023\/08\/Juno-logo-4.jpg","contentUrl":"https:\/\/junobjects.com\/wp-content\/uploads\/2023\/08\/Juno-logo-4.jpg","width":1080,"height":1080,"caption":"Jun Objects \u2014 Tufting, Rugs and Artworks"},"image":{"@id":"https:\/\/junobjects.com\/tr\/#\/schema\/logo\/image\/"},"sameAs":["https:\/\/www.instagram.com\/junobjects\/"]}]}},"_links":{"self":[{"href":"https:\/\/junobjects.com\/tr\/wp-json\/wp\/v2\/product\/2064","targetHints":{"allow":["GET"]}}],"collection":[{"href":"https:\/\/junobjects.com\/tr\/wp-json\/wp\/v2\/product"}],"about":[{"href":"https:\/\/junobjects.com\/tr\/wp-json\/wp\/v2\/types\/product"}],"wp:featuredmedia":[{"embeddable":true,"href":"https:\/\/junobjects.com\/tr\/wp-json\/wp\/v2\/media\/2030"}],"wp:attachment":[{"href":"https:\/\/junobjects.com\/tr\/wp-json\/wp\/v2\/media?parent=2064"}],"wp:term":[{"taxonomy":"product_brand","embeddable":true,"href":"https:\/\/junobjects.com\/tr\/wp-json\/wp\/v2\/product_brand?post=2064"},{"taxonomy":"product_cat","embeddable":true,"href":"https:\/\/junobjects.com\/tr\/wp-json\/wp\/v2\/product_cat?post=2064"},{"taxonomy":"product_tag","embeddable":true,"href":"https:\/\/junobjects.com\/tr\/wp-json\/wp\/v2\/product_tag?post=2064"}],"curies":[{"name":"wp","href":"https:\/\/api.w.org\/{rel}","templated":true}]}}