{"id":1854,"date":"2026-02-18T12:36:23","date_gmt":"2026-02-18T09:36:23","guid":{"rendered":"https:\/\/junobjects.com\/?post_type=product&#038;p=1854"},"modified":"2026-03-26T10:24:13","modified_gmt":"2026-03-26T07:24:13","slug":"wildberry-bandana-2","status":"publish","type":"product","link":"https:\/\/junobjects.com\/tr\/urun\/wildberry-bandana-2\/","title":{"rendered":"Wildberry Bandana"},"content":{"rendered":"<p>Makinede so\u011fuk suda ya da elde y\u0131kanabilir.<br \/>\n\u00c7abuk kurur. \u00dct\u00fcleme i\u00e7in uygundur.<\/p>","protected":false},"excerpt":{"rendered":"<p>It is sold as an outlet item due to a minor flaw that does not affect its functionality.<br \/>\n60&#215;60 cm<br \/>\nDesenler elle \u00e7izilmi\u015f ve dijital olarak bas\u0131lm\u0131\u015ft\u0131r.<br \/>\n100% Pamuk, yumu\u015fak kuma\u015f<\/p>","protected":false},"featured_media":1466,"template":"","meta":[],"product_brand":[],"product_cat":[185],"product_tag":[88,95,43,100,101,98,102,103,42,99],"class_list":{"0":"post-1854","1":"product","2":"type-product","3":"status-publish","4":"has-post-thumbnail","6":"product_cat-outlet","7":"product_tag-abstract-design","8":"product_tag-aksesuar","9":"product_tag-bandana","10":"product_tag-cicekli-bandana","11":"product_tag-fashion-bandana","12":"product_tag-organic-cotton-bandana","13":"product_tag-pamuklu-bandana","14":"product_tag-pamuklu-sal","15":"product_tag-scarf","16":"product_tag-winter-scarf","17":"product_shipping_class-ship-bandana","19":"first","20":"outofstock","21":"sale","22":"shipping-taxable","23":"purchasable","24":"product-type-simple"},"yoast_head":"<!-- This site is optimized with the Yoast SEO plugin v25.2 - https:\/\/yoast.com\/wordpress\/plugins\/seo\/ -->\n<title>Wildberry Bandana &#8212; Jun Objects<\/title>\n<meta name=\"robots\" content=\"index, follow, max-snippet:-1, max-image-preview:large, max-video-preview:-1\" \/>\n<link rel=\"canonical\" href=\"https:\/\/junobjects.com\/tr\/urun\/wildberry-bandana-2\/\" \/>\n<meta property=\"og:locale\" content=\"tr_TR\" \/>\n<meta property=\"og:type\" content=\"article\" \/>\n<meta property=\"og:title\" content=\"Wildberry Bandana &#8212; Jun Objects\" \/>\n<meta property=\"og:description\" content=\"It is sold as an outlet item due to a minor flaw that does not affect its functionality. 60x60 cm Patterns are hand-drawn and digitally printed. 100% Cotton, soft fabric\" \/>\n<meta property=\"og:url\" content=\"https:\/\/junobjects.com\/tr\/urun\/wildberry-bandana-2\/\" \/>\n<meta property=\"og:site_name\" content=\"Jun Objects\" \/>\n<meta property=\"article:modified_time\" content=\"2026-03-26T07:24:13+00:00\" \/>\n<meta property=\"og:image\" content=\"https:\/\/junobjects.com\/wp-content\/uploads\/2025\/02\/web-images-fular-328.jpg\" \/>\n\t<meta property=\"og:image:width\" content=\"1250\" \/>\n\t<meta property=\"og:image:height\" content=\"1500\" \/>\n\t<meta property=\"og:image:type\" content=\"image\/jpeg\" \/>\n<meta name=\"twitter:card\" content=\"summary_large_image\" \/>\n<script type=\"application\/ld+json\" class=\"yoast-schema-graph\">{\"@context\":\"https:\/\/schema.org\",\"@graph\":[{\"@type\":[\"WebPage\",\"ItemPage\"],\"@id\":\"https:\/\/junobjects.com\/tr\/urun\/wildberry-bandana-2\/\",\"url\":\"https:\/\/junobjects.com\/tr\/urun\/wildberry-bandana-2\/\",\"name\":\"Wildberry Bandana &#8212; Jun Objects\",\"isPartOf\":{\"@id\":\"https:\/\/junobjects.com\/tr\/#website\"},\"primaryImageOfPage\":{\"@id\":\"https:\/\/junobjects.com\/tr\/urun\/wildberry-bandana-2\/#primaryimage\"},\"image\":{\"@id\":\"https:\/\/junobjects.com\/tr\/urun\/wildberry-bandana-2\/#primaryimage\"},\"thumbnailUrl\":\"https:\/\/junobjects.com\/wp-content\/uploads\/2025\/02\/web-images-fular-328.jpg\",\"datePublished\":\"2026-02-18T09:36:23+00:00\",\"dateModified\":\"2026-03-26T07:24:13+00:00\",\"breadcrumb\":{\"@id\":\"https:\/\/junobjects.com\/tr\/urun\/wildberry-bandana-2\/#breadcrumb\"},\"inLanguage\":\"tr\",\"potentialAction\":[{\"@type\":\"ReadAction\",\"target\":[\"https:\/\/junobjects.com\/tr\/urun\/wildberry-bandana-2\/\"]}]},{\"@type\":\"ImageObject\",\"inLanguage\":\"tr\",\"@id\":\"https:\/\/junobjects.com\/tr\/urun\/wildberry-bandana-2\/#primaryimage\",\"url\":\"https:\/\/junobjects.com\/wp-content\/uploads\/2025\/02\/web-images-fular-328.jpg\",\"contentUrl\":\"https:\/\/junobjects.com\/wp-content\/uploads\/2025\/02\/web-images-fular-328.jpg\",\"width\":1250,\"height\":1500},{\"@type\":\"BreadcrumbList\",\"@id\":\"https:\/\/junobjects.com\/tr\/urun\/wildberry-bandana-2\/#breadcrumb\",\"itemListElement\":[{\"@type\":\"ListItem\",\"position\":1,\"name\":\"Home\",\"item\":\"https:\/\/junobjects.com\/\"},{\"@type\":\"ListItem\",\"position\":2,\"name\":\"Shop\",\"item\":\"https:\/\/junobjects.com\/\"},{\"@type\":\"ListItem\",\"position\":3,\"name\":\"Wildberry Bandana\"}]},{\"@type\":\"WebSite\",\"@id\":\"https:\/\/junobjects.com\/tr\/#website\",\"url\":\"https:\/\/junobjects.com\/tr\/\",\"name\":\"Jun Objects \u2014 Tufting, Rugs and Artworks\",\"description\":\"\",\"publisher\":{\"@id\":\"https:\/\/junobjects.com\/tr\/#organization\"},\"potentialAction\":[{\"@type\":\"SearchAction\",\"target\":{\"@type\":\"EntryPoint\",\"urlTemplate\":\"https:\/\/junobjects.com\/tr\/?s={search_term_string}\"},\"query-input\":{\"@type\":\"PropertyValueSpecification\",\"valueRequired\":true,\"valueName\":\"search_term_string\"}}],\"inLanguage\":\"tr\"},{\"@type\":\"Organization\",\"@id\":\"https:\/\/junobjects.com\/tr\/#organization\",\"name\":\"Jun Objects \u2014 Tufting, Rugs and Artworks\",\"url\":\"https:\/\/junobjects.com\/tr\/\",\"logo\":{\"@type\":\"ImageObject\",\"inLanguage\":\"tr\",\"@id\":\"https:\/\/junobjects.com\/tr\/#\/schema\/logo\/image\/\",\"url\":\"https:\/\/junobjects.com\/wp-content\/uploads\/2023\/08\/Juno-logo-4.jpg\",\"contentUrl\":\"https:\/\/junobjects.com\/wp-content\/uploads\/2023\/08\/Juno-logo-4.jpg\",\"width\":1080,\"height\":1080,\"caption\":\"Jun Objects \u2014 Tufting, Rugs and Artworks\"},\"image\":{\"@id\":\"https:\/\/junobjects.com\/tr\/#\/schema\/logo\/image\/\"},\"sameAs\":[\"https:\/\/www.instagram.com\/junobjects\/\"]}]}<\/script>\n<!-- \/ Yoast SEO plugin. -->","yoast_head_json":{"title":"Wildberry Bandana &#8212; Jun Objects","robots":{"index":"index","follow":"follow","max-snippet":"max-snippet:-1","max-image-preview":"max-image-preview:large","max-video-preview":"max-video-preview:-1"},"canonical":"https:\/\/junobjects.com\/tr\/urun\/wildberry-bandana-2\/","og_locale":"tr_TR","og_type":"article","og_title":"Wildberry Bandana &#8212; Jun Objects","og_description":"It is sold as an outlet item due to a minor flaw that does not affect its functionality. 60x60 cm Patterns are hand-drawn and digitally printed. 100% Cotton, soft fabric","og_url":"https:\/\/junobjects.com\/tr\/urun\/wildberry-bandana-2\/","og_site_name":"Jun Objects","article_modified_time":"2026-03-26T07:24:13+00:00","og_image":[{"width":1250,"height":1500,"url":"https:\/\/junobjects.com\/wp-content\/uploads\/2025\/02\/web-images-fular-328.jpg","type":"image\/jpeg"}],"twitter_card":"summary_large_image","schema":{"@context":"https:\/\/schema.org","@graph":[{"@type":["WebPage","ItemPage"],"@id":"https:\/\/junobjects.com\/tr\/urun\/wildberry-bandana-2\/","url":"https:\/\/junobjects.com\/tr\/urun\/wildberry-bandana-2\/","name":"Wildberry Bandana &#8212; Jun Objects","isPartOf":{"@id":"https:\/\/junobjects.com\/tr\/#website"},"primaryImageOfPage":{"@id":"https:\/\/junobjects.com\/tr\/urun\/wildberry-bandana-2\/#primaryimage"},"image":{"@id":"https:\/\/junobjects.com\/tr\/urun\/wildberry-bandana-2\/#primaryimage"},"thumbnailUrl":"https:\/\/junobjects.com\/wp-content\/uploads\/2025\/02\/web-images-fular-328.jpg","datePublished":"2026-02-18T09:36:23+00:00","dateModified":"2026-03-26T07:24:13+00:00","breadcrumb":{"@id":"https:\/\/junobjects.com\/tr\/urun\/wildberry-bandana-2\/#breadcrumb"},"inLanguage":"tr","potentialAction":[{"@type":"ReadAction","target":["https:\/\/junobjects.com\/tr\/urun\/wildberry-bandana-2\/"]}]},{"@type":"ImageObject","inLanguage":"tr","@id":"https:\/\/junobjects.com\/tr\/urun\/wildberry-bandana-2\/#primaryimage","url":"https:\/\/junobjects.com\/wp-content\/uploads\/2025\/02\/web-images-fular-328.jpg","contentUrl":"https:\/\/junobjects.com\/wp-content\/uploads\/2025\/02\/web-images-fular-328.jpg","width":1250,"height":1500},{"@type":"BreadcrumbList","@id":"https:\/\/junobjects.com\/tr\/urun\/wildberry-bandana-2\/#breadcrumb","itemListElement":[{"@type":"ListItem","position":1,"name":"Home","item":"https:\/\/junobjects.com\/"},{"@type":"ListItem","position":2,"name":"Shop","item":"https:\/\/junobjects.com\/"},{"@type":"ListItem","position":3,"name":"Wildberry Bandana"}]},{"@type":"WebSite","@id":"https:\/\/junobjects.com\/tr\/#website","url":"https:\/\/junobjects.com\/tr\/","name":"Jun Objects \u2014 Tufting, Rugs and Artworks","description":"","publisher":{"@id":"https:\/\/junobjects.com\/tr\/#organization"},"potentialAction":[{"@type":"SearchAction","target":{"@type":"EntryPoint","urlTemplate":"https:\/\/junobjects.com\/tr\/?s={search_term_string}"},"query-input":{"@type":"PropertyValueSpecification","valueRequired":true,"valueName":"search_term_string"}}],"inLanguage":"tr"},{"@type":"Organization","@id":"https:\/\/junobjects.com\/tr\/#organization","name":"Jun Objects \u2014 Tufting, Rugs and Artworks","url":"https:\/\/junobjects.com\/tr\/","logo":{"@type":"ImageObject","inLanguage":"tr","@id":"https:\/\/junobjects.com\/tr\/#\/schema\/logo\/image\/","url":"https:\/\/junobjects.com\/wp-content\/uploads\/2023\/08\/Juno-logo-4.jpg","contentUrl":"https:\/\/junobjects.com\/wp-content\/uploads\/2023\/08\/Juno-logo-4.jpg","width":1080,"height":1080,"caption":"Jun Objects \u2014 Tufting, Rugs and Artworks"},"image":{"@id":"https:\/\/junobjects.com\/tr\/#\/schema\/logo\/image\/"},"sameAs":["https:\/\/www.instagram.com\/junobjects\/"]}]}},"_links":{"self":[{"href":"https:\/\/junobjects.com\/tr\/wp-json\/wp\/v2\/product\/1854","targetHints":{"allow":["GET"]}}],"collection":[{"href":"https:\/\/junobjects.com\/tr\/wp-json\/wp\/v2\/product"}],"about":[{"href":"https:\/\/junobjects.com\/tr\/wp-json\/wp\/v2\/types\/product"}],"wp:featuredmedia":[{"embeddable":true,"href":"https:\/\/junobjects.com\/tr\/wp-json\/wp\/v2\/media\/1466"}],"wp:attachment":[{"href":"https:\/\/junobjects.com\/tr\/wp-json\/wp\/v2\/media?parent=1854"}],"wp:term":[{"taxonomy":"product_brand","embeddable":true,"href":"https:\/\/junobjects.com\/tr\/wp-json\/wp\/v2\/product_brand?post=1854"},{"taxonomy":"product_cat","embeddable":true,"href":"https:\/\/junobjects.com\/tr\/wp-json\/wp\/v2\/product_cat?post=1854"},{"taxonomy":"product_tag","embeddable":true,"href":"https:\/\/junobjects.com\/tr\/wp-json\/wp\/v2\/product_tag?post=1854"}],"curies":[{"name":"wp","href":"https:\/\/api.w.org\/{rel}","templated":true}]}}