{"id":1826,"date":"2026-02-16T23:21:26","date_gmt":"2026-02-16T20:21:26","guid":{"rendered":"https:\/\/junobjects.com\/?post_type=product&#038;p=1826"},"modified":"2026-04-05T17:57:18","modified_gmt":"2026-04-05T14:57:18","slug":"terra-pouch","status":"publish","type":"product","link":"https:\/\/junobjects.com\/tr\/urun\/terra-pouch\/","title":{"rendered":"Terra C\u00fczdan (\u00d6n Sipari\u015f)"},"content":{"rendered":"<p>\u00dcr\u00fcn el yap\u0131m\u0131d\u0131r; nazik kullan\u0131m \u00f6nerilir.<br \/>\nIl\u0131k su ve deterjanla elde y\u0131kay\u0131n.<br \/>\nY\u0131kad\u0131ktan sonra d\u00fcz bir y\u00fczeye sererek kurutun.<\/p>","protected":false},"excerpt":{"rendered":"<p data-start=\"639\" data-end=\"657\">\u00dcr\u00fcn sipari\u015f \u00fczerine \u00fcretilmektedir. \u00dcretim s\u00fcresi yakla\u015f\u0131k 10\u201315 g\u00fcnd\u00fcr.<br \/>\nHer k\u0131l\u0131f el yap\u0131m\u0131d\u0131r ve punch needle tekni\u011fiyle \u00fcretilmi\u015ftir. Bu da her bir \u00fcr\u00fcn\u00fc benzersiz ve karakterli yapar.<br \/>\n20x12 cm<br \/>\nKullan\u0131m Alanlar\u0131: Makyaj \u00e7antas\u0131, Kalemlik, Kart &amp; k\u00fc\u00e7\u00fck c\u00fczdan alternatifi, G\u00fcnl\u00fck organizer, \u00c7anta i\u00e7i d\u00fczenleyici, Minimal el \u00e7antas\u0131<br \/>\nTuruncu, krem, siyah, haki ye\u015fil, a\u00e7\u0131k pembe, a\u00e7\u0131k turuncu.<br \/>\nAmerikan bezi Astarl\u0131<br \/>\nRenkli fermuar detayl\u0131<\/p>","protected":false},"featured_media":1827,"template":"","meta":[],"product_brand":[],"product_cat":[184,21],"product_tag":[190,198,196,175,195,193,191,192,194,197,199],"class_list":{"0":"post-1826","1":"product","2":"type-product","3":"status-publish","4":"has-post-thumbnail","6":"product_cat-gift-guide","7":"product_cat-objects","8":"product_tag-cok-amacli-canta","9":"product_tag-colorful-zipper-pouch","10":"product_tag-cosmetic-pouch","11":"product_tag-el-yapimi-canta","12":"product_tag-el-yapimi-cuzdan","13":"product_tag-fermuarli-canta","14":"product_tag-handmade-pouch","15":"product_tag-makyaj-cantasi","16":"product_tag-organizer-canta","17":"product_tag-punch-needle-bag","18":"product_tag-renkli-canta","19":"product_shipping_class-ship-objects","21":"first","22":"instock","23":"shipping-taxable","24":"purchasable","25":"product-type-simple"},"yoast_head":"<!-- This site is optimized with the Yoast SEO plugin v25.2 - https:\/\/yoast.com\/wordpress\/plugins\/seo\/ -->\n<title>Terra Pouch (Pre-Order) &#8212; Jun Objects<\/title>\n<meta name=\"robots\" content=\"index, follow, max-snippet:-1, max-image-preview:large, max-video-preview:-1\" \/>\n<link rel=\"canonical\" href=\"https:\/\/junobjects.com\/tr\/urun\/terra-pouch\/\" \/>\n<meta property=\"og:locale\" content=\"tr_TR\" \/>\n<meta property=\"og:type\" content=\"article\" \/>\n<meta property=\"og:title\" content=\"Terra Pouch (Pre-Order) &#8212; Jun Objects\" \/>\n<meta property=\"og:description\" content=\"This product is made to order. Production time is approximately 10\u201315 days. Each cover is 100% handmade using the punch needle technique, making every piece unique and full of character. Size: 20x12 cm Usage Areas: Makeup bag, Pencil case, Card &amp; small wallet alternative, Daily organizer, Bag organizer, Minimal handbag Color: Orange, cream, black, khaki green, light pink, light orange. American cotton-lined interior Colorful zipper detail\" \/>\n<meta property=\"og:url\" content=\"https:\/\/junobjects.com\/tr\/urun\/terra-pouch\/\" \/>\n<meta property=\"og:site_name\" content=\"Jun Objects\" \/>\n<meta property=\"article:modified_time\" content=\"2026-04-05T14:57:18+00:00\" \/>\n<meta property=\"og:image\" content=\"https:\/\/junobjects.com\/wp-content\/uploads\/2026\/02\/terra.jpg\" \/>\n\t<meta property=\"og:image:width\" content=\"1250\" \/>\n\t<meta property=\"og:image:height\" content=\"1500\" \/>\n\t<meta property=\"og:image:type\" content=\"image\/jpeg\" \/>\n<meta name=\"twitter:card\" content=\"summary_large_image\" \/>\n<script type=\"application\/ld+json\" class=\"yoast-schema-graph\">{\"@context\":\"https:\/\/schema.org\",\"@graph\":[{\"@type\":[\"WebPage\",\"ItemPage\"],\"@id\":\"https:\/\/junobjects.com\/tr\/urun\/terra-pouch\/\",\"url\":\"https:\/\/junobjects.com\/tr\/urun\/terra-pouch\/\",\"name\":\"Terra Pouch (Pre-Order) &#8212; Jun Objects\",\"isPartOf\":{\"@id\":\"https:\/\/junobjects.com\/tr\/#website\"},\"primaryImageOfPage\":{\"@id\":\"https:\/\/junobjects.com\/tr\/urun\/terra-pouch\/#primaryimage\"},\"image\":{\"@id\":\"https:\/\/junobjects.com\/tr\/urun\/terra-pouch\/#primaryimage\"},\"thumbnailUrl\":\"https:\/\/junobjects.com\/wp-content\/uploads\/2026\/02\/terra.jpg\",\"datePublished\":\"2026-02-16T20:21:26+00:00\",\"dateModified\":\"2026-04-05T14:57:18+00:00\",\"breadcrumb\":{\"@id\":\"https:\/\/junobjects.com\/tr\/urun\/terra-pouch\/#breadcrumb\"},\"inLanguage\":\"tr\",\"potentialAction\":[{\"@type\":\"ReadAction\",\"target\":[\"https:\/\/junobjects.com\/tr\/urun\/terra-pouch\/\"]}]},{\"@type\":\"ImageObject\",\"inLanguage\":\"tr\",\"@id\":\"https:\/\/junobjects.com\/tr\/urun\/terra-pouch\/#primaryimage\",\"url\":\"https:\/\/junobjects.com\/wp-content\/uploads\/2026\/02\/terra.jpg\",\"contentUrl\":\"https:\/\/junobjects.com\/wp-content\/uploads\/2026\/02\/terra.jpg\",\"width\":1250,\"height\":1500},{\"@type\":\"BreadcrumbList\",\"@id\":\"https:\/\/junobjects.com\/tr\/urun\/terra-pouch\/#breadcrumb\",\"itemListElement\":[{\"@type\":\"ListItem\",\"position\":1,\"name\":\"Home\",\"item\":\"https:\/\/junobjects.com\/\"},{\"@type\":\"ListItem\",\"position\":2,\"name\":\"Shop\",\"item\":\"https:\/\/junobjects.com\/\"},{\"@type\":\"ListItem\",\"position\":3,\"name\":\"Terra Pouch (Pre-Order)\"}]},{\"@type\":\"WebSite\",\"@id\":\"https:\/\/junobjects.com\/tr\/#website\",\"url\":\"https:\/\/junobjects.com\/tr\/\",\"name\":\"Jun Objects \u2014 Tufting, Rugs and Artworks\",\"description\":\"\",\"publisher\":{\"@id\":\"https:\/\/junobjects.com\/tr\/#organization\"},\"potentialAction\":[{\"@type\":\"SearchAction\",\"target\":{\"@type\":\"EntryPoint\",\"urlTemplate\":\"https:\/\/junobjects.com\/tr\/?s={search_term_string}\"},\"query-input\":{\"@type\":\"PropertyValueSpecification\",\"valueRequired\":true,\"valueName\":\"search_term_string\"}}],\"inLanguage\":\"tr\"},{\"@type\":\"Organization\",\"@id\":\"https:\/\/junobjects.com\/tr\/#organization\",\"name\":\"Jun Objects \u2014 Tufting, Rugs and Artworks\",\"url\":\"https:\/\/junobjects.com\/tr\/\",\"logo\":{\"@type\":\"ImageObject\",\"inLanguage\":\"tr\",\"@id\":\"https:\/\/junobjects.com\/tr\/#\/schema\/logo\/image\/\",\"url\":\"https:\/\/junobjects.com\/wp-content\/uploads\/2023\/08\/Juno-logo-4.jpg\",\"contentUrl\":\"https:\/\/junobjects.com\/wp-content\/uploads\/2023\/08\/Juno-logo-4.jpg\",\"width\":1080,\"height\":1080,\"caption\":\"Jun Objects \u2014 Tufting, Rugs and Artworks\"},\"image\":{\"@id\":\"https:\/\/junobjects.com\/tr\/#\/schema\/logo\/image\/\"},\"sameAs\":[\"https:\/\/www.instagram.com\/junobjects\/\"]}]}<\/script>\n<!-- \/ Yoast SEO plugin. -->","yoast_head_json":{"title":"Terra Pouch (Pre-Order) &#8212; Jun Objects","robots":{"index":"index","follow":"follow","max-snippet":"max-snippet:-1","max-image-preview":"max-image-preview:large","max-video-preview":"max-video-preview:-1"},"canonical":"https:\/\/junobjects.com\/tr\/urun\/terra-pouch\/","og_locale":"tr_TR","og_type":"article","og_title":"Terra Pouch (Pre-Order) &#8212; Jun Objects","og_description":"This product is made to order. Production time is approximately 10\u201315 days. Each cover is 100% handmade using the punch needle technique, making every piece unique and full of character. Size: 20x12 cm Usage Areas: Makeup bag, Pencil case, Card &amp; small wallet alternative, Daily organizer, Bag organizer, Minimal handbag Color: Orange, cream, black, khaki green, light pink, light orange. American cotton-lined interior Colorful zipper detail","og_url":"https:\/\/junobjects.com\/tr\/urun\/terra-pouch\/","og_site_name":"Jun Objects","article_modified_time":"2026-04-05T14:57:18+00:00","og_image":[{"width":1250,"height":1500,"url":"https:\/\/junobjects.com\/wp-content\/uploads\/2026\/02\/terra.jpg","type":"image\/jpeg"}],"twitter_card":"summary_large_image","schema":{"@context":"https:\/\/schema.org","@graph":[{"@type":["WebPage","ItemPage"],"@id":"https:\/\/junobjects.com\/tr\/urun\/terra-pouch\/","url":"https:\/\/junobjects.com\/tr\/urun\/terra-pouch\/","name":"Terra Pouch (Pre-Order) &#8212; Jun Objects","isPartOf":{"@id":"https:\/\/junobjects.com\/tr\/#website"},"primaryImageOfPage":{"@id":"https:\/\/junobjects.com\/tr\/urun\/terra-pouch\/#primaryimage"},"image":{"@id":"https:\/\/junobjects.com\/tr\/urun\/terra-pouch\/#primaryimage"},"thumbnailUrl":"https:\/\/junobjects.com\/wp-content\/uploads\/2026\/02\/terra.jpg","datePublished":"2026-02-16T20:21:26+00:00","dateModified":"2026-04-05T14:57:18+00:00","breadcrumb":{"@id":"https:\/\/junobjects.com\/tr\/urun\/terra-pouch\/#breadcrumb"},"inLanguage":"tr","potentialAction":[{"@type":"ReadAction","target":["https:\/\/junobjects.com\/tr\/urun\/terra-pouch\/"]}]},{"@type":"ImageObject","inLanguage":"tr","@id":"https:\/\/junobjects.com\/tr\/urun\/terra-pouch\/#primaryimage","url":"https:\/\/junobjects.com\/wp-content\/uploads\/2026\/02\/terra.jpg","contentUrl":"https:\/\/junobjects.com\/wp-content\/uploads\/2026\/02\/terra.jpg","width":1250,"height":1500},{"@type":"BreadcrumbList","@id":"https:\/\/junobjects.com\/tr\/urun\/terra-pouch\/#breadcrumb","itemListElement":[{"@type":"ListItem","position":1,"name":"Home","item":"https:\/\/junobjects.com\/"},{"@type":"ListItem","position":2,"name":"Shop","item":"https:\/\/junobjects.com\/"},{"@type":"ListItem","position":3,"name":"Terra Pouch (Pre-Order)"}]},{"@type":"WebSite","@id":"https:\/\/junobjects.com\/tr\/#website","url":"https:\/\/junobjects.com\/tr\/","name":"Jun Objects \u2014 Tufting, Rugs and Artworks","description":"","publisher":{"@id":"https:\/\/junobjects.com\/tr\/#organization"},"potentialAction":[{"@type":"SearchAction","target":{"@type":"EntryPoint","urlTemplate":"https:\/\/junobjects.com\/tr\/?s={search_term_string}"},"query-input":{"@type":"PropertyValueSpecification","valueRequired":true,"valueName":"search_term_string"}}],"inLanguage":"tr"},{"@type":"Organization","@id":"https:\/\/junobjects.com\/tr\/#organization","name":"Jun Objects \u2014 Tufting, Rugs and Artworks","url":"https:\/\/junobjects.com\/tr\/","logo":{"@type":"ImageObject","inLanguage":"tr","@id":"https:\/\/junobjects.com\/tr\/#\/schema\/logo\/image\/","url":"https:\/\/junobjects.com\/wp-content\/uploads\/2023\/08\/Juno-logo-4.jpg","contentUrl":"https:\/\/junobjects.com\/wp-content\/uploads\/2023\/08\/Juno-logo-4.jpg","width":1080,"height":1080,"caption":"Jun Objects \u2014 Tufting, Rugs and Artworks"},"image":{"@id":"https:\/\/junobjects.com\/tr\/#\/schema\/logo\/image\/"},"sameAs":["https:\/\/www.instagram.com\/junobjects\/"]}]}},"_links":{"self":[{"href":"https:\/\/junobjects.com\/tr\/wp-json\/wp\/v2\/product\/1826","targetHints":{"allow":["GET"]}}],"collection":[{"href":"https:\/\/junobjects.com\/tr\/wp-json\/wp\/v2\/product"}],"about":[{"href":"https:\/\/junobjects.com\/tr\/wp-json\/wp\/v2\/types\/product"}],"wp:featuredmedia":[{"embeddable":true,"href":"https:\/\/junobjects.com\/tr\/wp-json\/wp\/v2\/media\/1827"}],"wp:attachment":[{"href":"https:\/\/junobjects.com\/tr\/wp-json\/wp\/v2\/media?parent=1826"}],"wp:term":[{"taxonomy":"product_brand","embeddable":true,"href":"https:\/\/junobjects.com\/tr\/wp-json\/wp\/v2\/product_brand?post=1826"},{"taxonomy":"product_cat","embeddable":true,"href":"https:\/\/junobjects.com\/tr\/wp-json\/wp\/v2\/product_cat?post=1826"},{"taxonomy":"product_tag","embeddable":true,"href":"https:\/\/junobjects.com\/tr\/wp-json\/wp\/v2\/product_tag?post=1826"}],"curies":[{"name":"wp","href":"https:\/\/api.w.org\/{rel}","templated":true}]}}