{"id":1764,"date":"2026-01-26T12:26:52","date_gmt":"2026-01-26T09:26:52","guid":{"rendered":"https:\/\/junobjects.com\/?post_type=product&#038;p=1764"},"modified":"2026-04-05T17:58:31","modified_gmt":"2026-04-05T14:58:31","slug":"candy-corner-coaster-2","status":"publish","type":"product","link":"https:\/\/junobjects.com\/tr\/urun\/candy-corner-coaster-2\/","title":{"rendered":"Candy Corner Bardak Altl\u0131\u011f\u0131 \u2013 Tek Par\u00e7a"},"content":{"rendered":"<p data-start=\"83\" data-end=\"119\">Il\u0131k su ile y\u0131kanabilir.<br \/>\n\u00c7ama\u015f\u0131r suyu kullan\u0131lmamal\u0131d\u0131r.<br \/>\nD\u00fcz bir \u015fekilde kurutunuz.<\/p>","protected":false},"excerpt":{"rendered":"<p><strong>Bu liste sadece tek bir bardak altl\u0131\u011f\u0131 i\u00e7indir.<\/strong><br data-start=\"205\" data-end=\"208\" \/><strong>Sipari\u015finizi verirken l\u00fctfen \u201cSipari\u015f notu\u201d b\u00f6l\u00fcm\u00fcne se\u00e7ti\u011finiz tasar\u0131m\u0131 yazd\u0131\u011f\u0131n\u0131zdan emin olun.<\/strong><br \/>\nPunch tekni\u011fi kullan\u0131larak el yap\u0131m\u0131d\u0131r \u00fcretilmi\u015f bir \u00fcr\u00fcnd\u00fcr.<br \/>\nArka taraf\u0131 ke\u00e7e ile kapl\u0131d\u0131r.<br \/>\nBoyutlar\u0131 yakla\u015f\u0131k 11-12 cm'dir.<br \/>\nEl yap\u0131m\u0131 olduklar\u0131 i\u00e7in, par\u00e7alar aras\u0131nda boyut ve desen a\u00e7\u0131s\u0131ndan k\u00fc\u00e7\u00fck farkl\u0131l\u0131klar olabilir.<\/p>","protected":false},"featured_media":1765,"template":"","meta":[],"product_brand":[],"product_cat":[184,21],"product_tag":[154,150,145,153,144,156,152,149,155,151,147,146,148],"class_list":{"0":"post-1764","1":"product","2":"type-product","3":"status-publish","4":"has-post-thumbnail","6":"product_cat-gift-guide","7":"product_cat-objects","8":"product_tag-boho-kirlent","9":"product_tag-colorful-pillow-cover","10":"product_tag-embroidered-cushion","11":"product_tag-fun-home-decor","12":"product_tag-islemeli-yastik","13":"product_tag-modern-handmade-punch-needle-pillow","14":"product_tag-punc-yastik-kilifi","15":"product_tag-punch-needle-art","16":"product_tag-puskullu-minder","17":"product_tag-renkli-yastik","18":"product_tag-sofa-pillow-case","19":"product_tag-tufted-cushion","20":"product_tag-unique-handmade-gift","21":"product_shipping_class-ship-artworks","23":"first","24":"instock","25":"shipping-taxable","26":"purchasable","27":"product-type-simple"},"yoast_head":"<!-- This site is optimized with the Yoast SEO plugin v27.4 - https:\/\/yoast.com\/product\/yoast-seo-wordpress\/ -->\n<title>Candy Corner Coaster - Single Piece &#8212; Jun Objects<\/title>\n<meta name=\"robots\" content=\"index, follow, max-snippet:-1, max-image-preview:large, max-video-preview:-1\" \/>\n<link rel=\"canonical\" href=\"https:\/\/junobjects.com\/tr\/urun\/candy-corner-coaster-2\/\" \/>\n<meta property=\"og:locale\" content=\"tr_TR\" \/>\n<meta property=\"og:type\" content=\"article\" \/>\n<meta property=\"og:title\" content=\"Candy Corner Coaster - Single Piece &#8212; Jun Objects\" \/>\n<meta property=\"og:description\" content=\"This listing is for one single coaster only.Please make sure to write the design you choose in the \u201cOrder note\u201d section when placing your order. Entirely handmade using the punch technique. Back side covered with felt. Dimensions are approximately 11\u201312 cm. As they are handmade, there may be slight variations in size and pattern between pieces.\" \/>\n<meta property=\"og:url\" content=\"https:\/\/junobjects.com\/tr\/urun\/candy-corner-coaster-2\/\" \/>\n<meta property=\"og:site_name\" content=\"Jun Objects\" \/>\n<meta property=\"article:modified_time\" content=\"2026-04-05T14:58:31+00:00\" \/>\n<meta property=\"og:image\" content=\"https:\/\/junobjects.com\/wp-content\/uploads\/2026\/01\/IMG_6433.jpg\" \/>\n\t<meta property=\"og:image:width\" content=\"1500\" \/>\n\t<meta property=\"og:image:height\" content=\"2000\" \/>\n\t<meta property=\"og:image:type\" content=\"image\/jpeg\" \/>\n<meta name=\"twitter:card\" content=\"summary_large_image\" \/>\n<script type=\"application\/ld+json\" class=\"yoast-schema-graph\">{\"@context\":\"https:\\\/\\\/schema.org\",\"@graph\":[{\"@type\":[\"WebPage\",\"ItemPage\"],\"@id\":\"https:\\\/\\\/junobjects.com\\\/tr\\\/urun\\\/candy-corner-coaster-2\\\/\",\"url\":\"https:\\\/\\\/junobjects.com\\\/tr\\\/urun\\\/candy-corner-coaster-2\\\/\",\"name\":\"Candy Corner Coaster - Single Piece &#8212; Jun Objects\",\"isPartOf\":{\"@id\":\"https:\\\/\\\/junobjects.com\\\/tr\\\/#website\"},\"primaryImageOfPage\":{\"@id\":\"https:\\\/\\\/junobjects.com\\\/tr\\\/urun\\\/candy-corner-coaster-2\\\/#primaryimage\"},\"image\":{\"@id\":\"https:\\\/\\\/junobjects.com\\\/tr\\\/urun\\\/candy-corner-coaster-2\\\/#primaryimage\"},\"thumbnailUrl\":\"https:\\\/\\\/junobjects.com\\\/wp-content\\\/uploads\\\/2026\\\/01\\\/IMG_6433.jpg\",\"datePublished\":\"2026-01-26T09:26:52+00:00\",\"dateModified\":\"2026-04-05T14:58:31+00:00\",\"breadcrumb\":{\"@id\":\"https:\\\/\\\/junobjects.com\\\/tr\\\/urun\\\/candy-corner-coaster-2\\\/#breadcrumb\"},\"inLanguage\":\"tr\",\"potentialAction\":[{\"@type\":\"ReadAction\",\"target\":[\"https:\\\/\\\/junobjects.com\\\/tr\\\/urun\\\/candy-corner-coaster-2\\\/\"]}]},{\"@type\":\"ImageObject\",\"inLanguage\":\"tr\",\"@id\":\"https:\\\/\\\/junobjects.com\\\/tr\\\/urun\\\/candy-corner-coaster-2\\\/#primaryimage\",\"url\":\"https:\\\/\\\/junobjects.com\\\/wp-content\\\/uploads\\\/2026\\\/01\\\/IMG_6433.jpg\",\"contentUrl\":\"https:\\\/\\\/junobjects.com\\\/wp-content\\\/uploads\\\/2026\\\/01\\\/IMG_6433.jpg\",\"width\":1500,\"height\":2000},{\"@type\":\"BreadcrumbList\",\"@id\":\"https:\\\/\\\/junobjects.com\\\/tr\\\/urun\\\/candy-corner-coaster-2\\\/#breadcrumb\",\"itemListElement\":[{\"@type\":\"ListItem\",\"position\":1,\"name\":\"Home\",\"item\":\"https:\\\/\\\/junobjects.com\\\/\"},{\"@type\":\"ListItem\",\"position\":2,\"name\":\"Shop\",\"item\":\"https:\\\/\\\/junobjects.com\\\/\"},{\"@type\":\"ListItem\",\"position\":3,\"name\":\"Candy Corner Coaster &#8211; Single Piece\"}]},{\"@type\":\"WebSite\",\"@id\":\"https:\\\/\\\/junobjects.com\\\/tr\\\/#website\",\"url\":\"https:\\\/\\\/junobjects.com\\\/tr\\\/\",\"name\":\"Jun Objects \u2014 Tufting, Rugs and Artworks\",\"description\":\"\",\"publisher\":{\"@id\":\"https:\\\/\\\/junobjects.com\\\/tr\\\/#organization\"},\"potentialAction\":[{\"@type\":\"SearchAction\",\"target\":{\"@type\":\"EntryPoint\",\"urlTemplate\":\"https:\\\/\\\/junobjects.com\\\/tr\\\/?s={search_term_string}\"},\"query-input\":{\"@type\":\"PropertyValueSpecification\",\"valueRequired\":true,\"valueName\":\"search_term_string\"}}],\"inLanguage\":\"tr\"},{\"@type\":\"Organization\",\"@id\":\"https:\\\/\\\/junobjects.com\\\/tr\\\/#organization\",\"name\":\"Jun Objects \u2014 Tufting, Rugs and Artworks\",\"url\":\"https:\\\/\\\/junobjects.com\\\/tr\\\/\",\"logo\":{\"@type\":\"ImageObject\",\"inLanguage\":\"tr\",\"@id\":\"https:\\\/\\\/junobjects.com\\\/tr\\\/#\\\/schema\\\/logo\\\/image\\\/\",\"url\":\"https:\\\/\\\/junobjects.com\\\/wp-content\\\/uploads\\\/2023\\\/08\\\/Juno-logo-4.jpg\",\"contentUrl\":\"https:\\\/\\\/junobjects.com\\\/wp-content\\\/uploads\\\/2023\\\/08\\\/Juno-logo-4.jpg\",\"width\":1080,\"height\":1080,\"caption\":\"Jun Objects \u2014 Tufting, Rugs and Artworks\"},\"image\":{\"@id\":\"https:\\\/\\\/junobjects.com\\\/tr\\\/#\\\/schema\\\/logo\\\/image\\\/\"},\"sameAs\":[\"https:\\\/\\\/www.instagram.com\\\/junobjects\\\/\"]}]}<\/script>\n<!-- \/ Yoast SEO plugin. -->","yoast_head_json":{"title":"Candy Corner Coaster - Single Piece &#8212; Jun Objects","robots":{"index":"index","follow":"follow","max-snippet":"max-snippet:-1","max-image-preview":"max-image-preview:large","max-video-preview":"max-video-preview:-1"},"canonical":"https:\/\/junobjects.com\/tr\/urun\/candy-corner-coaster-2\/","og_locale":"tr_TR","og_type":"article","og_title":"Candy Corner Coaster - Single Piece &#8212; Jun Objects","og_description":"This listing is for one single coaster only.Please make sure to write the design you choose in the \u201cOrder note\u201d section when placing your order. Entirely handmade using the punch technique. Back side covered with felt. Dimensions are approximately 11\u201312 cm. As they are handmade, there may be slight variations in size and pattern between pieces.","og_url":"https:\/\/junobjects.com\/tr\/urun\/candy-corner-coaster-2\/","og_site_name":"Jun Objects","article_modified_time":"2026-04-05T14:58:31+00:00","og_image":[{"width":1500,"height":2000,"url":"https:\/\/junobjects.com\/wp-content\/uploads\/2026\/01\/IMG_6433.jpg","type":"image\/jpeg"}],"twitter_card":"summary_large_image","schema":{"@context":"https:\/\/schema.org","@graph":[{"@type":["WebPage","ItemPage"],"@id":"https:\/\/junobjects.com\/tr\/urun\/candy-corner-coaster-2\/","url":"https:\/\/junobjects.com\/tr\/urun\/candy-corner-coaster-2\/","name":"Candy Corner Coaster - Single Piece &#8212; Jun Objects","isPartOf":{"@id":"https:\/\/junobjects.com\/tr\/#website"},"primaryImageOfPage":{"@id":"https:\/\/junobjects.com\/tr\/urun\/candy-corner-coaster-2\/#primaryimage"},"image":{"@id":"https:\/\/junobjects.com\/tr\/urun\/candy-corner-coaster-2\/#primaryimage"},"thumbnailUrl":"https:\/\/junobjects.com\/wp-content\/uploads\/2026\/01\/IMG_6433.jpg","datePublished":"2026-01-26T09:26:52+00:00","dateModified":"2026-04-05T14:58:31+00:00","breadcrumb":{"@id":"https:\/\/junobjects.com\/tr\/urun\/candy-corner-coaster-2\/#breadcrumb"},"inLanguage":"tr","potentialAction":[{"@type":"ReadAction","target":["https:\/\/junobjects.com\/tr\/urun\/candy-corner-coaster-2\/"]}]},{"@type":"ImageObject","inLanguage":"tr","@id":"https:\/\/junobjects.com\/tr\/urun\/candy-corner-coaster-2\/#primaryimage","url":"https:\/\/junobjects.com\/wp-content\/uploads\/2026\/01\/IMG_6433.jpg","contentUrl":"https:\/\/junobjects.com\/wp-content\/uploads\/2026\/01\/IMG_6433.jpg","width":1500,"height":2000},{"@type":"BreadcrumbList","@id":"https:\/\/junobjects.com\/tr\/urun\/candy-corner-coaster-2\/#breadcrumb","itemListElement":[{"@type":"ListItem","position":1,"name":"Home","item":"https:\/\/junobjects.com\/"},{"@type":"ListItem","position":2,"name":"Shop","item":"https:\/\/junobjects.com\/"},{"@type":"ListItem","position":3,"name":"Candy Corner Coaster &#8211; Single Piece"}]},{"@type":"WebSite","@id":"https:\/\/junobjects.com\/tr\/#website","url":"https:\/\/junobjects.com\/tr\/","name":"Jun Objects \u2014 Tufting, Rugs and Artworks","description":"","publisher":{"@id":"https:\/\/junobjects.com\/tr\/#organization"},"potentialAction":[{"@type":"SearchAction","target":{"@type":"EntryPoint","urlTemplate":"https:\/\/junobjects.com\/tr\/?s={search_term_string}"},"query-input":{"@type":"PropertyValueSpecification","valueRequired":true,"valueName":"search_term_string"}}],"inLanguage":"tr"},{"@type":"Organization","@id":"https:\/\/junobjects.com\/tr\/#organization","name":"Jun Objects \u2014 Tufting, Rugs and Artworks","url":"https:\/\/junobjects.com\/tr\/","logo":{"@type":"ImageObject","inLanguage":"tr","@id":"https:\/\/junobjects.com\/tr\/#\/schema\/logo\/image\/","url":"https:\/\/junobjects.com\/wp-content\/uploads\/2023\/08\/Juno-logo-4.jpg","contentUrl":"https:\/\/junobjects.com\/wp-content\/uploads\/2023\/08\/Juno-logo-4.jpg","width":1080,"height":1080,"caption":"Jun Objects \u2014 Tufting, Rugs and Artworks"},"image":{"@id":"https:\/\/junobjects.com\/tr\/#\/schema\/logo\/image\/"},"sameAs":["https:\/\/www.instagram.com\/junobjects\/"]}]}},"_links":{"self":[{"href":"https:\/\/junobjects.com\/tr\/wp-json\/wp\/v2\/product\/1764","targetHints":{"allow":["GET"]}}],"collection":[{"href":"https:\/\/junobjects.com\/tr\/wp-json\/wp\/v2\/product"}],"about":[{"href":"https:\/\/junobjects.com\/tr\/wp-json\/wp\/v2\/types\/product"}],"wp:featuredmedia":[{"embeddable":true,"href":"https:\/\/junobjects.com\/tr\/wp-json\/wp\/v2\/media\/1765"}],"wp:attachment":[{"href":"https:\/\/junobjects.com\/tr\/wp-json\/wp\/v2\/media?parent=1764"}],"wp:term":[{"taxonomy":"product_brand","embeddable":true,"href":"https:\/\/junobjects.com\/tr\/wp-json\/wp\/v2\/product_brand?post=1764"},{"taxonomy":"product_cat","embeddable":true,"href":"https:\/\/junobjects.com\/tr\/wp-json\/wp\/v2\/product_cat?post=1764"},{"taxonomy":"product_tag","embeddable":true,"href":"https:\/\/junobjects.com\/tr\/wp-json\/wp\/v2\/product_tag?post=1764"}],"curies":[{"name":"wp","href":"https:\/\/api.w.org\/{rel}","templated":true}]}}