{"id":1635,"date":"2025-12-11T17:42:37","date_gmt":"2025-12-11T14:42:37","guid":{"rendered":"https:\/\/junobjects.com\/?post_type=product&#038;p=1635"},"modified":"2026-03-03T09:26:59","modified_gmt":"2026-03-03T06:26:59","slug":"pomodori-pillowcase","status":"publish","type":"product","link":"https:\/\/junobjects.com\/tr\/urun\/pomodori-pillowcase\/","title":{"rendered":"Pomodori Yast\u0131k K\u0131l\u0131f\u0131"},"content":{"rendered":"<p class=\"_Shop_Small\">Nazik\u00e7e elde y\u0131kanmas\u0131 \u00f6nerilir.<br \/>\nTersinden \u00fct\u00fcleme yap\u0131lmas\u0131 tavsiye edilir.<br \/>\n\u0130plikler \u00e7eki\u015ftirilmemelidir.<\/p>","protected":false},"excerpt":{"rendered":"<p data-start=\"639\" data-end=\"657\">Her k\u0131l\u0131f el yap\u0131m\u0131d\u0131r ve punch needle tekni\u011fiyle \u00fcretilmi\u015ftir. Bu da her bir \u00fcr\u00fcn\u00fc benzersiz ve karakterli yapar.<br \/>\n40x40 cm<br \/>\nK\u0131rm\u0131z\u0131, Ye\u015fil, Siyah, Pembe, Limon Sar\u0131s\u0131, Hardal Sar\u0131s\u0131<br \/>\nArka y\u00fcz: Beyaz keten, fermuars\u0131z, \u00fcst \u00fcste kapama<br \/>\nMalzeme: Pamuk ve akrilik ip<br \/>\n<em data-start=\"810\" data-end=\"838\">\u0130\u00e7 yast\u0131k dahil de\u011fildir.<\/em> (40x40 veya 45x45 cm i\u00e7 dolgu \u00f6nerilir)<\/p>","protected":false},"featured_media":1636,"template":"","meta":[],"product_brand":[],"product_cat":[184,21],"product_tag":[154,150,145,153,144,156,152,149,155,151,147,146,148],"class_list":{"0":"post-1635","1":"product","2":"type-product","3":"status-publish","4":"has-post-thumbnail","6":"product_cat-gift-guide","7":"product_cat-objects","8":"product_tag-boho-kirlent","9":"product_tag-colorful-pillow-cover","10":"product_tag-embroidered-cushion","11":"product_tag-fun-home-decor","12":"product_tag-islemeli-yastik","13":"product_tag-modern-handmade-punch-needle-pillow","14":"product_tag-punc-yastik-kilifi","15":"product_tag-punch-needle-art","16":"product_tag-puskullu-minder","17":"product_tag-renkli-yastik","18":"product_tag-sofa-pillow-case","19":"product_tag-tufted-cushion","20":"product_tag-unique-handmade-gift","21":"product_shipping_class-ship-objects","23":"first","24":"outofstock","25":"shipping-taxable","26":"purchasable","27":"product-type-simple"},"yoast_head":"<!-- This site is optimized with the Yoast SEO plugin v27.4 - https:\/\/yoast.com\/product\/yoast-seo-wordpress\/ -->\n<title>Pomodori Pillowcase &#8212; Jun Objects<\/title>\n<meta name=\"robots\" content=\"index, follow, max-snippet:-1, max-image-preview:large, max-video-preview:-1\" \/>\n<link rel=\"canonical\" href=\"https:\/\/junobjects.com\/tr\/urun\/pomodori-pillowcase\/\" \/>\n<meta property=\"og:locale\" content=\"tr_TR\" \/>\n<meta property=\"og:type\" content=\"article\" \/>\n<meta property=\"og:title\" content=\"Pomodori Pillowcase &#8212; Jun Objects\" \/>\n<meta property=\"og:description\" content=\"Each cover is 100% handmade using the punch needle technique, making every piece unique and full of character. Size: 40x40 cm Color: Red, Green, Black, Pink, Lemon Yellow, Mustard Yellow Back: White linen, envelope closure (no zipper) Materials: Cotton and acrylic yarn Pillow insert not included (40x40 or 45x45 cm inserts recommended)\" \/>\n<meta property=\"og:url\" content=\"https:\/\/junobjects.com\/tr\/urun\/pomodori-pillowcase\/\" \/>\n<meta property=\"og:site_name\" content=\"Jun Objects\" \/>\n<meta property=\"article:modified_time\" content=\"2026-03-03T06:26:59+00:00\" \/>\n<meta property=\"og:image\" content=\"https:\/\/junobjects.com\/wp-content\/uploads\/2025\/12\/pomodoro-cushion.jpg\" \/>\n\t<meta property=\"og:image:width\" content=\"1250\" \/>\n\t<meta property=\"og:image:height\" content=\"1500\" \/>\n\t<meta property=\"og:image:type\" content=\"image\/jpeg\" \/>\n<meta name=\"twitter:card\" content=\"summary_large_image\" \/>\n<script type=\"application\/ld+json\" class=\"yoast-schema-graph\">{\"@context\":\"https:\\\/\\\/schema.org\",\"@graph\":[{\"@type\":[\"WebPage\",\"ItemPage\"],\"@id\":\"https:\\\/\\\/junobjects.com\\\/tr\\\/urun\\\/pomodori-pillowcase\\\/\",\"url\":\"https:\\\/\\\/junobjects.com\\\/tr\\\/urun\\\/pomodori-pillowcase\\\/\",\"name\":\"Pomodori Pillowcase &#8212; Jun Objects\",\"isPartOf\":{\"@id\":\"https:\\\/\\\/junobjects.com\\\/tr\\\/#website\"},\"primaryImageOfPage\":{\"@id\":\"https:\\\/\\\/junobjects.com\\\/tr\\\/urun\\\/pomodori-pillowcase\\\/#primaryimage\"},\"image\":{\"@id\":\"https:\\\/\\\/junobjects.com\\\/tr\\\/urun\\\/pomodori-pillowcase\\\/#primaryimage\"},\"thumbnailUrl\":\"https:\\\/\\\/junobjects.com\\\/wp-content\\\/uploads\\\/2025\\\/12\\\/pomodoro-cushion.jpg\",\"datePublished\":\"2025-12-11T14:42:37+00:00\",\"dateModified\":\"2026-03-03T06:26:59+00:00\",\"breadcrumb\":{\"@id\":\"https:\\\/\\\/junobjects.com\\\/tr\\\/urun\\\/pomodori-pillowcase\\\/#breadcrumb\"},\"inLanguage\":\"tr\",\"potentialAction\":[{\"@type\":\"ReadAction\",\"target\":[\"https:\\\/\\\/junobjects.com\\\/tr\\\/urun\\\/pomodori-pillowcase\\\/\"]}]},{\"@type\":\"ImageObject\",\"inLanguage\":\"tr\",\"@id\":\"https:\\\/\\\/junobjects.com\\\/tr\\\/urun\\\/pomodori-pillowcase\\\/#primaryimage\",\"url\":\"https:\\\/\\\/junobjects.com\\\/wp-content\\\/uploads\\\/2025\\\/12\\\/pomodoro-cushion.jpg\",\"contentUrl\":\"https:\\\/\\\/junobjects.com\\\/wp-content\\\/uploads\\\/2025\\\/12\\\/pomodoro-cushion.jpg\",\"width\":1250,\"height\":1500},{\"@type\":\"BreadcrumbList\",\"@id\":\"https:\\\/\\\/junobjects.com\\\/tr\\\/urun\\\/pomodori-pillowcase\\\/#breadcrumb\",\"itemListElement\":[{\"@type\":\"ListItem\",\"position\":1,\"name\":\"Home\",\"item\":\"https:\\\/\\\/junobjects.com\\\/\"},{\"@type\":\"ListItem\",\"position\":2,\"name\":\"Shop\",\"item\":\"https:\\\/\\\/junobjects.com\\\/\"},{\"@type\":\"ListItem\",\"position\":3,\"name\":\"Pomodori Pillowcase\"}]},{\"@type\":\"WebSite\",\"@id\":\"https:\\\/\\\/junobjects.com\\\/tr\\\/#website\",\"url\":\"https:\\\/\\\/junobjects.com\\\/tr\\\/\",\"name\":\"Jun Objects \u2014 Tufting, Rugs and Artworks\",\"description\":\"\",\"publisher\":{\"@id\":\"https:\\\/\\\/junobjects.com\\\/tr\\\/#organization\"},\"potentialAction\":[{\"@type\":\"SearchAction\",\"target\":{\"@type\":\"EntryPoint\",\"urlTemplate\":\"https:\\\/\\\/junobjects.com\\\/tr\\\/?s={search_term_string}\"},\"query-input\":{\"@type\":\"PropertyValueSpecification\",\"valueRequired\":true,\"valueName\":\"search_term_string\"}}],\"inLanguage\":\"tr\"},{\"@type\":\"Organization\",\"@id\":\"https:\\\/\\\/junobjects.com\\\/tr\\\/#organization\",\"name\":\"Jun Objects \u2014 Tufting, Rugs and Artworks\",\"url\":\"https:\\\/\\\/junobjects.com\\\/tr\\\/\",\"logo\":{\"@type\":\"ImageObject\",\"inLanguage\":\"tr\",\"@id\":\"https:\\\/\\\/junobjects.com\\\/tr\\\/#\\\/schema\\\/logo\\\/image\\\/\",\"url\":\"https:\\\/\\\/junobjects.com\\\/wp-content\\\/uploads\\\/2023\\\/08\\\/Juno-logo-4.jpg\",\"contentUrl\":\"https:\\\/\\\/junobjects.com\\\/wp-content\\\/uploads\\\/2023\\\/08\\\/Juno-logo-4.jpg\",\"width\":1080,\"height\":1080,\"caption\":\"Jun Objects \u2014 Tufting, Rugs and Artworks\"},\"image\":{\"@id\":\"https:\\\/\\\/junobjects.com\\\/tr\\\/#\\\/schema\\\/logo\\\/image\\\/\"},\"sameAs\":[\"https:\\\/\\\/www.instagram.com\\\/junobjects\\\/\"]}]}<\/script>\n<!-- \/ Yoast SEO plugin. -->","yoast_head_json":{"title":"Pomodori Pillowcase &#8212; Jun Objects","robots":{"index":"index","follow":"follow","max-snippet":"max-snippet:-1","max-image-preview":"max-image-preview:large","max-video-preview":"max-video-preview:-1"},"canonical":"https:\/\/junobjects.com\/tr\/urun\/pomodori-pillowcase\/","og_locale":"tr_TR","og_type":"article","og_title":"Pomodori Pillowcase &#8212; Jun Objects","og_description":"Each cover is 100% handmade using the punch needle technique, making every piece unique and full of character. Size: 40x40 cm Color: Red, Green, Black, Pink, Lemon Yellow, Mustard Yellow Back: White linen, envelope closure (no zipper) Materials: Cotton and acrylic yarn Pillow insert not included (40x40 or 45x45 cm inserts recommended)","og_url":"https:\/\/junobjects.com\/tr\/urun\/pomodori-pillowcase\/","og_site_name":"Jun Objects","article_modified_time":"2026-03-03T06:26:59+00:00","og_image":[{"width":1250,"height":1500,"url":"https:\/\/junobjects.com\/wp-content\/uploads\/2025\/12\/pomodoro-cushion.jpg","type":"image\/jpeg"}],"twitter_card":"summary_large_image","schema":{"@context":"https:\/\/schema.org","@graph":[{"@type":["WebPage","ItemPage"],"@id":"https:\/\/junobjects.com\/tr\/urun\/pomodori-pillowcase\/","url":"https:\/\/junobjects.com\/tr\/urun\/pomodori-pillowcase\/","name":"Pomodori Pillowcase &#8212; Jun Objects","isPartOf":{"@id":"https:\/\/junobjects.com\/tr\/#website"},"primaryImageOfPage":{"@id":"https:\/\/junobjects.com\/tr\/urun\/pomodori-pillowcase\/#primaryimage"},"image":{"@id":"https:\/\/junobjects.com\/tr\/urun\/pomodori-pillowcase\/#primaryimage"},"thumbnailUrl":"https:\/\/junobjects.com\/wp-content\/uploads\/2025\/12\/pomodoro-cushion.jpg","datePublished":"2025-12-11T14:42:37+00:00","dateModified":"2026-03-03T06:26:59+00:00","breadcrumb":{"@id":"https:\/\/junobjects.com\/tr\/urun\/pomodori-pillowcase\/#breadcrumb"},"inLanguage":"tr","potentialAction":[{"@type":"ReadAction","target":["https:\/\/junobjects.com\/tr\/urun\/pomodori-pillowcase\/"]}]},{"@type":"ImageObject","inLanguage":"tr","@id":"https:\/\/junobjects.com\/tr\/urun\/pomodori-pillowcase\/#primaryimage","url":"https:\/\/junobjects.com\/wp-content\/uploads\/2025\/12\/pomodoro-cushion.jpg","contentUrl":"https:\/\/junobjects.com\/wp-content\/uploads\/2025\/12\/pomodoro-cushion.jpg","width":1250,"height":1500},{"@type":"BreadcrumbList","@id":"https:\/\/junobjects.com\/tr\/urun\/pomodori-pillowcase\/#breadcrumb","itemListElement":[{"@type":"ListItem","position":1,"name":"Home","item":"https:\/\/junobjects.com\/"},{"@type":"ListItem","position":2,"name":"Shop","item":"https:\/\/junobjects.com\/"},{"@type":"ListItem","position":3,"name":"Pomodori Pillowcase"}]},{"@type":"WebSite","@id":"https:\/\/junobjects.com\/tr\/#website","url":"https:\/\/junobjects.com\/tr\/","name":"Jun Objects \u2014 Tufting, Rugs and Artworks","description":"","publisher":{"@id":"https:\/\/junobjects.com\/tr\/#organization"},"potentialAction":[{"@type":"SearchAction","target":{"@type":"EntryPoint","urlTemplate":"https:\/\/junobjects.com\/tr\/?s={search_term_string}"},"query-input":{"@type":"PropertyValueSpecification","valueRequired":true,"valueName":"search_term_string"}}],"inLanguage":"tr"},{"@type":"Organization","@id":"https:\/\/junobjects.com\/tr\/#organization","name":"Jun Objects \u2014 Tufting, Rugs and Artworks","url":"https:\/\/junobjects.com\/tr\/","logo":{"@type":"ImageObject","inLanguage":"tr","@id":"https:\/\/junobjects.com\/tr\/#\/schema\/logo\/image\/","url":"https:\/\/junobjects.com\/wp-content\/uploads\/2023\/08\/Juno-logo-4.jpg","contentUrl":"https:\/\/junobjects.com\/wp-content\/uploads\/2023\/08\/Juno-logo-4.jpg","width":1080,"height":1080,"caption":"Jun Objects \u2014 Tufting, Rugs and Artworks"},"image":{"@id":"https:\/\/junobjects.com\/tr\/#\/schema\/logo\/image\/"},"sameAs":["https:\/\/www.instagram.com\/junobjects\/"]}]}},"_links":{"self":[{"href":"https:\/\/junobjects.com\/tr\/wp-json\/wp\/v2\/product\/1635","targetHints":{"allow":["GET"]}}],"collection":[{"href":"https:\/\/junobjects.com\/tr\/wp-json\/wp\/v2\/product"}],"about":[{"href":"https:\/\/junobjects.com\/tr\/wp-json\/wp\/v2\/types\/product"}],"wp:featuredmedia":[{"embeddable":true,"href":"https:\/\/junobjects.com\/tr\/wp-json\/wp\/v2\/media\/1636"}],"wp:attachment":[{"href":"https:\/\/junobjects.com\/tr\/wp-json\/wp\/v2\/media?parent=1635"}],"wp:term":[{"taxonomy":"product_brand","embeddable":true,"href":"https:\/\/junobjects.com\/tr\/wp-json\/wp\/v2\/product_brand?post=1635"},{"taxonomy":"product_cat","embeddable":true,"href":"https:\/\/junobjects.com\/tr\/wp-json\/wp\/v2\/product_cat?post=1635"},{"taxonomy":"product_tag","embeddable":true,"href":"https:\/\/junobjects.com\/tr\/wp-json\/wp\/v2\/product_tag?post=1635"}],"curies":[{"name":"wp","href":"https:\/\/api.w.org\/{rel}","templated":true}]}}