{"id":1233,"date":"2025-06-29T16:01:28","date_gmt":"2025-06-29T13:01:28","guid":{"rendered":"https:\/\/junobjects.com\/?post_type=product&#038;p=1233"},"modified":"2026-03-26T10:23:14","modified_gmt":"2026-03-26T07:23:14","slug":"violet-original-painting","status":"publish","type":"product","link":"https:\/\/junobjects.com\/tr\/urun\/violet-original-painting\/","title":{"rendered":"Violet Original Painting"},"content":{"rendered":"<p class=\"_Shop_Small\">Tablolar balonlu naylon ile paketlenerek \u0130stanbul, T\u00fcrkiye'den g\u00f6nderilmektedir.<br \/>\nAl\u0131c\u0131, g\u00fcmr\u00fck \u00fccretleri ve di\u011fer yerel vergilerden sorumludur.<\/p>","protected":false},"excerpt":{"rendered":"<p class=\"_Shop_Small\">Tuval \u00fczeri akrilik boyama<br \/>\nSanat\u00e7\u0131 taraf\u0131ndan imzalanm\u0131\u015f<br \/>\n15x15 cm<\/p>","protected":false},"featured_media":1234,"template":"","meta":[],"product_brand":[],"product_cat":[22,184,185],"product_tag":[81,78,82,79,85,76,84,83,77,80,67,86],"class_list":{"0":"post-1233","1":"product","2":"type-product","3":"status-publish","4":"has-post-thumbnail","6":"product_cat-artworks","7":"product_cat-gift-guide","8":"product_cat-outlet","9":"product_tag-akrilik","10":"product_tag-akrilik-boyama","11":"product_tag-canvas","12":"product_tag-cerceve","13":"product_tag-drawing","14":"product_tag-floral-art","15":"product_tag-flower-illustration","16":"product_tag-oil-painting","17":"product_tag-painting","18":"product_tag-sanat","19":"product_tag-wall-art","20":"product_tag-wall-decor","21":"product_shipping_class-ship-small-painting","23":"first","24":"instock","25":"sale","26":"shipping-taxable","27":"purchasable","28":"product-type-simple"},"yoast_head":"<!-- This site is optimized with the Yoast SEO plugin v25.2 - https:\/\/yoast.com\/wordpress\/plugins\/seo\/ -->\n<title>Violet Original Painting &#8212; Jun Objects<\/title>\n<meta name=\"robots\" content=\"index, follow, max-snippet:-1, max-image-preview:large, max-video-preview:-1\" \/>\n<link rel=\"canonical\" href=\"https:\/\/junobjects.com\/tr\/urun\/violet-original-painting\/\" \/>\n<meta property=\"og:locale\" content=\"tr_TR\" \/>\n<meta property=\"og:type\" content=\"article\" \/>\n<meta property=\"og:title\" content=\"Violet Original Painting &#8212; Jun Objects\" \/>\n<meta property=\"og:description\" content=\"Acrylic painting on canvas Signed by artist Size: 15 cm x 15 cm\" \/>\n<meta property=\"og:url\" content=\"https:\/\/junobjects.com\/tr\/urun\/violet-original-painting\/\" \/>\n<meta property=\"og:site_name\" content=\"Jun Objects\" \/>\n<meta property=\"article:modified_time\" content=\"2026-03-26T07:23:14+00:00\" \/>\n<meta property=\"og:image\" content=\"https:\/\/junobjects.com\/wp-content\/uploads\/2025\/06\/Tuval153.jpg\" \/>\n\t<meta property=\"og:image:width\" content=\"1250\" \/>\n\t<meta property=\"og:image:height\" content=\"1500\" \/>\n\t<meta property=\"og:image:type\" content=\"image\/jpeg\" \/>\n<meta name=\"twitter:card\" content=\"summary_large_image\" \/>\n<script type=\"application\/ld+json\" class=\"yoast-schema-graph\">{\"@context\":\"https:\/\/schema.org\",\"@graph\":[{\"@type\":[\"WebPage\",\"ItemPage\"],\"@id\":\"https:\/\/junobjects.com\/tr\/urun\/violet-original-painting\/\",\"url\":\"https:\/\/junobjects.com\/tr\/urun\/violet-original-painting\/\",\"name\":\"Violet Original Painting &#8212; Jun Objects\",\"isPartOf\":{\"@id\":\"https:\/\/junobjects.com\/tr\/#website\"},\"primaryImageOfPage\":{\"@id\":\"https:\/\/junobjects.com\/tr\/urun\/violet-original-painting\/#primaryimage\"},\"image\":{\"@id\":\"https:\/\/junobjects.com\/tr\/urun\/violet-original-painting\/#primaryimage\"},\"thumbnailUrl\":\"https:\/\/junobjects.com\/wp-content\/uploads\/2025\/06\/Tuval153.jpg\",\"datePublished\":\"2025-06-29T13:01:28+00:00\",\"dateModified\":\"2026-03-26T07:23:14+00:00\",\"breadcrumb\":{\"@id\":\"https:\/\/junobjects.com\/tr\/urun\/violet-original-painting\/#breadcrumb\"},\"inLanguage\":\"tr\",\"potentialAction\":[{\"@type\":\"ReadAction\",\"target\":[\"https:\/\/junobjects.com\/tr\/urun\/violet-original-painting\/\"]}]},{\"@type\":\"ImageObject\",\"inLanguage\":\"tr\",\"@id\":\"https:\/\/junobjects.com\/tr\/urun\/violet-original-painting\/#primaryimage\",\"url\":\"https:\/\/junobjects.com\/wp-content\/uploads\/2025\/06\/Tuval153.jpg\",\"contentUrl\":\"https:\/\/junobjects.com\/wp-content\/uploads\/2025\/06\/Tuval153.jpg\",\"width\":1250,\"height\":1500},{\"@type\":\"BreadcrumbList\",\"@id\":\"https:\/\/junobjects.com\/tr\/urun\/violet-original-painting\/#breadcrumb\",\"itemListElement\":[{\"@type\":\"ListItem\",\"position\":1,\"name\":\"Home\",\"item\":\"https:\/\/junobjects.com\/\"},{\"@type\":\"ListItem\",\"position\":2,\"name\":\"Shop\",\"item\":\"https:\/\/junobjects.com\/\"},{\"@type\":\"ListItem\",\"position\":3,\"name\":\"Violet Original Painting\"}]},{\"@type\":\"WebSite\",\"@id\":\"https:\/\/junobjects.com\/tr\/#website\",\"url\":\"https:\/\/junobjects.com\/tr\/\",\"name\":\"Jun Objects \u2014 Tufting, Rugs and Artworks\",\"description\":\"\",\"publisher\":{\"@id\":\"https:\/\/junobjects.com\/tr\/#organization\"},\"potentialAction\":[{\"@type\":\"SearchAction\",\"target\":{\"@type\":\"EntryPoint\",\"urlTemplate\":\"https:\/\/junobjects.com\/tr\/?s={search_term_string}\"},\"query-input\":{\"@type\":\"PropertyValueSpecification\",\"valueRequired\":true,\"valueName\":\"search_term_string\"}}],\"inLanguage\":\"tr\"},{\"@type\":\"Organization\",\"@id\":\"https:\/\/junobjects.com\/tr\/#organization\",\"name\":\"Jun Objects \u2014 Tufting, Rugs and Artworks\",\"url\":\"https:\/\/junobjects.com\/tr\/\",\"logo\":{\"@type\":\"ImageObject\",\"inLanguage\":\"tr\",\"@id\":\"https:\/\/junobjects.com\/tr\/#\/schema\/logo\/image\/\",\"url\":\"https:\/\/junobjects.com\/wp-content\/uploads\/2023\/08\/Juno-logo-4.jpg\",\"contentUrl\":\"https:\/\/junobjects.com\/wp-content\/uploads\/2023\/08\/Juno-logo-4.jpg\",\"width\":1080,\"height\":1080,\"caption\":\"Jun Objects \u2014 Tufting, Rugs and Artworks\"},\"image\":{\"@id\":\"https:\/\/junobjects.com\/tr\/#\/schema\/logo\/image\/\"},\"sameAs\":[\"https:\/\/www.instagram.com\/junobjects\/\"]}]}<\/script>\n<!-- \/ Yoast SEO plugin. -->","yoast_head_json":{"title":"Violet Original Painting &#8212; Jun Objects","robots":{"index":"index","follow":"follow","max-snippet":"max-snippet:-1","max-image-preview":"max-image-preview:large","max-video-preview":"max-video-preview:-1"},"canonical":"https:\/\/junobjects.com\/tr\/urun\/violet-original-painting\/","og_locale":"tr_TR","og_type":"article","og_title":"Violet Original Painting &#8212; Jun Objects","og_description":"Acrylic painting on canvas Signed by artist Size: 15 cm x 15 cm","og_url":"https:\/\/junobjects.com\/tr\/urun\/violet-original-painting\/","og_site_name":"Jun Objects","article_modified_time":"2026-03-26T07:23:14+00:00","og_image":[{"url":"https:\/\/junobjects.com\/wp-content\/uploads\/2025\/06\/Tuval153.jpg","width":1250,"height":1500,"type":"image\/jpeg"}],"twitter_card":"summary_large_image","schema":{"@context":"https:\/\/schema.org","@graph":[{"@type":["WebPage","ItemPage"],"@id":"https:\/\/junobjects.com\/tr\/urun\/violet-original-painting\/","url":"https:\/\/junobjects.com\/tr\/urun\/violet-original-painting\/","name":"Violet Original Painting &#8212; Jun Objects","isPartOf":{"@id":"https:\/\/junobjects.com\/tr\/#website"},"primaryImageOfPage":{"@id":"https:\/\/junobjects.com\/tr\/urun\/violet-original-painting\/#primaryimage"},"image":{"@id":"https:\/\/junobjects.com\/tr\/urun\/violet-original-painting\/#primaryimage"},"thumbnailUrl":"https:\/\/junobjects.com\/wp-content\/uploads\/2025\/06\/Tuval153.jpg","datePublished":"2025-06-29T13:01:28+00:00","dateModified":"2026-03-26T07:23:14+00:00","breadcrumb":{"@id":"https:\/\/junobjects.com\/tr\/urun\/violet-original-painting\/#breadcrumb"},"inLanguage":"tr","potentialAction":[{"@type":"ReadAction","target":["https:\/\/junobjects.com\/tr\/urun\/violet-original-painting\/"]}]},{"@type":"ImageObject","inLanguage":"tr","@id":"https:\/\/junobjects.com\/tr\/urun\/violet-original-painting\/#primaryimage","url":"https:\/\/junobjects.com\/wp-content\/uploads\/2025\/06\/Tuval153.jpg","contentUrl":"https:\/\/junobjects.com\/wp-content\/uploads\/2025\/06\/Tuval153.jpg","width":1250,"height":1500},{"@type":"BreadcrumbList","@id":"https:\/\/junobjects.com\/tr\/urun\/violet-original-painting\/#breadcrumb","itemListElement":[{"@type":"ListItem","position":1,"name":"Home","item":"https:\/\/junobjects.com\/"},{"@type":"ListItem","position":2,"name":"Shop","item":"https:\/\/junobjects.com\/"},{"@type":"ListItem","position":3,"name":"Violet Original Painting"}]},{"@type":"WebSite","@id":"https:\/\/junobjects.com\/tr\/#website","url":"https:\/\/junobjects.com\/tr\/","name":"Jun Objects \u2014 Tufting, Rugs and Artworks","description":"","publisher":{"@id":"https:\/\/junobjects.com\/tr\/#organization"},"potentialAction":[{"@type":"SearchAction","target":{"@type":"EntryPoint","urlTemplate":"https:\/\/junobjects.com\/tr\/?s={search_term_string}"},"query-input":{"@type":"PropertyValueSpecification","valueRequired":true,"valueName":"search_term_string"}}],"inLanguage":"tr"},{"@type":"Organization","@id":"https:\/\/junobjects.com\/tr\/#organization","name":"Jun Objects \u2014 Tufting, Rugs and Artworks","url":"https:\/\/junobjects.com\/tr\/","logo":{"@type":"ImageObject","inLanguage":"tr","@id":"https:\/\/junobjects.com\/tr\/#\/schema\/logo\/image\/","url":"https:\/\/junobjects.com\/wp-content\/uploads\/2023\/08\/Juno-logo-4.jpg","contentUrl":"https:\/\/junobjects.com\/wp-content\/uploads\/2023\/08\/Juno-logo-4.jpg","width":1080,"height":1080,"caption":"Jun Objects \u2014 Tufting, Rugs and Artworks"},"image":{"@id":"https:\/\/junobjects.com\/tr\/#\/schema\/logo\/image\/"},"sameAs":["https:\/\/www.instagram.com\/junobjects\/"]}]}},"_links":{"self":[{"href":"https:\/\/junobjects.com\/tr\/wp-json\/wp\/v2\/product\/1233","targetHints":{"allow":["GET"]}}],"collection":[{"href":"https:\/\/junobjects.com\/tr\/wp-json\/wp\/v2\/product"}],"about":[{"href":"https:\/\/junobjects.com\/tr\/wp-json\/wp\/v2\/types\/product"}],"wp:featuredmedia":[{"embeddable":true,"href":"https:\/\/junobjects.com\/tr\/wp-json\/wp\/v2\/media\/1234"}],"wp:attachment":[{"href":"https:\/\/junobjects.com\/tr\/wp-json\/wp\/v2\/media?parent=1233"}],"wp:term":[{"taxonomy":"product_brand","embeddable":true,"href":"https:\/\/junobjects.com\/tr\/wp-json\/wp\/v2\/product_brand?post=1233"},{"taxonomy":"product_cat","embeddable":true,"href":"https:\/\/junobjects.com\/tr\/wp-json\/wp\/v2\/product_cat?post=1233"},{"taxonomy":"product_tag","embeddable":true,"href":"https:\/\/junobjects.com\/tr\/wp-json\/wp\/v2\/product_tag?post=1233"}],"curies":[{"name":"wp","href":"https:\/\/api.w.org\/{rel}","templated":true}]}}