{"id":1143,"date":"2025-05-27T17:23:22","date_gmt":"2025-05-27T14:23:22","guid":{"rendered":"https:\/\/junobjects.com\/?post_type=product&#038;p=1143"},"modified":"2026-03-17T09:10:50","modified_gmt":"2026-03-17T06:10:50","slug":"salted-caramel-tapestry","status":"publish","type":"product","link":"https:\/\/junobjects.com\/tr\/urun\/salted-caramel-tapestry\/","title":{"rendered":"Salted Caramel Duvar Hal\u0131s\u0131"},"content":{"rendered":"<p class=\"_Shop_Small\">Makinede y\u0131kama \u00f6nerilmez.<br \/>\nEl yap\u0131m\u0131 \u00fcr\u00fcnd\u00fcr, dikkatli kullan\u0131lmas\u0131 \u00f6nerilir.<br \/>\nD\u00fc\u015f\u00fck Watt'ta s\u00fcp\u00fcr\u00fcn ve nemli bir bezle temizleyin.<br \/>\nSert kimyasallar kullanmay\u0131n\u0131z ve ipleri \u00e7eki\u015ftirmeyiniz.<\/p>","protected":false},"excerpt":{"rendered":"<p class=\"_Shop_Small\">El Yap\u0131m\u0131 - 1 Adet<br \/>\n100 Akrilik ve Y\u00fcn \u0130plikler<br \/>\nRenkler: 4 (Pembe, Turuncu, Lila, Bej)<br \/>\nUzunluk: 45 cm<br \/>\nGeni\u015flik: 35 cm<\/p>\n<p>Arkas\u0131ndaki \u00f6zel asma aksesuar\u0131 sayesinde, duvar hal\u0131s\u0131 olarak veya yer hal\u0131s\u0131 olarak kullanabilirsiniz.<\/p>","protected":false},"featured_media":1144,"template":"","meta":[],"product_brand":[],"product_cat":[20],"product_tag":[59,68,63,65,75,74,58,30,31,57,60,61,29,66,69,67],"class_list":{"0":"post-1143","1":"product","2":"type-product","3":"status-publish","4":"has-post-thumbnail","6":"product_cat-rugs","7":"product_tag-carpet","8":"product_tag-dekor","9":"product_tag-floor-mat","10":"product_tag-floor-rug","11":"product_tag-floral-rug","12":"product_tag-flower-rug","13":"product_tag-hali","14":"product_tag-handmade","15":"product_tag-handtufted","16":"product_tag-kilim","17":"product_tag-paspas","18":"product_tag-rug","19":"product_tag-rugs","20":"product_tag-tapestry","21":"product_tag-textile-wall-art","22":"product_tag-wall-art","23":"product_shipping_class-ship-rugs","25":"first","26":"outofstock","27":"shipping-taxable","28":"purchasable","29":"product-type-simple"},"yoast_head":"<!-- This site is optimized with the Yoast SEO plugin v25.2 - https:\/\/yoast.com\/wordpress\/plugins\/seo\/ -->\n<title>Salted Caramel Tapestry &#8212; Jun Objects<\/title>\n<meta name=\"robots\" content=\"index, follow, max-snippet:-1, max-image-preview:large, max-video-preview:-1\" \/>\n<link rel=\"canonical\" href=\"https:\/\/junobjects.com\/tr\/urun\/salted-caramel-tapestry\/\" \/>\n<meta property=\"og:locale\" content=\"tr_TR\" \/>\n<meta property=\"og:type\" content=\"article\" \/>\n<meta property=\"og:title\" content=\"Salted Caramel Tapestry &#8212; Jun Objects\" \/>\n<meta property=\"og:description\" content=\"Handmade - 1 Piece %100 Acrylic and %100 Wool Yarns Colors : 4 (Pink, Orange, Lilac, Beige) Length : 45 cm Width : 35 cm Equipped with a special hanging accessory on the back, making it easy to display as wall art or use as a floor rug.\" \/>\n<meta property=\"og:url\" content=\"https:\/\/junobjects.com\/tr\/urun\/salted-caramel-tapestry\/\" \/>\n<meta property=\"og:site_name\" content=\"Jun Objects\" \/>\n<meta property=\"article:modified_time\" content=\"2026-03-17T06:10:50+00:00\" \/>\n<meta property=\"og:image\" content=\"https:\/\/junobjects.com\/wp-content\/uploads\/2025\/05\/IMG_7402-scaled.jpg\" \/>\n\t<meta property=\"og:image:width\" content=\"1920\" \/>\n\t<meta property=\"og:image:height\" content=\"2560\" \/>\n\t<meta property=\"og:image:type\" content=\"image\/jpeg\" \/>\n<meta name=\"twitter:card\" content=\"summary_large_image\" \/>\n<script type=\"application\/ld+json\" class=\"yoast-schema-graph\">{\"@context\":\"https:\/\/schema.org\",\"@graph\":[{\"@type\":[\"WebPage\",\"ItemPage\"],\"@id\":\"https:\/\/junobjects.com\/tr\/urun\/salted-caramel-tapestry\/\",\"url\":\"https:\/\/junobjects.com\/tr\/urun\/salted-caramel-tapestry\/\",\"name\":\"Salted Caramel Tapestry &#8212; Jun Objects\",\"isPartOf\":{\"@id\":\"https:\/\/junobjects.com\/tr\/#website\"},\"primaryImageOfPage\":{\"@id\":\"https:\/\/junobjects.com\/tr\/urun\/salted-caramel-tapestry\/#primaryimage\"},\"image\":{\"@id\":\"https:\/\/junobjects.com\/tr\/urun\/salted-caramel-tapestry\/#primaryimage\"},\"thumbnailUrl\":\"https:\/\/junobjects.com\/wp-content\/uploads\/2025\/05\/IMG_7402-scaled.jpg\",\"datePublished\":\"2025-05-27T14:23:22+00:00\",\"dateModified\":\"2026-03-17T06:10:50+00:00\",\"breadcrumb\":{\"@id\":\"https:\/\/junobjects.com\/tr\/urun\/salted-caramel-tapestry\/#breadcrumb\"},\"inLanguage\":\"tr\",\"potentialAction\":[{\"@type\":\"ReadAction\",\"target\":[\"https:\/\/junobjects.com\/tr\/urun\/salted-caramel-tapestry\/\"]}]},{\"@type\":\"ImageObject\",\"inLanguage\":\"tr\",\"@id\":\"https:\/\/junobjects.com\/tr\/urun\/salted-caramel-tapestry\/#primaryimage\",\"url\":\"https:\/\/junobjects.com\/wp-content\/uploads\/2025\/05\/IMG_7402-scaled.jpg\",\"contentUrl\":\"https:\/\/junobjects.com\/wp-content\/uploads\/2025\/05\/IMG_7402-scaled.jpg\",\"width\":1920,\"height\":2560},{\"@type\":\"BreadcrumbList\",\"@id\":\"https:\/\/junobjects.com\/tr\/urun\/salted-caramel-tapestry\/#breadcrumb\",\"itemListElement\":[{\"@type\":\"ListItem\",\"position\":1,\"name\":\"Home\",\"item\":\"https:\/\/junobjects.com\/\"},{\"@type\":\"ListItem\",\"position\":2,\"name\":\"Shop\",\"item\":\"https:\/\/junobjects.com\/\"},{\"@type\":\"ListItem\",\"position\":3,\"name\":\"Salted Caramel Tapestry\"}]},{\"@type\":\"WebSite\",\"@id\":\"https:\/\/junobjects.com\/tr\/#website\",\"url\":\"https:\/\/junobjects.com\/tr\/\",\"name\":\"Jun Objects \u2014 Tufting, Rugs and Artworks\",\"description\":\"\",\"publisher\":{\"@id\":\"https:\/\/junobjects.com\/tr\/#organization\"},\"potentialAction\":[{\"@type\":\"SearchAction\",\"target\":{\"@type\":\"EntryPoint\",\"urlTemplate\":\"https:\/\/junobjects.com\/tr\/?s={search_term_string}\"},\"query-input\":{\"@type\":\"PropertyValueSpecification\",\"valueRequired\":true,\"valueName\":\"search_term_string\"}}],\"inLanguage\":\"tr\"},{\"@type\":\"Organization\",\"@id\":\"https:\/\/junobjects.com\/tr\/#organization\",\"name\":\"Jun Objects \u2014 Tufting, Rugs and Artworks\",\"url\":\"https:\/\/junobjects.com\/tr\/\",\"logo\":{\"@type\":\"ImageObject\",\"inLanguage\":\"tr\",\"@id\":\"https:\/\/junobjects.com\/tr\/#\/schema\/logo\/image\/\",\"url\":\"https:\/\/junobjects.com\/wp-content\/uploads\/2023\/08\/Juno-logo-4.jpg\",\"contentUrl\":\"https:\/\/junobjects.com\/wp-content\/uploads\/2023\/08\/Juno-logo-4.jpg\",\"width\":1080,\"height\":1080,\"caption\":\"Jun Objects \u2014 Tufting, Rugs and Artworks\"},\"image\":{\"@id\":\"https:\/\/junobjects.com\/tr\/#\/schema\/logo\/image\/\"},\"sameAs\":[\"https:\/\/www.instagram.com\/junobjects\/\"]}]}<\/script>\n<!-- \/ Yoast SEO plugin. -->","yoast_head_json":{"title":"Salted Caramel Tapestry &#8212; Jun Objects","robots":{"index":"index","follow":"follow","max-snippet":"max-snippet:-1","max-image-preview":"max-image-preview:large","max-video-preview":"max-video-preview:-1"},"canonical":"https:\/\/junobjects.com\/tr\/urun\/salted-caramel-tapestry\/","og_locale":"tr_TR","og_type":"article","og_title":"Salted Caramel Tapestry &#8212; Jun Objects","og_description":"Handmade - 1 Piece %100 Acrylic and %100 Wool Yarns Colors : 4 (Pink, Orange, Lilac, Beige) Length : 45 cm Width : 35 cm Equipped with a special hanging accessory on the back, making it easy to display as wall art or use as a floor rug.","og_url":"https:\/\/junobjects.com\/tr\/urun\/salted-caramel-tapestry\/","og_site_name":"Jun Objects","article_modified_time":"2026-03-17T06:10:50+00:00","og_image":[{"width":1920,"height":2560,"url":"https:\/\/junobjects.com\/wp-content\/uploads\/2025\/05\/IMG_7402-scaled.jpg","type":"image\/jpeg"}],"twitter_card":"summary_large_image","schema":{"@context":"https:\/\/schema.org","@graph":[{"@type":["WebPage","ItemPage"],"@id":"https:\/\/junobjects.com\/tr\/urun\/salted-caramel-tapestry\/","url":"https:\/\/junobjects.com\/tr\/urun\/salted-caramel-tapestry\/","name":"Salted Caramel Tapestry &#8212; Jun Objects","isPartOf":{"@id":"https:\/\/junobjects.com\/tr\/#website"},"primaryImageOfPage":{"@id":"https:\/\/junobjects.com\/tr\/urun\/salted-caramel-tapestry\/#primaryimage"},"image":{"@id":"https:\/\/junobjects.com\/tr\/urun\/salted-caramel-tapestry\/#primaryimage"},"thumbnailUrl":"https:\/\/junobjects.com\/wp-content\/uploads\/2025\/05\/IMG_7402-scaled.jpg","datePublished":"2025-05-27T14:23:22+00:00","dateModified":"2026-03-17T06:10:50+00:00","breadcrumb":{"@id":"https:\/\/junobjects.com\/tr\/urun\/salted-caramel-tapestry\/#breadcrumb"},"inLanguage":"tr","potentialAction":[{"@type":"ReadAction","target":["https:\/\/junobjects.com\/tr\/urun\/salted-caramel-tapestry\/"]}]},{"@type":"ImageObject","inLanguage":"tr","@id":"https:\/\/junobjects.com\/tr\/urun\/salted-caramel-tapestry\/#primaryimage","url":"https:\/\/junobjects.com\/wp-content\/uploads\/2025\/05\/IMG_7402-scaled.jpg","contentUrl":"https:\/\/junobjects.com\/wp-content\/uploads\/2025\/05\/IMG_7402-scaled.jpg","width":1920,"height":2560},{"@type":"BreadcrumbList","@id":"https:\/\/junobjects.com\/tr\/urun\/salted-caramel-tapestry\/#breadcrumb","itemListElement":[{"@type":"ListItem","position":1,"name":"Home","item":"https:\/\/junobjects.com\/"},{"@type":"ListItem","position":2,"name":"Shop","item":"https:\/\/junobjects.com\/"},{"@type":"ListItem","position":3,"name":"Salted Caramel Tapestry"}]},{"@type":"WebSite","@id":"https:\/\/junobjects.com\/tr\/#website","url":"https:\/\/junobjects.com\/tr\/","name":"Jun Objects \u2014 Tufting, Rugs and Artworks","description":"","publisher":{"@id":"https:\/\/junobjects.com\/tr\/#organization"},"potentialAction":[{"@type":"SearchAction","target":{"@type":"EntryPoint","urlTemplate":"https:\/\/junobjects.com\/tr\/?s={search_term_string}"},"query-input":{"@type":"PropertyValueSpecification","valueRequired":true,"valueName":"search_term_string"}}],"inLanguage":"tr"},{"@type":"Organization","@id":"https:\/\/junobjects.com\/tr\/#organization","name":"Jun Objects \u2014 Tufting, Rugs and Artworks","url":"https:\/\/junobjects.com\/tr\/","logo":{"@type":"ImageObject","inLanguage":"tr","@id":"https:\/\/junobjects.com\/tr\/#\/schema\/logo\/image\/","url":"https:\/\/junobjects.com\/wp-content\/uploads\/2023\/08\/Juno-logo-4.jpg","contentUrl":"https:\/\/junobjects.com\/wp-content\/uploads\/2023\/08\/Juno-logo-4.jpg","width":1080,"height":1080,"caption":"Jun Objects \u2014 Tufting, Rugs and Artworks"},"image":{"@id":"https:\/\/junobjects.com\/tr\/#\/schema\/logo\/image\/"},"sameAs":["https:\/\/www.instagram.com\/junobjects\/"]}]}},"_links":{"self":[{"href":"https:\/\/junobjects.com\/tr\/wp-json\/wp\/v2\/product\/1143","targetHints":{"allow":["GET"]}}],"collection":[{"href":"https:\/\/junobjects.com\/tr\/wp-json\/wp\/v2\/product"}],"about":[{"href":"https:\/\/junobjects.com\/tr\/wp-json\/wp\/v2\/types\/product"}],"wp:featuredmedia":[{"embeddable":true,"href":"https:\/\/junobjects.com\/tr\/wp-json\/wp\/v2\/media\/1144"}],"wp:attachment":[{"href":"https:\/\/junobjects.com\/tr\/wp-json\/wp\/v2\/media?parent=1143"}],"wp:term":[{"taxonomy":"product_brand","embeddable":true,"href":"https:\/\/junobjects.com\/tr\/wp-json\/wp\/v2\/product_brand?post=1143"},{"taxonomy":"product_cat","embeddable":true,"href":"https:\/\/junobjects.com\/tr\/wp-json\/wp\/v2\/product_cat?post=1143"},{"taxonomy":"product_tag","embeddable":true,"href":"https:\/\/junobjects.com\/tr\/wp-json\/wp\/v2\/product_tag?post=1143"}],"curies":[{"name":"wp","href":"https:\/\/api.w.org\/{rel}","templated":true}]}}