{"id":1060,"date":"2025-03-04T14:43:37","date_gmt":"2025-03-04T11:43:37","guid":{"rendered":"https:\/\/junobjects.com\/?page_id=1060"},"modified":"2025-03-11T16:26:25","modified_gmt":"2025-03-11T13:26:25","slug":"hakkimizda","status":"publish","type":"page","link":"https:\/\/junobjects.com\/tr\/hakkimizda\/","title":{"rendered":"Hakk\u0131m\u0131zda"},"content":{"rendered":"<div class=\"wp-block-columns about-hero has-white-color has-luminous-vivid-orange-background-color has-text-color has-background has-link-color has-inter-font-family has-medium-font-size wp-elements-fd0b45c6ca98ca38b856f6e923b9f296 is-layout-flex wp-container-core-columns-is-layout-9d6595d7 wp-block-columns-is-layout-flex\"><div class=\"wp-block-column hero-image is-layout-flow wp-block-column-is-layout-flow\" style=\"flex-basis:100%\"><figure class=\"wp-block-image size-full is-resized\"><img decoding=\"async\" src=\"https:\/\/stage.junobjects.com\/wp-content\/uploads\/2025\/01\/jun-dilarasebnem-1.jpg\" alt=\"\" class=\"wp-image-853\" style=\"width:368px;height:auto\"\/><\/figure><\/div>\n\n<div class=\"wp-block-column hero-text-wrapper is-layout-flow wp-block-column-is-layout-flow\" style=\"flex-basis:100%\"><p class=\"hero-text\">Jun Objects, \u0130stanbul merkezli sanat\u00e7\u0131 ve tasar\u0131mc\u0131 Dilara \u015eebnem Esendemir&#8217;in yarat\u0131c\u0131 d\u00fcnyas\u0131n\u0131 yans\u0131tan bir oyun alan\u0131. \u00c7al\u0131\u015fmalar\u0131nda canl\u0131 renk paletleri ve soyut formlara odaklanan sanat\u00e7\u0131, estetik ve ne\u015feyi bulu\u015fturan zarif ve dinamik tasar\u0131mlar ortaya koyuyor.<\/p><\/div><\/div><div class=\"wp-block-columns grid-section is-layout-flex wp-container-core-columns-is-layout-9d6595d7 wp-block-columns-is-layout-flex\"><div class=\"wp-block-column jun-grid--group jun-vertical-group is-layout-flow wp-block-column-is-layout-flow\"><div class=\"wp-block-columns jun-grid--item is-layout-flex wp-container-core-columns-is-layout-9d6595d7 wp-block-columns-is-layout-flex\"><div class=\"wp-block-column jun-grid--item grid-item-1 has-cyan-bluish-gray-background-color has-background is-layout-flow wp-block-column-is-layout-flow\"><p>Tasar\u0131m objeleri ve tekstil \u00fcr\u00fcnleri \u00fczerine \u00e7al\u0131\u015fan Jun Objects, sanat ve zanaatkarl\u0131\u011f\u0131n b\u00fcy\u00fcs\u00fcnden ilham alarak 2021 y\u0131l\u0131nda kuruldu. Felsefesi, k\u00fc\u00e7\u00fck ama anlaml\u0131 ne\u015fe anlar\u0131 yaratmak. Kendini ifade etmenin bir kutlama oldu\u011funa inanan marka, bu ruhu \u00fcretti\u011fi her tasar\u0131ma yans\u0131tarak ya\u015fat\u0131yor.<\/p><\/div><\/div>\n\n<div class=\"wp-block-columns jun-horizontal-group is-layout-flex wp-container-core-columns-is-layout-9d6595d7 wp-block-columns-is-layout-flex\"><div class=\"wp-block-column jun-grid--item is-layout-flow wp-block-column-is-layout-flow\"><figure class=\"wp-block-video\"><video autoplay loop muted src=\"https:\/\/stage.junobjects.com\/wp-content\/uploads\/2023\/10\/how-02.mp4\" playsinline><\/video><\/figure><\/div>\n\n<div class=\"wp-block-column jun-grid--item is-layout-flow wp-block-column-is-layout-flow\"><figure class=\"wp-block-video\"><video autoplay loop muted src=\"https:\/\/stage.junobjects.com\/wp-content\/uploads\/2025\/01\/20220615-191700-700.mp4\" playsinline><\/video><\/figure><\/div><\/div><\/div>\n\n<div class=\"wp-block-column jun-grid--item is-layout-flow wp-block-column-is-layout-flow\"><figure class=\"wp-block-image size-full\"><img decoding=\"async\" src=\"https:\/\/stage.junobjects.com\/wp-content\/uploads\/2025\/01\/IMG_4934-1280x1707-1.jpg\" alt=\"\" class=\"wp-image-854\"\/><\/figure><\/div><\/div><div class=\"wp-block-group about-single-text-box is-nowrap is-layout-flex wp-container-core-group-is-layout-ad2f72ca wp-block-group-is-layout-flex\"><p>Ka\u011f\u0131t, iplik, ah\u015fap, m\u00fcrekkep ve tekstil gibi malzemeler, yarat\u0131c\u0131 bir d\u00f6n\u00fc\u015f\u00fcm s\u00fcrecinden ge\u00e7erek s\u0131radan nesneleri b\u00fcy\u00fcleyici sanat eserlerine d\u00f6n\u00fc\u015ft\u00fcr\u00fcyor. Bu s\u00fcre\u00e7, \u00f6zg\u00fcn anlat\u0131lar ve benzersiz ruhlar\u0131 bir araya getirerek, t\u00fcr\u00fcn\u00fcn tek \u00f6rne\u011fi ve s\u0131n\u0131rl\u0131 say\u0131da \u00fcretilen par\u00e7alarla \u00f6zel bir koleksiyon ortaya \u00e7\u0131kar\u0131yor.<\/p><\/div>","protected":false},"excerpt":{"rendered":"<p>Jun Objects, \u0130stanbul merkezli sanat\u00e7\u0131 ve tasar\u0131mc\u0131 Dilara \u015eebnem Esendemir&#8217;in yarat\u0131c\u0131 d\u00fcnyas\u0131n\u0131 yans\u0131tan bir oyun alan\u0131. \u00c7al\u0131\u015fmalar\u0131nda canl\u0131 renk paletleri ve soyut formlara odaklanan sanat\u00e7\u0131, estetik ve ne\u015feyi bulu\u015fturan zarif ve dinamik tasar\u0131mlar ortaya koyuyor. Tasar\u0131m objeleri ve tekstil \u00fcr\u00fcnleri \u00fczerine \u00e7al\u0131\u015fan Jun Objects, sanat ve zanaatkarl\u0131\u011f\u0131n b\u00fcy\u00fcs\u00fcnden ilham alarak 2021 y\u0131l\u0131nda kuruldu. Felsefesi, k\u00fc\u00e7\u00fck [&hellip;]<\/p>","protected":false},"author":1,"featured_media":0,"parent":0,"menu_order":1,"comment_status":"closed","ping_status":"closed","template":"","meta":{"footnotes":""},"class_list":["post-1060","page","type-page","status-publish","hentry"],"yoast_head":"<!-- This site is optimized with the Yoast SEO plugin v25.2 - https:\/\/yoast.com\/wordpress\/plugins\/seo\/ -->\n<title>Hakk\u0131m\u0131zda &#8212; Jun Objects<\/title>\n<meta name=\"robots\" content=\"index, follow, max-snippet:-1, max-image-preview:large, max-video-preview:-1\" \/>\n<link rel=\"canonical\" href=\"https:\/\/junobjects.com\/tr\/hakkimizda\/\" \/>\n<meta property=\"og:locale\" content=\"tr_TR\" \/>\n<meta property=\"og:type\" content=\"article\" \/>\n<meta property=\"og:title\" content=\"Hakk\u0131m\u0131zda &#8212; Jun Objects\" \/>\n<meta property=\"og:description\" content=\"Jun Objects, \u0130stanbul merkezli sanat\u00e7\u0131 ve tasar\u0131mc\u0131 Dilara \u015eebnem Esendemir&#8217;in yarat\u0131c\u0131 d\u00fcnyas\u0131n\u0131 yans\u0131tan bir oyun alan\u0131. \u00c7al\u0131\u015fmalar\u0131nda canl\u0131 renk paletleri ve soyut formlara odaklanan sanat\u00e7\u0131, estetik ve ne\u015feyi bulu\u015fturan zarif ve dinamik tasar\u0131mlar ortaya koyuyor. Tasar\u0131m objeleri ve tekstil \u00fcr\u00fcnleri \u00fczerine \u00e7al\u0131\u015fan Jun Objects, sanat ve zanaatkarl\u0131\u011f\u0131n b\u00fcy\u00fcs\u00fcnden ilham alarak 2021 y\u0131l\u0131nda kuruldu. Felsefesi, k\u00fc\u00e7\u00fck [&hellip;]\" \/>\n<meta property=\"og:url\" content=\"https:\/\/junobjects.com\/tr\/hakkimizda\/\" \/>\n<meta property=\"og:site_name\" content=\"Jun Objects\" \/>\n<meta property=\"article:modified_time\" content=\"2025-03-11T13:26:25+00:00\" \/>\n<meta property=\"og:image\" content=\"https:\/\/stage.junobjects.com\/wp-content\/uploads\/2025\/01\/jun-dilarasebnem-1.jpg\" \/>\n<meta name=\"twitter:card\" content=\"summary_large_image\" \/>\n<script type=\"application\/ld+json\" class=\"yoast-schema-graph\">{\"@context\":\"https:\/\/schema.org\",\"@graph\":[{\"@type\":\"WebPage\",\"@id\":\"https:\/\/junobjects.com\/tr\/hakkimizda\/\",\"url\":\"https:\/\/junobjects.com\/tr\/hakkimizda\/\",\"name\":\"Hakk\u0131m\u0131zda &#8212; Jun Objects\",\"isPartOf\":{\"@id\":\"https:\/\/junobjects.com\/tr\/#website\"},\"primaryImageOfPage\":{\"@id\":\"https:\/\/junobjects.com\/tr\/hakkimizda\/#primaryimage\"},\"image\":{\"@id\":\"https:\/\/junobjects.com\/tr\/hakkimizda\/#primaryimage\"},\"thumbnailUrl\":\"https:\/\/stage.junobjects.com\/wp-content\/uploads\/2025\/01\/jun-dilarasebnem-1.jpg\",\"datePublished\":\"2025-03-04T11:43:37+00:00\",\"dateModified\":\"2025-03-11T13:26:25+00:00\",\"breadcrumb\":{\"@id\":\"https:\/\/junobjects.com\/tr\/hakkimizda\/#breadcrumb\"},\"inLanguage\":\"tr\",\"potentialAction\":[{\"@type\":\"ReadAction\",\"target\":[\"https:\/\/junobjects.com\/tr\/hakkimizda\/\"]}]},{\"@type\":\"ImageObject\",\"inLanguage\":\"tr\",\"@id\":\"https:\/\/junobjects.com\/tr\/hakkimizda\/#primaryimage\",\"url\":\"https:\/\/stage.junobjects.com\/wp-content\/uploads\/2025\/01\/jun-dilarasebnem-1.jpg\",\"contentUrl\":\"https:\/\/stage.junobjects.com\/wp-content\/uploads\/2025\/01\/jun-dilarasebnem-1.jpg\"},{\"@type\":\"BreadcrumbList\",\"@id\":\"https:\/\/junobjects.com\/tr\/hakkimizda\/#breadcrumb\",\"itemListElement\":[{\"@type\":\"ListItem\",\"position\":1,\"name\":\"Home\",\"item\":\"https:\/\/junobjects.com\/\"},{\"@type\":\"ListItem\",\"position\":2,\"name\":\"Hakk\u0131m\u0131zda\"}]},{\"@type\":\"WebSite\",\"@id\":\"https:\/\/junobjects.com\/tr\/#website\",\"url\":\"https:\/\/junobjects.com\/tr\/\",\"name\":\"Jun Objects \u2014 Tufting, Rugs and Artworks\",\"description\":\"\",\"publisher\":{\"@id\":\"https:\/\/junobjects.com\/tr\/#organization\"},\"potentialAction\":[{\"@type\":\"SearchAction\",\"target\":{\"@type\":\"EntryPoint\",\"urlTemplate\":\"https:\/\/junobjects.com\/tr\/?s={search_term_string}\"},\"query-input\":{\"@type\":\"PropertyValueSpecification\",\"valueRequired\":true,\"valueName\":\"search_term_string\"}}],\"inLanguage\":\"tr\"},{\"@type\":\"Organization\",\"@id\":\"https:\/\/junobjects.com\/tr\/#organization\",\"name\":\"Jun Objects \u2014 Tufting, Rugs and Artworks\",\"url\":\"https:\/\/junobjects.com\/tr\/\",\"logo\":{\"@type\":\"ImageObject\",\"inLanguage\":\"tr\",\"@id\":\"https:\/\/junobjects.com\/tr\/#\/schema\/logo\/image\/\",\"url\":\"https:\/\/junobjects.com\/wp-content\/uploads\/2023\/08\/Juno-logo-4.jpg\",\"contentUrl\":\"https:\/\/junobjects.com\/wp-content\/uploads\/2023\/08\/Juno-logo-4.jpg\",\"width\":1080,\"height\":1080,\"caption\":\"Jun Objects \u2014 Tufting, Rugs and Artworks\"},\"image\":{\"@id\":\"https:\/\/junobjects.com\/tr\/#\/schema\/logo\/image\/\"},\"sameAs\":[\"https:\/\/www.instagram.com\/junobjects\/\"]}]}<\/script>\n<!-- \/ Yoast SEO plugin. -->","yoast_head_json":{"title":"Hakk\u0131m\u0131zda &#8212; Jun Objects","robots":{"index":"index","follow":"follow","max-snippet":"max-snippet:-1","max-image-preview":"max-image-preview:large","max-video-preview":"max-video-preview:-1"},"canonical":"https:\/\/junobjects.com\/tr\/hakkimizda\/","og_locale":"tr_TR","og_type":"article","og_title":"Hakk\u0131m\u0131zda &#8212; Jun Objects","og_description":"Jun Objects, \u0130stanbul merkezli sanat\u00e7\u0131 ve tasar\u0131mc\u0131 Dilara \u015eebnem Esendemir&#8217;in yarat\u0131c\u0131 d\u00fcnyas\u0131n\u0131 yans\u0131tan bir oyun alan\u0131. \u00c7al\u0131\u015fmalar\u0131nda canl\u0131 renk paletleri ve soyut formlara odaklanan sanat\u00e7\u0131, estetik ve ne\u015feyi bulu\u015fturan zarif ve dinamik tasar\u0131mlar ortaya koyuyor. Tasar\u0131m objeleri ve tekstil \u00fcr\u00fcnleri \u00fczerine \u00e7al\u0131\u015fan Jun Objects, sanat ve zanaatkarl\u0131\u011f\u0131n b\u00fcy\u00fcs\u00fcnden ilham alarak 2021 y\u0131l\u0131nda kuruldu. Felsefesi, k\u00fc\u00e7\u00fck [&hellip;]","og_url":"https:\/\/junobjects.com\/tr\/hakkimizda\/","og_site_name":"Jun Objects","article_modified_time":"2025-03-11T13:26:25+00:00","og_image":[{"url":"https:\/\/stage.junobjects.com\/wp-content\/uploads\/2025\/01\/jun-dilarasebnem-1.jpg","type":"","width":"","height":""}],"twitter_card":"summary_large_image","schema":{"@context":"https:\/\/schema.org","@graph":[{"@type":"WebPage","@id":"https:\/\/junobjects.com\/tr\/hakkimizda\/","url":"https:\/\/junobjects.com\/tr\/hakkimizda\/","name":"Hakk\u0131m\u0131zda &#8212; Jun Objects","isPartOf":{"@id":"https:\/\/junobjects.com\/tr\/#website"},"primaryImageOfPage":{"@id":"https:\/\/junobjects.com\/tr\/hakkimizda\/#primaryimage"},"image":{"@id":"https:\/\/junobjects.com\/tr\/hakkimizda\/#primaryimage"},"thumbnailUrl":"https:\/\/stage.junobjects.com\/wp-content\/uploads\/2025\/01\/jun-dilarasebnem-1.jpg","datePublished":"2025-03-04T11:43:37+00:00","dateModified":"2025-03-11T13:26:25+00:00","breadcrumb":{"@id":"https:\/\/junobjects.com\/tr\/hakkimizda\/#breadcrumb"},"inLanguage":"tr","potentialAction":[{"@type":"ReadAction","target":["https:\/\/junobjects.com\/tr\/hakkimizda\/"]}]},{"@type":"ImageObject","inLanguage":"tr","@id":"https:\/\/junobjects.com\/tr\/hakkimizda\/#primaryimage","url":"https:\/\/stage.junobjects.com\/wp-content\/uploads\/2025\/01\/jun-dilarasebnem-1.jpg","contentUrl":"https:\/\/stage.junobjects.com\/wp-content\/uploads\/2025\/01\/jun-dilarasebnem-1.jpg"},{"@type":"BreadcrumbList","@id":"https:\/\/junobjects.com\/tr\/hakkimizda\/#breadcrumb","itemListElement":[{"@type":"ListItem","position":1,"name":"Home","item":"https:\/\/junobjects.com\/"},{"@type":"ListItem","position":2,"name":"Hakk\u0131m\u0131zda"}]},{"@type":"WebSite","@id":"https:\/\/junobjects.com\/tr\/#website","url":"https:\/\/junobjects.com\/tr\/","name":"Jun Objects \u2014 Tufting, Rugs and Artworks","description":"","publisher":{"@id":"https:\/\/junobjects.com\/tr\/#organization"},"potentialAction":[{"@type":"SearchAction","target":{"@type":"EntryPoint","urlTemplate":"https:\/\/junobjects.com\/tr\/?s={search_term_string}"},"query-input":{"@type":"PropertyValueSpecification","valueRequired":true,"valueName":"search_term_string"}}],"inLanguage":"tr"},{"@type":"Organization","@id":"https:\/\/junobjects.com\/tr\/#organization","name":"Jun Objects \u2014 Tufting, Rugs and Artworks","url":"https:\/\/junobjects.com\/tr\/","logo":{"@type":"ImageObject","inLanguage":"tr","@id":"https:\/\/junobjects.com\/tr\/#\/schema\/logo\/image\/","url":"https:\/\/junobjects.com\/wp-content\/uploads\/2023\/08\/Juno-logo-4.jpg","contentUrl":"https:\/\/junobjects.com\/wp-content\/uploads\/2023\/08\/Juno-logo-4.jpg","width":1080,"height":1080,"caption":"Jun Objects \u2014 Tufting, Rugs and Artworks"},"image":{"@id":"https:\/\/junobjects.com\/tr\/#\/schema\/logo\/image\/"},"sameAs":["https:\/\/www.instagram.com\/junobjects\/"]}]}},"_links":{"self":[{"href":"https:\/\/junobjects.com\/tr\/wp-json\/wp\/v2\/pages\/1060","targetHints":{"allow":["GET"]}}],"collection":[{"href":"https:\/\/junobjects.com\/tr\/wp-json\/wp\/v2\/pages"}],"about":[{"href":"https:\/\/junobjects.com\/tr\/wp-json\/wp\/v2\/types\/page"}],"author":[{"embeddable":true,"href":"https:\/\/junobjects.com\/tr\/wp-json\/wp\/v2\/users\/1"}],"replies":[{"embeddable":true,"href":"https:\/\/junobjects.com\/tr\/wp-json\/wp\/v2\/comments?post=1060"}],"version-history":[{"count":2,"href":"https:\/\/junobjects.com\/tr\/wp-json\/wp\/v2\/pages\/1060\/revisions"}],"predecessor-version":[{"id":1090,"href":"https:\/\/junobjects.com\/tr\/wp-json\/wp\/v2\/pages\/1060\/revisions\/1090"}],"wp:attachment":[{"href":"https:\/\/junobjects.com\/tr\/wp-json\/wp\/v2\/media?parent=1060"}],"curies":[{"name":"wp","href":"https:\/\/api.w.org\/{rel}","templated":true}]}}