{"id":1057,"date":"2025-03-04T14:42:04","date_gmt":"2025-03-04T11:42:04","guid":{"rendered":"https:\/\/junobjects.com\/?page_id=1057"},"modified":"2025-03-11T13:16:53","modified_gmt":"2025-03-11T10:16:53","slug":"custom-hali","status":"publish","type":"page","link":"https:\/\/junobjects.com\/tr\/custom-hali\/","title":{"rendered":"Custom Hal\u0131"},"content":{"rendered":"<div class=\"custom-rug-hero\">\n\t<h2 class=\"custom-rug-hero__title\">Zevkinize ve ihtiya\u00e7lar\u0131n\u0131za g\u00f6re tamamen ki\u015fiselle\u015ftirilmi\u015f bir hal\u0131 m\u0131 ar\u0131yorsunuz?<\/h2>\n\t<p class=\"custom-rug-hero__subtitle\">Tufting hal\u0131lar, evinize veya ofisinize benzersiz bir dokunu\u015f katman\u0131n harika bir yoludur. \u00dcstelik sevdikleriniz i\u00e7in anlaml\u0131 ve \u015f\u0131k bir hediye se\u00e7ene\u011fi de olabilirler.\n\n<\/p>\n<\/div><div class=\"wp-block-group design-steps is-vertical is-layout-flex wp-container-core-group-is-layout-8cf370e7 wp-block-group-is-layout-flex\"><div class=\"design-step\">\n\t<img decoding=\"async\" src=\"https:\/\/junobjects.com\/wp-content\/themes\/junobjects\/assets\/brainstorm.svg\" class=\"design-step__image\" alt=\"Custom rug step: beyin f\u0131rt\u0131nas\u0131\">\n\t<div class=\"design-step__content\">\n\t\t<h2 class=\"design-step__title\">beyin f\u0131rt\u0131nas\u0131<\/h2>\n\t\t<p class=\"design-step__description\">Benimle ileti\u015fime ge\u00e7ti\u011finizde hayalinizdeki hal\u0131y\u0131 tasarlamaya ba\u015fl\u0131yoruz. Bu s\u00fcre\u00e7te, tercih etti\u011finiz renkler, desenler ve boyutlar hakk\u0131nda konu\u015fuyor, fikirlerinizi detayl\u0131ca dinliyoruz. \u0130lham ald\u0131\u011f\u0131n\u0131z her \u015feyi benimle payla\u015farak, tam da hayalinizdeki hal\u0131y\u0131 birlikte \u015fekillendiriyorsunuz.\n\n<\/p>\n\t<\/div>\n<\/div>\n\n<div class=\"design-step\">\n\t<img decoding=\"async\" src=\"https:\/\/junobjects.com\/wp-content\/themes\/junobjects\/assets\/design.svg\" class=\"design-step__image\" alt=\"Custom rug step: Tasar\u0131m\">\n\t<div class=\"design-step__content\">\n\t\t<h2 class=\"design-step__title\">Tasar\u0131m<\/h2>\n\t\t<p class=\"design-step__description\">Bu noktada i\u015fin yarat\u0131c\u0131 s\u00fcreci ba\u015fl\u0131yor. \u0130stekleriniz do\u011frultusunda sizin i\u00e7in \u00fc\u00e7 farkl\u0131 tasar\u0131m olu\u015fturuyorum. Se\u00e7iminizi yapt\u0131ktan sonra, ki\u015fiselle\u015ftirilmi\u015f hal\u0131n\u0131z\u0131n dokuma a\u015famas\u0131na ge\u00e7iyoruz.\n\n<\/p>\n\t<\/div>\n<\/div>\n\n<div class=\"design-step\">\n\t<img decoding=\"async\" src=\"https:\/\/junobjects.com\/wp-content\/themes\/junobjects\/assets\/production.svg\" class=\"design-step__image\" alt=\"Custom rug step: \u00dcretim\">\n\t<div class=\"design-step__content\">\n\t\t<h2 class=\"design-step__title\">\u00dcretim<\/h2>\n\t\t<p class=\"design-step__description\">Se\u00e7ti\u011finiz tasar\u0131m\u0131n \u00fcretim s\u00fcresi, renk, malzeme ve boyutuna ba\u011fl\u0131 olarak 6 &#8211; 10 hafta s\u00fcrebilir. Bu s\u00fcre\u00e7te sizinle d\u00fczenli olarak ileti\u015fimde kalarak, e-posta yoluyla g\u00f6rseller ve g\u00fcncellemeler payla\u015f\u0131yorum. Hal\u0131n\u0131z tamamland\u0131\u011f\u0131nda, dilerseniz kargo ile g\u00f6nderim yapabilir veya st\u00fcdyomdan teslim alabilirsiniz.\n\n<\/p>\n\t<\/div>\n<\/div><\/div>","protected":false},"excerpt":{"rendered":"","protected":false},"author":1,"featured_media":0,"parent":0,"menu_order":0,"comment_status":"closed","ping_status":"closed","template":"","meta":{"footnotes":""},"class_list":["post-1057","page","type-page","status-publish","hentry"],"yoast_head":"<!-- This site is optimized with the Yoast SEO plugin v25.2 - https:\/\/yoast.com\/wordpress\/plugins\/seo\/ -->\n<title>Custom Hal\u0131 &#8212; Jun Objects<\/title>\n<meta name=\"robots\" content=\"index, follow, max-snippet:-1, max-image-preview:large, max-video-preview:-1\" \/>\n<link rel=\"canonical\" href=\"https:\/\/junobjects.com\/tr\/custom-hali\/\" \/>\n<meta property=\"og:locale\" content=\"tr_TR\" \/>\n<meta property=\"og:type\" content=\"article\" \/>\n<meta property=\"og:title\" content=\"Custom Hal\u0131 &#8212; Jun Objects\" \/>\n<meta property=\"og:url\" content=\"https:\/\/junobjects.com\/tr\/custom-hali\/\" \/>\n<meta property=\"og:site_name\" content=\"Jun Objects\" \/>\n<meta property=\"article:modified_time\" content=\"2025-03-11T10:16:53+00:00\" \/>\n<meta property=\"og:image\" content=\"https:\/\/junobjects.com\/wp-content\/uploads\/2025\/02\/Juno-logo.jpg\" \/>\n\t<meta property=\"og:image:width\" content=\"1601\" \/>\n\t<meta property=\"og:image:height\" content=\"915\" \/>\n\t<meta property=\"og:image:type\" content=\"image\/jpeg\" \/>\n<meta name=\"twitter:card\" content=\"summary_large_image\" \/>\n<script type=\"application\/ld+json\" class=\"yoast-schema-graph\">{\"@context\":\"https:\/\/schema.org\",\"@graph\":[{\"@type\":\"WebPage\",\"@id\":\"https:\/\/junobjects.com\/tr\/custom-hali\/\",\"url\":\"https:\/\/junobjects.com\/tr\/custom-hali\/\",\"name\":\"Custom Hal\u0131 &#8212; Jun Objects\",\"isPartOf\":{\"@id\":\"https:\/\/junobjects.com\/tr\/#website\"},\"datePublished\":\"2025-03-04T11:42:04+00:00\",\"dateModified\":\"2025-03-11T10:16:53+00:00\",\"breadcrumb\":{\"@id\":\"https:\/\/junobjects.com\/tr\/custom-hali\/#breadcrumb\"},\"inLanguage\":\"tr\",\"potentialAction\":[{\"@type\":\"ReadAction\",\"target\":[\"https:\/\/junobjects.com\/tr\/custom-hali\/\"]}]},{\"@type\":\"BreadcrumbList\",\"@id\":\"https:\/\/junobjects.com\/tr\/custom-hali\/#breadcrumb\",\"itemListElement\":[{\"@type\":\"ListItem\",\"position\":1,\"name\":\"Home\",\"item\":\"https:\/\/junobjects.com\/\"},{\"@type\":\"ListItem\",\"position\":2,\"name\":\"Custom Hal\u0131\"}]},{\"@type\":\"WebSite\",\"@id\":\"https:\/\/junobjects.com\/tr\/#website\",\"url\":\"https:\/\/junobjects.com\/tr\/\",\"name\":\"Jun Objects \u2014 Tufting, Rugs and Artworks\",\"description\":\"\",\"publisher\":{\"@id\":\"https:\/\/junobjects.com\/tr\/#organization\"},\"potentialAction\":[{\"@type\":\"SearchAction\",\"target\":{\"@type\":\"EntryPoint\",\"urlTemplate\":\"https:\/\/junobjects.com\/tr\/?s={search_term_string}\"},\"query-input\":{\"@type\":\"PropertyValueSpecification\",\"valueRequired\":true,\"valueName\":\"search_term_string\"}}],\"inLanguage\":\"tr\"},{\"@type\":\"Organization\",\"@id\":\"https:\/\/junobjects.com\/tr\/#organization\",\"name\":\"Jun Objects \u2014 Tufting, Rugs and Artworks\",\"url\":\"https:\/\/junobjects.com\/tr\/\",\"logo\":{\"@type\":\"ImageObject\",\"inLanguage\":\"tr\",\"@id\":\"https:\/\/junobjects.com\/tr\/#\/schema\/logo\/image\/\",\"url\":\"https:\/\/junobjects.com\/wp-content\/uploads\/2023\/08\/Juno-logo-4.jpg\",\"contentUrl\":\"https:\/\/junobjects.com\/wp-content\/uploads\/2023\/08\/Juno-logo-4.jpg\",\"width\":1080,\"height\":1080,\"caption\":\"Jun Objects \u2014 Tufting, Rugs and Artworks\"},\"image\":{\"@id\":\"https:\/\/junobjects.com\/tr\/#\/schema\/logo\/image\/\"},\"sameAs\":[\"https:\/\/www.instagram.com\/junobjects\/\"]}]}<\/script>\n<!-- \/ Yoast SEO plugin. -->","yoast_head_json":{"title":"Custom Hal\u0131 &#8212; Jun Objects","robots":{"index":"index","follow":"follow","max-snippet":"max-snippet:-1","max-image-preview":"max-image-preview:large","max-video-preview":"max-video-preview:-1"},"canonical":"https:\/\/junobjects.com\/tr\/custom-hali\/","og_locale":"tr_TR","og_type":"article","og_title":"Custom Hal\u0131 &#8212; Jun Objects","og_url":"https:\/\/junobjects.com\/tr\/custom-hali\/","og_site_name":"Jun Objects","article_modified_time":"2025-03-11T10:16:53+00:00","og_image":[{"width":1601,"height":915,"url":"https:\/\/junobjects.com\/wp-content\/uploads\/2025\/02\/Juno-logo.jpg","type":"image\/jpeg"}],"twitter_card":"summary_large_image","schema":{"@context":"https:\/\/schema.org","@graph":[{"@type":"WebPage","@id":"https:\/\/junobjects.com\/tr\/custom-hali\/","url":"https:\/\/junobjects.com\/tr\/custom-hali\/","name":"Custom Hal\u0131 &#8212; Jun Objects","isPartOf":{"@id":"https:\/\/junobjects.com\/tr\/#website"},"datePublished":"2025-03-04T11:42:04+00:00","dateModified":"2025-03-11T10:16:53+00:00","breadcrumb":{"@id":"https:\/\/junobjects.com\/tr\/custom-hali\/#breadcrumb"},"inLanguage":"tr","potentialAction":[{"@type":"ReadAction","target":["https:\/\/junobjects.com\/tr\/custom-hali\/"]}]},{"@type":"BreadcrumbList","@id":"https:\/\/junobjects.com\/tr\/custom-hali\/#breadcrumb","itemListElement":[{"@type":"ListItem","position":1,"name":"Home","item":"https:\/\/junobjects.com\/"},{"@type":"ListItem","position":2,"name":"Custom Hal\u0131"}]},{"@type":"WebSite","@id":"https:\/\/junobjects.com\/tr\/#website","url":"https:\/\/junobjects.com\/tr\/","name":"Jun Objects \u2014 Tufting, Rugs and Artworks","description":"","publisher":{"@id":"https:\/\/junobjects.com\/tr\/#organization"},"potentialAction":[{"@type":"SearchAction","target":{"@type":"EntryPoint","urlTemplate":"https:\/\/junobjects.com\/tr\/?s={search_term_string}"},"query-input":{"@type":"PropertyValueSpecification","valueRequired":true,"valueName":"search_term_string"}}],"inLanguage":"tr"},{"@type":"Organization","@id":"https:\/\/junobjects.com\/tr\/#organization","name":"Jun Objects \u2014 Tufting, Rugs and Artworks","url":"https:\/\/junobjects.com\/tr\/","logo":{"@type":"ImageObject","inLanguage":"tr","@id":"https:\/\/junobjects.com\/tr\/#\/schema\/logo\/image\/","url":"https:\/\/junobjects.com\/wp-content\/uploads\/2023\/08\/Juno-logo-4.jpg","contentUrl":"https:\/\/junobjects.com\/wp-content\/uploads\/2023\/08\/Juno-logo-4.jpg","width":1080,"height":1080,"caption":"Jun Objects \u2014 Tufting, Rugs and Artworks"},"image":{"@id":"https:\/\/junobjects.com\/tr\/#\/schema\/logo\/image\/"},"sameAs":["https:\/\/www.instagram.com\/junobjects\/"]}]}},"_links":{"self":[{"href":"https:\/\/junobjects.com\/tr\/wp-json\/wp\/v2\/pages\/1057","targetHints":{"allow":["GET"]}}],"collection":[{"href":"https:\/\/junobjects.com\/tr\/wp-json\/wp\/v2\/pages"}],"about":[{"href":"https:\/\/junobjects.com\/tr\/wp-json\/wp\/v2\/types\/page"}],"author":[{"embeddable":true,"href":"https:\/\/junobjects.com\/tr\/wp-json\/wp\/v2\/users\/1"}],"replies":[{"embeddable":true,"href":"https:\/\/junobjects.com\/tr\/wp-json\/wp\/v2\/comments?post=1057"}],"version-history":[{"count":3,"href":"https:\/\/junobjects.com\/tr\/wp-json\/wp\/v2\/pages\/1057\/revisions"}],"predecessor-version":[{"id":1084,"href":"https:\/\/junobjects.com\/tr\/wp-json\/wp\/v2\/pages\/1057\/revisions\/1084"}],"wp:attachment":[{"href":"https:\/\/junobjects.com\/tr\/wp-json\/wp\/v2\/media?parent=1057"}],"curies":[{"name":"wp","href":"https:\/\/api.w.org\/{rel}","templated":true}]}}