{"id":1054,"date":"2025-03-04T14:39:54","date_gmt":"2025-03-04T11:39:54","guid":{"rendered":"https:\/\/junobjects.com\/?page_id=1054"},"modified":"2025-03-04T14:39:55","modified_gmt":"2025-03-04T11:39:55","slug":"kisisel-verilerin-korunmasi","status":"publish","type":"page","link":"https:\/\/junobjects.com\/tr\/kisisel-verilerin-korunmasi\/","title":{"rendered":"Ki\u015fisel Verilerin Korunmas\u0131"},"content":{"rendered":"<p>Ki\u015fisel Verilerin Korunmas\u0131<\/p>\n\n\n\n<p><strong>SOMESTR \u0130LET\u0130\u015e\u0130M VE DANI\u015eMANLIK LTD. \u015eT\u0130<\/strong>. (Jun Objects) olarak, aktar\u0131lan ki\u015fisel verilerin<br>korunmas\u0131 konusundaki temel bilgilere a\u015fa\u011f\u0131da yer verilmi\u015ftir. Jun Objects, 6698 say\u0131l\u0131 Ki\u015fisel<br>Verilerin Korunmas\u0131 Kanunu (\u201c<strong>KVKK<\/strong>\u201d) m. 10\u2019dan do\u011fan ayd\u0131nlatma y\u00fck\u00fcml\u00fcl\u00fc\u011f\u00fcn\u00fc yerine<br>getirmek amac\u0131yla a\u015fa\u011f\u0131daki a\u00e7\u0131klamalar\u0131 m\u00fc\u015fterilerimizin ve web-sitemizi ve\/veya mobil<br>uygulamalar\u0131m\u0131z\u0131 kullanan 3. ki\u015filerin dikkatine sunar. Jun Objects, i\u015fbu Ki\u015fisel Verilerin<br>Korunmas\u0131 Hakk\u0131nda A\u00e7\u0131klama metnini y\u00fcr\u00fcrl\u00fckteki mevzuatta yap\u0131labilecek de\u011fi\u015fiklikler<br>\u00e7er\u00e7evesinde her zaman g\u00fcncelleme hakk\u0131n\u0131 sakl\u0131 tutar.<\/p>\n\n\n\n<ol class=\"wp-block-list\">\n<li>Ki\u015fisel verilerin i\u015flenmesinin yasal dayana\u011f\u0131<br>6698 say\u0131l\u0131 Ki\u015fisel Verilerin Korunmas\u0131 Kanunu, 6563 Say\u0131l\u0131 Elektronik Ticaretin D\u00fczenlenmesi<br>Hakk\u0131nda Kanun, 6502 say\u0131l\u0131 T\u00fcketicinin Korunmas\u0131 Hakk\u0131nda Kanun, Elektronik Ticarette<br>Hizmet Sa\u011flay\u0131c\u0131 ve Arac\u0131 Hizmet Sa\u011flay\u0131c\u0131lar Hakk\u0131nda Y\u00f6netmelik ve Ticari \u0130leti\u015fim ve Ticari<br>Elektronik \u0130letiler Hakk\u0131nda Y\u00f6netmelik, ki\u015fisel verilerin i\u015flenmesi ya da korunmas\u0131 ile ilgili<br>h\u00fck\u00fcmler i\u00e7ermektedir. 5237 Say\u0131l\u0131 T\u00fcrk Ceza Kanunu ise, ki\u015fisel verilerin i\u015flenmesi ve gizlili\u011fi<br>ile ilgili birtak\u0131m yapt\u0131r\u0131mlar \u00f6ng\u00f6rm\u00fc\u015ft\u00fcr.<br>Jun Objects olarak, 6502 say\u0131l\u0131 T\u00fcketicinin Korunmas\u0131 Hakk\u0131nda Kanun ve Mesafeli S\u00f6zle\u015fmeler<br>Y\u00f6netmeli\u011fi \u00e7er\u00e7evesinde siz m\u00fc\u015fterilerimizle kuraca\u011f\u0131m\u0131z s\u00f6zle\u015fmelerden do\u011fan<br>y\u00fck\u00fcml\u00fcl\u00fcklerimizi yerine getirebilmek ve en iyi hizmeti verebilmek amac\u0131yla siz \u00fcyelerimizin<br>ve m\u00fc\u015fterilerimizin ki\u015fisel verilerinin i\u015flenmesine ihtiya\u00e7 duymaktay\u0131z.<\/li>\n\n\n\n<li>Jun Objects ki\u015fisel verilerin toplanmas\u0131nda hangi y\u00f6ntemleri kullan\u0131yor?<br>www.junobjects.com web sitesinden veya mobil uygulamalardan i\u015flem yapan m\u00fc\u015fterilerimizin verdikleri veriler, m\u00fc\u015fterilerimizin r\u0131zalar\u0131 ve mevzuat h\u00fck\u00fcmleri uyar\u0131nca Jun Objects taraf\u0131ndan i\u015flenmektedir.<br>Jun Objects&#8217;e ait olan <strong>www<\/strong><strong>.junobjects<\/strong><strong>.com<\/strong>&nbsp;web sitesi \u00e7erez (<strong>cookie<\/strong>) kullanan bir sitedir. \u00c7erez; kullan\u0131lmakta olan cihaz\u0131n internet taray\u0131c\u0131s\u0131na ya da sabit diskine depolanarak s\u00f6z konusu cihaz\u0131n tespit edilmesine olanak tan\u0131yan, \u00e7o\u011funlukla harf ve say\u0131lardan olu\u015fan bir dosyad\u0131r.<\/li>\n\n\n\n<li>Bu sitede Google&#8217;\u0131n reCAPTCHA teknolojisi kullan\u0131lmaktad\u0131r. Detaylar i\u00e7in <a href=\"https:\/\/policies.google.com\/privacy\">Gizlilik S\u00f6zle\u015fmesi<\/a> ve <a href=\"https:\/\/policies.google.com\/terms\">Hizmet \u015eartlar\u0131<\/a> sayfalar\u0131n\u0131 ziyaret ediniz.<\/li>\n<\/ol>\n\n\n\n<p>www.junobjects.com ziyaret\u00e7ilerine daha iyi hizmet verebilmek amac\u0131yla ve yasal y\u00fck\u00fcml\u00fcl\u00fc\u011f\u00fc<br>\u00e7er\u00e7evesinde, i\u015fbu Ki\u015fisel Verilerin Korunmas\u0131 Hakk\u0131nda A\u00e7\u0131klama metninde belirlenen ama\u00e7lar ve kapsam d\u0131\u015f\u0131nda kullan\u0131lmamak kayd\u0131 ile gezinme bilgilerinizi toplayacak, i\u015fleyecek, \u00fc\u00e7\u00fcnc\u00fc ki\u015filerle payla\u015facak ve g\u00fcvenli olarak saklayacakt\u0131r.<br>www. junobjects.com \u00e7erezleri; g\u00fcnl\u00fck dosyalar\u0131, bo\u015f gif dosyalar\u0131 ve\/veya \u00fc\u00e7\u00fcnc\u00fc taraf<br>kaynaklar\u0131 yoluyla toplad\u0131\u011f\u0131 bilgileri tercihlerinizle ilgili bir \u00f6zet olu\u015fturmak amac\u0131yla depolar.<br>www.junobjects.com size \u00f6zel tan\u0131t\u0131m yapmak, promosyonlar ve pazarlama teklifleri sunmak,<br>web sitesinin veya mobil uygulaman\u0131n i\u00e7eri\u011fini size g\u00f6re iyile\u015ftirmek, geli\u015ftirmek ve\/veya<br>tercihlerinizi belirlemek amac\u0131yla; site \u00fczerinde gezinme bilgilerinizi ve\/veya site \u00fczerindeki<br>kullan\u0131m ge\u00e7mi\u015finizi izleyebilmektedir.<br>www.junobjects.com \u00e7evrimi\u00e7i ve \u00e7evrimd\u0131\u015f\u0131 olarak toplanan bilgiler gibi farkl\u0131 y\u00f6ntemlerle veya farkl\u0131 zamanlarda site \u00fczerinde sizden toplanan bilgileri e\u015fle\u015ftirebilir ve bu bilgileri \u00fc\u00e7\u00fcnc\u00fc taraflar gibi ba\u015fka kaynaklardan al\u0131nan bilgilerle birlikte kullanabilir.<br>www.junobjects.com web sitesinde ve\/veya mobil uygulamas\u0131nda oturum \u00e7erezleri ve kal\u0131c\u0131 \u00e7erezler kullanmaktad\u0131r. Oturum kimli\u011fi \u00e7erezi, taray\u0131c\u0131n\u0131z\u0131 kapatt\u0131\u011f\u0131n\u0131zda sona erer. Kal\u0131c\u0131 \u00e7erez ise sabit diskinizde uzun bir s\u00fcre kal\u0131r. \u0130nternet taray\u0131c\u0131n\u0131z\u0131n &#8220;yard\u0131m&#8221; dosyas\u0131nda verilen talimatlar\u0131 izleyerek veya \u201c<strong>www.allaboutcookies.org<\/strong>\u201d veya\u201c<strong>www.youronlinechoices.eu<\/strong>\u201d adresini ziyaret ederek kal\u0131c\u0131 \u00e7erezleri kald\u0131rabilir ve hem oturum \u00e7erezlerini hem de kal\u0131c\u0131 \u00e7erezleri reddedebilirsiniz. Kal\u0131c\u0131 \u00e7erezleri veya oturum \u00e7erezlerini reddederseniz, web sitesini, mobil uygulamay\u0131 kullanmaya devam edebilirsiniz fakat web sitesinin, mobil uygulaman\u0131n t\u00fcm i\u015flevlerine eri\u015femeyebilirsiniz veya eri\u015fiminiz<br>s\u0131n\u0131rl\u0131 olabilir.<\/p>\n\n\n\n<ol class=\"wp-block-list\">\n<li>Ki\u015fisel verilerinizin i\u015flenme amac\u0131<br>Hizmetlerimizi ve kampanyalar\u0131m\u0131z\u0131 duyuran e-b\u00fcltenlerimize ve sitemize \u00fcye olman\u0131z, site<br>ve uygulamalar \u00fczerinden bir \u00fcr\u00fcn sat\u0131n alman\u0131z ya da sat\u0131n ald\u0131\u011f\u0131n\u0131z \u00fcr\u00fcn\u00fc iptal etmeniz gibi durumlarda, sizlere daha iyi hizmet verebilmek ad\u0131na ad, soyad, e-posta adresi, telefon numaras\u0131, cinsiyet, do\u011fum tarihi, ki\u015fisel ilgi alanlar\u0131, fatura ve teslimat adresleri gibi baz\u0131 ki\u015fisel bilgilerinize ihtiya\u00e7 duyaca\u011f\u0131z. Bu bilgiler haricinde, sitenin ve mobil uygulamas\u0131n\u0131n ziyaret s\u0131kl\u0131\u011f\u0131 ve zamanlar\u0131, sipari\u015f verilme zamanlar\u0131 ve sipari\u015f an\u0131ndaki IP adresi, ziyaret edilen \u00fcr\u00fcn sayfalar\u0131n\u0131n ve sipari\u015f verilen \u00fcr\u00fcnlerin istatistikleri gibi ki\u015fisel bilgi i\u00e7ermeyen toplu istatistiksel veriler de, ziyaret\u00e7i hareket ve tercihlerini analiz etmek ve anlamak<br>amac\u0131yla toplan\u0131r ve kullan\u0131l\u0131r.<br>junobjects.com sitesinde ve mobil uygulamas\u0131nda toplanan ki\u015fisel bilgiler, sipari\u015f s\u00fcre\u00e7lerini y\u00fcr\u00fctmek, tamamlamak, m\u00fc\u015fterilerimizle ilgili ileti\u015fimi ve m\u00fc\u015fteri memnuniyetini sa\u011flamak, kampanyalardan haberdar etmek ve istedi\u011finiz veya yetkilendirdi\u011finiz hizmetlerin sa\u011flanmas\u0131 ya da i\u015flemlerin yerine getirilmesi i\u00e7in kullan\u0131l\u0131r.<br>junobjects.com bu kullan\u0131mlar\u0131 desteklemek \u00fczere, m\u00fc\u015fterilerine daha etkili hizmet sunmak, siteyi, mobil uygulamas\u0131n\u0131 ve di\u011fer ilgili Jun Objects \u00fcr\u00fcnlerini veya hizmetlerini iyile\u015ftirmek ve ayn\u0131 bilgileri tekrar tekrar girme gere\u011fini ortadan kald\u0131rarak sitenin kullan\u0131m\u0131n\u0131 daha kolay hale getirmek veya siteyi \u00f6zel tercihlerinize ve ilgi alanlar\u0131n\u0131za g\u00f6re \u00f6zelle\u015ftirmek i\u00e7in ki\u015fisel bilgileri kullanabilir.<br>Ki\u015fisel bilgilerinizi, bildirimleri de i\u00e7erecek \u015fekilde, kullanmakta oldu\u011funuz \u00fcr\u00fcn veya hizmetler hakk\u0131nda bilgiler sa\u011flamak i\u00e7in kullanabiliriz. Ayr\u0131ca, size di\u011fer Jun Objects \u00fcr\u00fcnleri ve hizmetleri hakk\u0131nda bilgiler g\u00f6nderebiliriz.<br>Ara\u015ft\u0131rma amac\u0131yla, site ve mobil uygulamas\u0131 ziyaretleriyle ilgili verileri anonim demografik bilgilerle birle\u015ftiririz ve bu bilgileri daha yararl\u0131 i\u00e7erik sa\u011flamak \u00fczere toplu bir \u015fekilde kullanabiliriz. <strong>junobjects.com<\/strong>&nbsp;sitesinde ve mobil uygulamas\u0131nda ki\u015fiselle\u015ftirilmi\u015f i\u00e7erik sa\u011flamak i\u00e7in, site ziyaret verilerini ki\u015fisel bilgilerinizle birle\u015ftirebiliriz.<br>Bir haber b\u00fcltenine kaydoldu\u011funuzda veya tan\u0131t\u0131m e-postalar\u0131 almay\u0131 kabul etti\u011finizde junobjects.com sitesi ve mobil uygulamas\u0131, t\u0131klatt\u0131\u011f\u0131n\u0131z e-postalar\u0131 izlemek i\u00e7in \u00f6zelle\u015ftirilmi\u015f<br>ba\u011flant\u0131lar veya benzeri teknolojiler kullanabilir. Size daha uygun e-postalar veya sat\u0131\u015f bilgileri g\u00f6nderebilmek i\u00e7in bu bilgileri ki\u015fisel bilgilerinizle ili\u015fkilendirebiliriz. Her e-posta, bu t\u00fcr iletilerin gelmesini durdurman\u0131za olanak veren, abonelik iptal ba\u011flant\u0131lar\u0131 i\u00e7erir.<br><strong>Ki\u015fisel Verilerin Silinmesi<\/strong><br>Kanunen saklanmas\u0131 gereken s\u00fcrelerin dolmas\u0131, yarg\u0131 s\u00fcre\u00e7lerinin tamamlanmas\u0131 ya da di\u011fer gereklilikler ortadan kalkt\u0131\u011f\u0131nda \u015firketimiz taraf\u0131ndan bu veriler kendili\u011finden ya da ilgili ki\u015finin talebi \u00fczerine ki\u015fisel veriler silinir, yok edilir ya da anonim hale getirilir.<br><strong>Gizlilik ve Veri G\u00fcvenli\u011fi<\/strong><br>Ki\u015fisel veriler gizlidir. Ki\u015fisel verilere \u015firket i\u00e7inde ancak yetki verilmi\u015f ki\u015filer ula\u015fabilir.<br>junobjects.com taraf\u0131ndan toplanan ki\u015fisel verilerin korunmas\u0131 ve yetkisiz ki\u015filerin eline ge\u00e7memesi ve m\u00fc\u015fterilerimizin ve m\u00fc\u015fteri adaylar\u0131m\u0131z\u0131n ma\u011fdur olmamas\u0131 i\u00e7in gerekli teknik ve idari b\u00fct\u00fcn tedbirler al\u0131nmaktad\u0131r. Bu \u00e7er\u00e7evede yaz\u0131l\u0131mlar\u0131n standartlara uygun olmas\u0131, \u00fc\u00e7\u00fcnc\u00fc partilerin \u00f6zenle se\u00e7ilmesi ve \u015firket i\u00e7inde de veri koruma politikas\u0131na riayet edilmesi sa\u011flanmaktad\u0131r. \u00c7evrimi\u00e7i sipari\u015f bilgilerinizin g\u00fcvenli\u011fini korumak i\u00e7in 128-bit Secure Socket<br>Layer (SSL) teknolojisini kullan\u0131yoruz.<br><strong>\u00c7erezler Nas\u0131l Kullan\u0131l\u0131r?<\/strong><br>Sitemizi ilk ziyaret etti\u011finizde, site trafi\u011fini analiz etmek, site parametrelerini kaydetmek veya reklam ama\u00e7l\u0131 olmak \u00fczere s\u00fcr\u00fcc\u00fcn\u00fczde otomatik \u00e7erezler belirlenecektir. Web taray\u0131c\u0131 ayarlar\u0131n\u0131zdan \u00e7erez al\u0131mlar\u0131yla ilgili de\u011fi\u015fiklik yapabilir ya da tamamen durdurabilirsiniz.<br>\u00c7erezleri kapat\u0131rsan\u0131z, verece\u011fimiz servis deneyimini tam olarak alamayabilirsiniz.<\/li>\n\n\n\n<li>Ki\u015fisel Verilerin Korunmas\u0131 Kanunu\u2019ndan do\u011fan haklar\u0131n\u0131z nelerdir?<br>KVKK uyar\u0131nca ki\u015fisel verilerinizin;<br><strong>a)<\/strong>&nbsp;i\u015flenip i\u015flenmedi\u011fini \u00f6\u011frenme,<br><strong>b)<\/strong>&nbsp;i\u015flenmi\u015fse bilgi talep etme,<br><strong>c)<\/strong>&nbsp;i\u015flenme amac\u0131n\u0131 ve amac\u0131na uygun kullan\u0131l\u0131p kullan\u0131lmad\u0131\u011f\u0131n\u0131 \u00f6\u011frenme,<br><strong>d)<\/strong>&nbsp;yurt i\u00e7inde \/ yurt d\u0131\u015f\u0131nda aktar\u0131ld\u0131\u011f\u0131 3. ki\u015fileri bilme,<br><strong>e)<\/strong>&nbsp;eksik \/ yanl\u0131\u015f i\u015flenmi\u015fse d\u00fczeltilmesini isteme,<br><strong>f)<\/strong>&nbsp;KVKK\u2019n\u0131n 7. maddesinde \u00f6ng\u00f6r\u00fclen \u015fartlar \u00e7er\u00e7evesinde silinmesini \/ yok edilmesini<br>isteme,<br><strong>g)<\/strong>&nbsp;aktar\u0131ld\u0131\u011f\u0131 3. ki\u015filere yukar\u0131da say\u0131lan (d) ve (e) bentleri uyar\u0131nca yap\u0131lan i\u015flemlerin<br>bildirilmesini isteme,<br><strong>h)<\/strong>&nbsp;m\u00fcnhas\u0131ran otomatik sistemler ile analiz edilmesi nedeniyle aleyhinize bir sonucun ortaya<br>\u00e7\u0131kmas\u0131na itiraz etme,<br><strong>i)<\/strong>&nbsp;KVKK\u2019ya ayk\u0131r\u0131 olarak i\u015flenmesi sebebiyle zarara u\u011framan\u0131z h\u00e2linde zarar\u0131n giderilmesini<br>talep etme haklar\u0131na sahip oldu\u011funuzu hat\u0131rlatmak isteriz.<\/li>\n\n\n\n<li>Jun Objects\u2019e ki\u015fisel verilerinizle ilgili soru sormak ister misiniz?<br>Bize ki\u015fisel verilerinizle ilgili her t\u00fcrl\u00fc soru ve g\u00f6r\u00fc\u015fleriniz i\u00e7in hello@junobjects.com e-posta adresinden diledi\u011finiz zaman ula\u015fabilirsiniz.<\/li>\n<\/ol>\n\n\n\n<p><br><strong>Adres :<\/strong> Ac\u0131badem Mh. Ac\u0131badem Cd. No:33\/8<br>Kad\u0131k\u00f6y \/ \u0130stanbul<\/p>","protected":false},"excerpt":{"rendered":"<p>Ki\u015fisel Verilerin Korunmas\u0131 SOMESTR \u0130LET\u0130\u015e\u0130M VE DANI\u015eMANLIK LTD. \u015eT\u0130. (Jun Objects) olarak, aktar\u0131lan ki\u015fisel verilerinkorunmas\u0131 konusundaki temel bilgilere a\u015fa\u011f\u0131da yer verilmi\u015ftir. Jun Objects, 6698 say\u0131l\u0131 Ki\u015fiselVerilerin Korunmas\u0131 Kanunu (\u201cKVKK\u201d) m. 10\u2019dan do\u011fan ayd\u0131nlatma y\u00fck\u00fcml\u00fcl\u00fc\u011f\u00fcn\u00fc yerinegetirmek amac\u0131yla a\u015fa\u011f\u0131daki a\u00e7\u0131klamalar\u0131 m\u00fc\u015fterilerimizin ve web-sitemizi ve\/veya mobiluygulamalar\u0131m\u0131z\u0131 kullanan 3. ki\u015filerin dikkatine sunar. Jun Objects, i\u015fbu Ki\u015fisel VerilerinKorunmas\u0131 Hakk\u0131nda A\u00e7\u0131klama [&hellip;]<\/p>\n","protected":false},"author":1,"featured_media":0,"parent":0,"menu_order":10,"comment_status":"closed","ping_status":"open","template":"","meta":{"footnotes":""},"class_list":["post-1054","page","type-page","status-publish","hentry"],"yoast_head":"<!-- This site is optimized with the Yoast SEO plugin v27.4 - https:\/\/yoast.com\/product\/yoast-seo-wordpress\/ -->\n<title>Ki\u015fisel Verilerin Korunmas\u0131 &#8212; Jun Objects<\/title>\n<meta name=\"robots\" content=\"index, follow, max-snippet:-1, max-image-preview:large, max-video-preview:-1\" \/>\n<link rel=\"canonical\" href=\"https:\/\/junobjects.com\/tr\/kisisel-verilerin-korunmasi\/\" \/>\n<meta property=\"og:locale\" content=\"tr_TR\" \/>\n<meta property=\"og:type\" content=\"article\" \/>\n<meta property=\"og:title\" content=\"Ki\u015fisel Verilerin Korunmas\u0131 &#8212; Jun Objects\" \/>\n<meta property=\"og:description\" content=\"Ki\u015fisel Verilerin Korunmas\u0131 SOMESTR \u0130LET\u0130\u015e\u0130M VE DANI\u015eMANLIK LTD. \u015eT\u0130. (Jun Objects) olarak, aktar\u0131lan ki\u015fisel verilerinkorunmas\u0131 konusundaki temel bilgilere a\u015fa\u011f\u0131da yer verilmi\u015ftir. Jun Objects, 6698 say\u0131l\u0131 Ki\u015fiselVerilerin Korunmas\u0131 Kanunu (\u201cKVKK\u201d) m. 10\u2019dan do\u011fan ayd\u0131nlatma y\u00fck\u00fcml\u00fcl\u00fc\u011f\u00fcn\u00fc yerinegetirmek amac\u0131yla a\u015fa\u011f\u0131daki a\u00e7\u0131klamalar\u0131 m\u00fc\u015fterilerimizin ve web-sitemizi ve\/veya mobiluygulamalar\u0131m\u0131z\u0131 kullanan 3. ki\u015filerin dikkatine sunar. Jun Objects, i\u015fbu Ki\u015fisel VerilerinKorunmas\u0131 Hakk\u0131nda A\u00e7\u0131klama [&hellip;]\" \/>\n<meta property=\"og:url\" content=\"https:\/\/junobjects.com\/tr\/kisisel-verilerin-korunmasi\/\" \/>\n<meta property=\"og:site_name\" content=\"Jun Objects\" \/>\n<meta property=\"article:modified_time\" content=\"2025-03-04T11:39:55+00:00\" \/>\n<meta property=\"og:image\" content=\"https:\/\/junobjects.com\/wp-content\/uploads\/2025\/02\/Juno-logo.jpg\" \/>\n\t<meta property=\"og:image:width\" content=\"1601\" \/>\n\t<meta property=\"og:image:height\" content=\"915\" \/>\n\t<meta property=\"og:image:type\" content=\"image\/jpeg\" \/>\n<meta name=\"twitter:card\" content=\"summary_large_image\" \/>\n<script type=\"application\/ld+json\" class=\"yoast-schema-graph\">{\"@context\":\"https:\\\/\\\/schema.org\",\"@graph\":[{\"@type\":\"WebPage\",\"@id\":\"https:\\\/\\\/junobjects.com\\\/tr\\\/kisisel-verilerin-korunmasi\\\/\",\"url\":\"https:\\\/\\\/junobjects.com\\\/tr\\\/kisisel-verilerin-korunmasi\\\/\",\"name\":\"Ki\u015fisel Verilerin Korunmas\u0131 &#8212; Jun Objects\",\"isPartOf\":{\"@id\":\"https:\\\/\\\/junobjects.com\\\/tr\\\/#website\"},\"datePublished\":\"2025-03-04T11:39:54+00:00\",\"dateModified\":\"2025-03-04T11:39:55+00:00\",\"breadcrumb\":{\"@id\":\"https:\\\/\\\/junobjects.com\\\/tr\\\/kisisel-verilerin-korunmasi\\\/#breadcrumb\"},\"inLanguage\":\"tr\",\"potentialAction\":[{\"@type\":\"ReadAction\",\"target\":[\"https:\\\/\\\/junobjects.com\\\/tr\\\/kisisel-verilerin-korunmasi\\\/\"]}]},{\"@type\":\"BreadcrumbList\",\"@id\":\"https:\\\/\\\/junobjects.com\\\/tr\\\/kisisel-verilerin-korunmasi\\\/#breadcrumb\",\"itemListElement\":[{\"@type\":\"ListItem\",\"position\":1,\"name\":\"Home\",\"item\":\"https:\\\/\\\/junobjects.com\\\/\"},{\"@type\":\"ListItem\",\"position\":2,\"name\":\"Ki\u015fisel Verilerin Korunmas\u0131\"}]},{\"@type\":\"WebSite\",\"@id\":\"https:\\\/\\\/junobjects.com\\\/tr\\\/#website\",\"url\":\"https:\\\/\\\/junobjects.com\\\/tr\\\/\",\"name\":\"Jun Objects \u2014 Tufting, Rugs and Artworks\",\"description\":\"\",\"publisher\":{\"@id\":\"https:\\\/\\\/junobjects.com\\\/tr\\\/#organization\"},\"potentialAction\":[{\"@type\":\"SearchAction\",\"target\":{\"@type\":\"EntryPoint\",\"urlTemplate\":\"https:\\\/\\\/junobjects.com\\\/tr\\\/?s={search_term_string}\"},\"query-input\":{\"@type\":\"PropertyValueSpecification\",\"valueRequired\":true,\"valueName\":\"search_term_string\"}}],\"inLanguage\":\"tr\"},{\"@type\":\"Organization\",\"@id\":\"https:\\\/\\\/junobjects.com\\\/tr\\\/#organization\",\"name\":\"Jun Objects \u2014 Tufting, Rugs and Artworks\",\"url\":\"https:\\\/\\\/junobjects.com\\\/tr\\\/\",\"logo\":{\"@type\":\"ImageObject\",\"inLanguage\":\"tr\",\"@id\":\"https:\\\/\\\/junobjects.com\\\/tr\\\/#\\\/schema\\\/logo\\\/image\\\/\",\"url\":\"https:\\\/\\\/junobjects.com\\\/wp-content\\\/uploads\\\/2023\\\/08\\\/Juno-logo-4.jpg\",\"contentUrl\":\"https:\\\/\\\/junobjects.com\\\/wp-content\\\/uploads\\\/2023\\\/08\\\/Juno-logo-4.jpg\",\"width\":1080,\"height\":1080,\"caption\":\"Jun Objects \u2014 Tufting, Rugs and Artworks\"},\"image\":{\"@id\":\"https:\\\/\\\/junobjects.com\\\/tr\\\/#\\\/schema\\\/logo\\\/image\\\/\"},\"sameAs\":[\"https:\\\/\\\/www.instagram.com\\\/junobjects\\\/\"]}]}<\/script>\n<!-- \/ Yoast SEO plugin. -->","yoast_head_json":{"title":"Ki\u015fisel Verilerin Korunmas\u0131 &#8212; Jun Objects","robots":{"index":"index","follow":"follow","max-snippet":"max-snippet:-1","max-image-preview":"max-image-preview:large","max-video-preview":"max-video-preview:-1"},"canonical":"https:\/\/junobjects.com\/tr\/kisisel-verilerin-korunmasi\/","og_locale":"tr_TR","og_type":"article","og_title":"Ki\u015fisel Verilerin Korunmas\u0131 &#8212; Jun Objects","og_description":"Ki\u015fisel Verilerin Korunmas\u0131 SOMESTR \u0130LET\u0130\u015e\u0130M VE DANI\u015eMANLIK LTD. \u015eT\u0130. (Jun Objects) olarak, aktar\u0131lan ki\u015fisel verilerinkorunmas\u0131 konusundaki temel bilgilere a\u015fa\u011f\u0131da yer verilmi\u015ftir. Jun Objects, 6698 say\u0131l\u0131 Ki\u015fiselVerilerin Korunmas\u0131 Kanunu (\u201cKVKK\u201d) m. 10\u2019dan do\u011fan ayd\u0131nlatma y\u00fck\u00fcml\u00fcl\u00fc\u011f\u00fcn\u00fc yerinegetirmek amac\u0131yla a\u015fa\u011f\u0131daki a\u00e7\u0131klamalar\u0131 m\u00fc\u015fterilerimizin ve web-sitemizi ve\/veya mobiluygulamalar\u0131m\u0131z\u0131 kullanan 3. ki\u015filerin dikkatine sunar. Jun Objects, i\u015fbu Ki\u015fisel VerilerinKorunmas\u0131 Hakk\u0131nda A\u00e7\u0131klama [&hellip;]","og_url":"https:\/\/junobjects.com\/tr\/kisisel-verilerin-korunmasi\/","og_site_name":"Jun Objects","article_modified_time":"2025-03-04T11:39:55+00:00","og_image":[{"width":1601,"height":915,"url":"https:\/\/junobjects.com\/wp-content\/uploads\/2025\/02\/Juno-logo.jpg","type":"image\/jpeg"}],"twitter_card":"summary_large_image","schema":{"@context":"https:\/\/schema.org","@graph":[{"@type":"WebPage","@id":"https:\/\/junobjects.com\/tr\/kisisel-verilerin-korunmasi\/","url":"https:\/\/junobjects.com\/tr\/kisisel-verilerin-korunmasi\/","name":"Ki\u015fisel Verilerin Korunmas\u0131 &#8212; Jun Objects","isPartOf":{"@id":"https:\/\/junobjects.com\/tr\/#website"},"datePublished":"2025-03-04T11:39:54+00:00","dateModified":"2025-03-04T11:39:55+00:00","breadcrumb":{"@id":"https:\/\/junobjects.com\/tr\/kisisel-verilerin-korunmasi\/#breadcrumb"},"inLanguage":"tr","potentialAction":[{"@type":"ReadAction","target":["https:\/\/junobjects.com\/tr\/kisisel-verilerin-korunmasi\/"]}]},{"@type":"BreadcrumbList","@id":"https:\/\/junobjects.com\/tr\/kisisel-verilerin-korunmasi\/#breadcrumb","itemListElement":[{"@type":"ListItem","position":1,"name":"Home","item":"https:\/\/junobjects.com\/"},{"@type":"ListItem","position":2,"name":"Ki\u015fisel Verilerin Korunmas\u0131"}]},{"@type":"WebSite","@id":"https:\/\/junobjects.com\/tr\/#website","url":"https:\/\/junobjects.com\/tr\/","name":"Jun Objects \u2014 Tufting, Rugs and Artworks","description":"","publisher":{"@id":"https:\/\/junobjects.com\/tr\/#organization"},"potentialAction":[{"@type":"SearchAction","target":{"@type":"EntryPoint","urlTemplate":"https:\/\/junobjects.com\/tr\/?s={search_term_string}"},"query-input":{"@type":"PropertyValueSpecification","valueRequired":true,"valueName":"search_term_string"}}],"inLanguage":"tr"},{"@type":"Organization","@id":"https:\/\/junobjects.com\/tr\/#organization","name":"Jun Objects \u2014 Tufting, Rugs and Artworks","url":"https:\/\/junobjects.com\/tr\/","logo":{"@type":"ImageObject","inLanguage":"tr","@id":"https:\/\/junobjects.com\/tr\/#\/schema\/logo\/image\/","url":"https:\/\/junobjects.com\/wp-content\/uploads\/2023\/08\/Juno-logo-4.jpg","contentUrl":"https:\/\/junobjects.com\/wp-content\/uploads\/2023\/08\/Juno-logo-4.jpg","width":1080,"height":1080,"caption":"Jun Objects \u2014 Tufting, Rugs and Artworks"},"image":{"@id":"https:\/\/junobjects.com\/tr\/#\/schema\/logo\/image\/"},"sameAs":["https:\/\/www.instagram.com\/junobjects\/"]}]}},"_links":{"self":[{"href":"https:\/\/junobjects.com\/tr\/wp-json\/wp\/v2\/pages\/1054","targetHints":{"allow":["GET"]}}],"collection":[{"href":"https:\/\/junobjects.com\/tr\/wp-json\/wp\/v2\/pages"}],"about":[{"href":"https:\/\/junobjects.com\/tr\/wp-json\/wp\/v2\/types\/page"}],"author":[{"embeddable":true,"href":"https:\/\/junobjects.com\/tr\/wp-json\/wp\/v2\/users\/1"}],"replies":[{"embeddable":true,"href":"https:\/\/junobjects.com\/tr\/wp-json\/wp\/v2\/comments?post=1054"}],"version-history":[{"count":1,"href":"https:\/\/junobjects.com\/tr\/wp-json\/wp\/v2\/pages\/1054\/revisions"}],"predecessor-version":[{"id":1055,"href":"https:\/\/junobjects.com\/tr\/wp-json\/wp\/v2\/pages\/1054\/revisions\/1055"}],"wp:attachment":[{"href":"https:\/\/junobjects.com\/tr\/wp-json\/wp\/v2\/media?parent=1054"}],"curies":[{"name":"wp","href":"https:\/\/api.w.org\/{rel}","templated":true}]}}