{"id":1050,"date":"2025-03-04T14:35:49","date_gmt":"2025-03-04T11:35:49","guid":{"rendered":"https:\/\/junobjects.com\/?page_id=1050"},"modified":"2025-03-04T14:35:50","modified_gmt":"2025-03-04T11:35:50","slug":"iptal-ve-iade","status":"publish","type":"page","link":"https:\/\/junobjects.com\/tr\/iptal-ve-iade\/","title":{"rendered":"\u0130ptal ve \u0130ade"},"content":{"rendered":"<p>Jun Objects olarak, m\u00fc\u015fterilerimizin memnuniyetini \u00f6n planda tutuyoruz. Al\u0131\u015fveri\u015f deneyiminizi kolayla\u015ft\u0131rmak ve size g\u00fcvenli bir al\u0131\u015fveri\u015f ortam\u0131 sunmak amac\u0131yla iade ve iptal politikam\u0131z\u0131 belirledik. A\u015fa\u011f\u0131daki \u015fartlar, sat\u0131n al\u0131mlar\u0131n\u0131zla ilgili haklar\u0131n\u0131z\u0131 ve y\u00fck\u00fcml\u00fcl\u00fcklerinizi a\u00e7\u0131klamaktad\u0131r.<\/p><p><mark style=\"background-color:rgba(0, 0, 0, 0)\" class=\"has-inline-color has-luminous-vivid-orange-color\"><strong>\u0130ade Politikas\u0131<\/strong><br><\/mark>Jun Objects \u00fczerinden sat\u0131n ald\u0131\u011f\u0131n\u0131z \u00fcr\u00fcnlerde, \u00fcr\u00fcn teslimat tarihinden itibaren 14 g\u00fcn i\u00e7inde iade hakk\u0131n\u0131z bulunmaktad\u0131r. \u0130ade i\u015flemleri i\u00e7in a\u015fa\u011f\u0131daki \u015fartlar ge\u00e7erlidir:<\/p><ul class=\"wp-block-list\"><li>\u0130ade etmek istedi\u011finiz \u00fcr\u00fcn, kullan\u0131lmam\u0131\u015f ve orijinal ambalaj\u0131nda olmal\u0131d\u0131r.<\/li>\n\n<li>\u0130ade i\u015flemi i\u00e7in \u00fcr\u00fcn\u00fcn faturas\u0131 ile birlikte taraf\u0131m\u0131za g\u00f6nderilmesi gerekmektedir.<\/li>\n\n<li>\u0130ade kargo \u00fccreti m\u00fc\u015fteriye aittir ve tercih etti\u011finiz kargo \u015firketi ile iade i\u015flemini ger\u00e7ekle\u015ftirebilirsiniz.<\/li>\n\n<li>\u0130ade i\u015flemi onayland\u0131\u011f\u0131nda, \u00f6demeniz en ge\u00e7 14 i\u015f g\u00fcn\u00fc i\u00e7inde ayn\u0131 \u00f6deme y\u00f6ntemiyle yap\u0131lacakt\u0131r.<\/li><\/ul><p><strong><mark style=\"background-color:rgba(0, 0, 0, 0)\" class=\"has-inline-color has-luminous-vivid-orange-color\">\u0130ptal Politikas\u0131<\/mark><\/strong><br>Sipari\u015finiz kargoya verilmeden \u00f6nce iptal talebinizi ger\u00e7ekle\u015ftirmeniz gerekmektedir. Sipari\u015finiz kargoya verildikten sonra iptal i\u015flemi yap\u0131lamaz.<\/p><p><strong><mark style=\"background-color:rgba(0, 0, 0, 0)\" class=\"has-inline-color has-luminous-vivid-orange-color\">\u0130ade ve \u0130ptal \u0130\u00e7in \u0130leti\u015fim<\/mark><\/strong><br>\u0130ade ve iptal taleplerinizle ilgili daha fazla bilgi almak ya da i\u015flem ba\u015flatmak i\u00e7in bizimle a\u015fa\u011f\u0131daki yollarla ileti\u015fime ge\u00e7ebilirsiniz:<br><strong>Email:<\/strong>\u00a0[hello@junobjects.com]<br><strong>\u0130ade Adresi<\/strong>\u00a0Ac\u0131badem Mh. Ac\u0131badem Cd. 33\/8 Kad\u0131k\u00f6y-\u0130stanbul<\/p>","protected":false},"excerpt":{"rendered":"<p>Jun Objects olarak, m\u00fc\u015fterilerimizin memnuniyetini \u00f6n planda tutuyoruz. Al\u0131\u015fveri\u015f deneyiminizi kolayla\u015ft\u0131rmak ve size g\u00fcvenli bir al\u0131\u015fveri\u015f ortam\u0131 sunmak amac\u0131yla iade ve iptal politikam\u0131z\u0131 belirledik. A\u015fa\u011f\u0131daki \u015fartlar, sat\u0131n al\u0131mlar\u0131n\u0131zla ilgili haklar\u0131n\u0131z\u0131 ve y\u00fck\u00fcml\u00fcl\u00fcklerinizi a\u00e7\u0131klamaktad\u0131r. \u0130ade Politikas\u0131Jun Objects \u00fczerinden sat\u0131n ald\u0131\u011f\u0131n\u0131z \u00fcr\u00fcnlerde, \u00fcr\u00fcn teslimat tarihinden itibaren 14 g\u00fcn i\u00e7inde iade hakk\u0131n\u0131z bulunmaktad\u0131r. \u0130ade i\u015flemleri i\u00e7in a\u015fa\u011f\u0131daki \u015fartlar [&hellip;]<\/p>","protected":false},"author":1,"featured_media":0,"parent":0,"menu_order":8,"comment_status":"closed","ping_status":"open","template":"","meta":{"footnotes":""},"class_list":["post-1050","page","type-page","status-publish","hentry"],"yoast_head":"<!-- This site is optimized with the Yoast SEO plugin v25.2 - https:\/\/yoast.com\/wordpress\/plugins\/seo\/ -->\n<title>\u0130ptal ve \u0130ade &#8212; Jun Objects<\/title>\n<meta name=\"robots\" content=\"index, follow, max-snippet:-1, max-image-preview:large, max-video-preview:-1\" \/>\n<link rel=\"canonical\" href=\"https:\/\/junobjects.com\/tr\/iptal-ve-iade\/\" \/>\n<meta property=\"og:locale\" content=\"tr_TR\" \/>\n<meta property=\"og:type\" content=\"article\" \/>\n<meta property=\"og:title\" content=\"\u0130ptal ve \u0130ade &#8212; Jun Objects\" \/>\n<meta property=\"og:description\" content=\"Jun Objects olarak, m\u00fc\u015fterilerimizin memnuniyetini \u00f6n planda tutuyoruz. Al\u0131\u015fveri\u015f deneyiminizi kolayla\u015ft\u0131rmak ve size g\u00fcvenli bir al\u0131\u015fveri\u015f ortam\u0131 sunmak amac\u0131yla iade ve iptal politikam\u0131z\u0131 belirledik. A\u015fa\u011f\u0131daki \u015fartlar, sat\u0131n al\u0131mlar\u0131n\u0131zla ilgili haklar\u0131n\u0131z\u0131 ve y\u00fck\u00fcml\u00fcl\u00fcklerinizi a\u00e7\u0131klamaktad\u0131r. \u0130ade Politikas\u0131Jun Objects \u00fczerinden sat\u0131n ald\u0131\u011f\u0131n\u0131z \u00fcr\u00fcnlerde, \u00fcr\u00fcn teslimat tarihinden itibaren 14 g\u00fcn i\u00e7inde iade hakk\u0131n\u0131z bulunmaktad\u0131r. \u0130ade i\u015flemleri i\u00e7in a\u015fa\u011f\u0131daki \u015fartlar [&hellip;]\" \/>\n<meta property=\"og:url\" content=\"https:\/\/junobjects.com\/tr\/iptal-ve-iade\/\" \/>\n<meta property=\"og:site_name\" content=\"Jun Objects\" \/>\n<meta property=\"article:modified_time\" content=\"2025-03-04T11:35:50+00:00\" \/>\n<meta property=\"og:image\" content=\"https:\/\/junobjects.com\/wp-content\/uploads\/2025\/02\/Juno-logo.jpg\" \/>\n\t<meta property=\"og:image:width\" content=\"1601\" \/>\n\t<meta property=\"og:image:height\" content=\"915\" \/>\n\t<meta property=\"og:image:type\" content=\"image\/jpeg\" \/>\n<meta name=\"twitter:card\" content=\"summary_large_image\" \/>\n<script type=\"application\/ld+json\" class=\"yoast-schema-graph\">{\"@context\":\"https:\/\/schema.org\",\"@graph\":[{\"@type\":\"WebPage\",\"@id\":\"https:\/\/junobjects.com\/tr\/iptal-ve-iade\/\",\"url\":\"https:\/\/junobjects.com\/tr\/iptal-ve-iade\/\",\"name\":\"\u0130ptal ve \u0130ade &#8212; Jun Objects\",\"isPartOf\":{\"@id\":\"https:\/\/junobjects.com\/tr\/#website\"},\"datePublished\":\"2025-03-04T11:35:49+00:00\",\"dateModified\":\"2025-03-04T11:35:50+00:00\",\"breadcrumb\":{\"@id\":\"https:\/\/junobjects.com\/tr\/iptal-ve-iade\/#breadcrumb\"},\"inLanguage\":\"tr\",\"potentialAction\":[{\"@type\":\"ReadAction\",\"target\":[\"https:\/\/junobjects.com\/tr\/iptal-ve-iade\/\"]}]},{\"@type\":\"BreadcrumbList\",\"@id\":\"https:\/\/junobjects.com\/tr\/iptal-ve-iade\/#breadcrumb\",\"itemListElement\":[{\"@type\":\"ListItem\",\"position\":1,\"name\":\"Home\",\"item\":\"https:\/\/junobjects.com\/\"},{\"@type\":\"ListItem\",\"position\":2,\"name\":\"\u0130ptal ve \u0130ade\"}]},{\"@type\":\"WebSite\",\"@id\":\"https:\/\/junobjects.com\/tr\/#website\",\"url\":\"https:\/\/junobjects.com\/tr\/\",\"name\":\"Jun Objects \u2014 Tufting, Rugs and Artworks\",\"description\":\"\",\"publisher\":{\"@id\":\"https:\/\/junobjects.com\/tr\/#organization\"},\"potentialAction\":[{\"@type\":\"SearchAction\",\"target\":{\"@type\":\"EntryPoint\",\"urlTemplate\":\"https:\/\/junobjects.com\/tr\/?s={search_term_string}\"},\"query-input\":{\"@type\":\"PropertyValueSpecification\",\"valueRequired\":true,\"valueName\":\"search_term_string\"}}],\"inLanguage\":\"tr\"},{\"@type\":\"Organization\",\"@id\":\"https:\/\/junobjects.com\/tr\/#organization\",\"name\":\"Jun Objects \u2014 Tufting, Rugs and Artworks\",\"url\":\"https:\/\/junobjects.com\/tr\/\",\"logo\":{\"@type\":\"ImageObject\",\"inLanguage\":\"tr\",\"@id\":\"https:\/\/junobjects.com\/tr\/#\/schema\/logo\/image\/\",\"url\":\"https:\/\/junobjects.com\/wp-content\/uploads\/2023\/08\/Juno-logo-4.jpg\",\"contentUrl\":\"https:\/\/junobjects.com\/wp-content\/uploads\/2023\/08\/Juno-logo-4.jpg\",\"width\":1080,\"height\":1080,\"caption\":\"Jun Objects \u2014 Tufting, Rugs and Artworks\"},\"image\":{\"@id\":\"https:\/\/junobjects.com\/tr\/#\/schema\/logo\/image\/\"},\"sameAs\":[\"https:\/\/www.instagram.com\/junobjects\/\"]}]}<\/script>\n<!-- \/ Yoast SEO plugin. -->","yoast_head_json":{"title":"\u0130ptal ve \u0130ade &#8212; Jun Objects","robots":{"index":"index","follow":"follow","max-snippet":"max-snippet:-1","max-image-preview":"max-image-preview:large","max-video-preview":"max-video-preview:-1"},"canonical":"https:\/\/junobjects.com\/tr\/iptal-ve-iade\/","og_locale":"tr_TR","og_type":"article","og_title":"\u0130ptal ve \u0130ade &#8212; Jun Objects","og_description":"Jun Objects olarak, m\u00fc\u015fterilerimizin memnuniyetini \u00f6n planda tutuyoruz. Al\u0131\u015fveri\u015f deneyiminizi kolayla\u015ft\u0131rmak ve size g\u00fcvenli bir al\u0131\u015fveri\u015f ortam\u0131 sunmak amac\u0131yla iade ve iptal politikam\u0131z\u0131 belirledik. A\u015fa\u011f\u0131daki \u015fartlar, sat\u0131n al\u0131mlar\u0131n\u0131zla ilgili haklar\u0131n\u0131z\u0131 ve y\u00fck\u00fcml\u00fcl\u00fcklerinizi a\u00e7\u0131klamaktad\u0131r. \u0130ade Politikas\u0131Jun Objects \u00fczerinden sat\u0131n ald\u0131\u011f\u0131n\u0131z \u00fcr\u00fcnlerde, \u00fcr\u00fcn teslimat tarihinden itibaren 14 g\u00fcn i\u00e7inde iade hakk\u0131n\u0131z bulunmaktad\u0131r. \u0130ade i\u015flemleri i\u00e7in a\u015fa\u011f\u0131daki \u015fartlar [&hellip;]","og_url":"https:\/\/junobjects.com\/tr\/iptal-ve-iade\/","og_site_name":"Jun Objects","article_modified_time":"2025-03-04T11:35:50+00:00","og_image":[{"width":1601,"height":915,"url":"https:\/\/junobjects.com\/wp-content\/uploads\/2025\/02\/Juno-logo.jpg","type":"image\/jpeg"}],"twitter_card":"summary_large_image","schema":{"@context":"https:\/\/schema.org","@graph":[{"@type":"WebPage","@id":"https:\/\/junobjects.com\/tr\/iptal-ve-iade\/","url":"https:\/\/junobjects.com\/tr\/iptal-ve-iade\/","name":"\u0130ptal ve \u0130ade &#8212; Jun Objects","isPartOf":{"@id":"https:\/\/junobjects.com\/tr\/#website"},"datePublished":"2025-03-04T11:35:49+00:00","dateModified":"2025-03-04T11:35:50+00:00","breadcrumb":{"@id":"https:\/\/junobjects.com\/tr\/iptal-ve-iade\/#breadcrumb"},"inLanguage":"tr","potentialAction":[{"@type":"ReadAction","target":["https:\/\/junobjects.com\/tr\/iptal-ve-iade\/"]}]},{"@type":"BreadcrumbList","@id":"https:\/\/junobjects.com\/tr\/iptal-ve-iade\/#breadcrumb","itemListElement":[{"@type":"ListItem","position":1,"name":"Home","item":"https:\/\/junobjects.com\/"},{"@type":"ListItem","position":2,"name":"\u0130ptal ve \u0130ade"}]},{"@type":"WebSite","@id":"https:\/\/junobjects.com\/tr\/#website","url":"https:\/\/junobjects.com\/tr\/","name":"Jun Objects \u2014 Tufting, Rugs and Artworks","description":"","publisher":{"@id":"https:\/\/junobjects.com\/tr\/#organization"},"potentialAction":[{"@type":"SearchAction","target":{"@type":"EntryPoint","urlTemplate":"https:\/\/junobjects.com\/tr\/?s={search_term_string}"},"query-input":{"@type":"PropertyValueSpecification","valueRequired":true,"valueName":"search_term_string"}}],"inLanguage":"tr"},{"@type":"Organization","@id":"https:\/\/junobjects.com\/tr\/#organization","name":"Jun Objects \u2014 Tufting, Rugs and Artworks","url":"https:\/\/junobjects.com\/tr\/","logo":{"@type":"ImageObject","inLanguage":"tr","@id":"https:\/\/junobjects.com\/tr\/#\/schema\/logo\/image\/","url":"https:\/\/junobjects.com\/wp-content\/uploads\/2023\/08\/Juno-logo-4.jpg","contentUrl":"https:\/\/junobjects.com\/wp-content\/uploads\/2023\/08\/Juno-logo-4.jpg","width":1080,"height":1080,"caption":"Jun Objects \u2014 Tufting, Rugs and Artworks"},"image":{"@id":"https:\/\/junobjects.com\/tr\/#\/schema\/logo\/image\/"},"sameAs":["https:\/\/www.instagram.com\/junobjects\/"]}]}},"_links":{"self":[{"href":"https:\/\/junobjects.com\/tr\/wp-json\/wp\/v2\/pages\/1050","targetHints":{"allow":["GET"]}}],"collection":[{"href":"https:\/\/junobjects.com\/tr\/wp-json\/wp\/v2\/pages"}],"about":[{"href":"https:\/\/junobjects.com\/tr\/wp-json\/wp\/v2\/types\/page"}],"author":[{"embeddable":true,"href":"https:\/\/junobjects.com\/tr\/wp-json\/wp\/v2\/users\/1"}],"replies":[{"embeddable":true,"href":"https:\/\/junobjects.com\/tr\/wp-json\/wp\/v2\/comments?post=1050"}],"version-history":[{"count":1,"href":"https:\/\/junobjects.com\/tr\/wp-json\/wp\/v2\/pages\/1050\/revisions"}],"predecessor-version":[{"id":1051,"href":"https:\/\/junobjects.com\/tr\/wp-json\/wp\/v2\/pages\/1050\/revisions\/1051"}],"wp:attachment":[{"href":"https:\/\/junobjects.com\/tr\/wp-json\/wp\/v2\/media?parent=1050"}],"curies":[{"name":"wp","href":"https:\/\/api.w.org\/{rel}","templated":true}]}}